{"id":4974,"date":"2025-05-22T11:43:28","date_gmt":"2025-05-22T03:43:28","guid":{"rendered":"https:\/\/shanghepanel.com\/?post_type=product&#038;p=4974"},"modified":"2025-06-05T14:07:57","modified_gmt":"2025-06-05T06:07:57","slug":"metal-sandwich-panels","status":"publish","type":"product","link":"https:\/\/shanghepanel.com\/pt\/product\/metal-sandwich-panels\/","title":{"rendered":"Pain\u00e9is Sandwich de Metal Excede o Cap\u00edtulo 7 do Ibc"},"content":{"rendered":"<h2 style=\"text-align: center;\"><span style=\"color: #000080;\"><strong>O que Torna o Isolamento T\u00e9rmico T\u00e3o Importante para Pain\u00e9is Sandwich de Metal<\/strong><\/span><\/h2>\n<p><span>O isolamento t\u00e9rmico n\u00e3o \u00e9 apenas um termo sofisticado \u2013 \u00e9 o segredo que torna os pain\u00e9is sandwich de metal uma inova\u00e7\u00e3o para edif\u00edcios modernos. Esses pain\u00e9is funcionam como um termo, retendo o calor no inverno e mantendo-o fora no ver\u00e3o. A m\u00e1gica acontece no material do n\u00facleo (como espuma ou l\u00e3 mineral) comprimido entre duas chapas de metal. Melhor isolamento significa contas de energia mais baixas e uma pegada de carbono menor. Pense nisso como envolver seu edif\u00edcio em um cobertor aconchegante que se paga ao longo do tempo!<\/span><\/p>\n<h2 style=\"text-align: center;\"><span style=\"color: #000080;\"><strong>Por que os Pain\u00e9is de Parede s\u00e3o uma Escolha Principal para Constru\u00e7\u00f5es Modernas?<\/strong><\/span><\/h2>\n<p><span>Pain\u00e9is de parede feitos de materiais sandwich de metal s\u00e3o como blocos de LEGO para adultos \u2013 r\u00e1pidos de instalar, dur\u00e1veis e surpreendentemente vers\u00e1teis. Diferente das paredes tradicionais de tijolos e argamassa, esses pain\u00e9is pr\u00e9-fabricados v\u00eam prontos para serem fixados, reduzindo o tempo de constru\u00e7\u00e3o em semanas. Eles n\u00e3o s\u00e3o apenas para armaz\u00e9ns \u2013 arquitetos adoram us\u00e1-los em escrit\u00f3rios e escolas porque podem imitar madeira, pedra ou at\u00e9 cores personalizadas. B\u00f4nus: Seu design leve coloca menos estresse na funda\u00e7\u00e3o do edif\u00edcio!<\/span><\/p>\n<h3 style=\"text-align: center;\"><span style=\"color: #000080;\"><strong>O n\u00facleo de l\u00e3 \u00e9 Melhor do que Outros Materiais em Pain\u00e9is Sandwich?<\/strong><\/span><\/h3>\n<p><span>N\u00facleos de l\u00e3 mineral s\u00e3o a faca su\u00ed\u00e7a do isolamento \u2013 resistentes ao fogo, absorventes de som e ecol\u00f3gicos. Diferente de n\u00facleos de espuma que podem derreter em calor extremo, a l\u00e3 mant\u00e9m sua estrutura at\u00e9 1.800\u00b0F, tornando-se perfeita para \u00e1reas propensas a inc\u00eandios ou ambientes industriais. Tamb\u00e9m \u00e9 mais densa que a espuma de PU, bloqueando ru\u00eddos de rodovias ou m\u00e1quinas. Embora seja um pouco mais caro inicialmente, a durabilidade da l\u00e3 muitas vezes a torna mais barata ao longo de uma vida \u00fatil de mais de 50 anos do edif\u00edcio.<\/span><\/p>\n<pre><span>.\r\n<\/span><\/pre>\n<table style=\"border-collapse: collapse; width: 1369px; height: 337px;\" border=\"0\" width=\"1354\" cellspacing=\"0\" cellpadding=\"0\">\n<tbody>\n<tr style=\"height: 22.50pt;\">\n<td class=\"et3\" style=\"height: 22.5pt; width: 1015.5pt; text-align: center;\" colspan=\"4\" width=\"1354\" height=\"30\">\n<h3><span style=\"color: #000080;\">Atributos importantes<\/span><\/h3>\n<\/td>\n<\/tr>\n<tr style=\"height: 22.50pt;\">\n<td class=\"et4\" style=\"height: 22.5pt; text-align: center;\" height=\"30\">design<\/td>\n<td class=\"et4\" style=\"text-align: center;\">a era presente<\/td>\n<td class=\"et4\" style=\"text-align: center;\">Servi\u00e7o p\u00f3s-venda<\/td>\n<td class=\"et4\" style=\"text-align: center;\">Suporte T\u00e9cnico Online, Outros<\/td>\n<\/tr>\n<tr style=\"height: 22.50pt;\">\n<td class=\"et5\" style=\"height: 22.5pt; text-align: center;\" height=\"30\">Origem<\/td>\n<td class=\"et5\" style=\"text-align: center;\">Shandong, China<\/td>\n<td class=\"et5\" style=\"text-align: center;\">Cen\u00e1rios de Aplica\u00e7\u00e3o<\/td>\n<td class=\"et5\" style=\"text-align: center;\">Armaz\u00e9m<\/td>\n<\/tr>\n<tr style=\"height: 23.25pt;\">\n<td class=\"et5\" style=\"height: 23.25pt; text-align: center;\" height=\"31\">Marca<\/td>\n<td class=\"et5\" style=\"text-align: center;\">SH<\/td>\n<td class=\"et5\" style=\"text-align: center;\">Servi\u00e7o de Garantia<\/td>\n<td class=\"et6\" style=\"width: 238.5pt; text-align: center;\" width=\"318\">painel sandwich de metal<\/td>\n<\/tr>\n<tr style=\"height: 22.50pt;\">\n<td class=\"et5\" style=\"height: 22.5pt; text-align: center;\" height=\"30\">Material do Painel<\/td>\n<td class=\"et5\" style=\"text-align: center;\">Metal<\/td>\n<td class=\"et5\" style=\"text-align: center;\">Modelos<\/td>\n<td class=\"et5\" style=\"text-align: center;\">SH 150mm PU<\/td>\n<\/tr>\n<tr style=\"height: 23.25pt;\">\n<td class=\"et5\" style=\"height: 23.25pt; text-align: center;\" height=\"31\">Uso<\/td>\n<td class=\"et7\" style=\"width: 256.5pt; text-align: center;\" width=\"342\">Decora\u00e7\u00e3o Exterior<\/td>\n<td class=\"et8\" style=\"width: 195pt; text-align: center;\" width=\"260\">Nome do Produto<\/td>\n<td class=\"et5\" style=\"text-align: center;\">pain\u00e9is sandu\u00edche de metal<\/td>\n<\/tr>\n<tr style=\"height: 23.25pt;\">\n<td class=\"et5\" style=\"height: 23.25pt; text-align: center;\" height=\"31\">Material de Superf\u00edcie<\/td>\n<td class=\"et9\" style=\"width: 256.5pt; text-align: center;\" width=\"342\">Met\u00e1lico<\/td>\n<td class=\"et5\" style=\"text-align: center;\">Pedido M\u00ednimo<\/td>\n<td class=\"et5\" style=\"text-align: center;\">Personaliza\u00e7\u00e3o<\/td>\n<\/tr>\n<tr style=\"height: 22.50pt;\">\n<td class=\"et5\" style=\"height: 22.5pt; text-align: center;\" height=\"30\">Espessura<\/td>\n<td class=\"et5\" style=\"text-align: center;\">16MM\/20MM\/25MM<\/td>\n<td class=\"et5\" style=\"text-align: center;\">Cor<\/td>\n<td class=\"et5\" style=\"text-align: center;\">Vermelho brilhante, carmesim, lim\u00e3o, azul c\u00e9u, aquamarine, verde ervilha ou personalizado<\/td>\n<\/tr>\n<tr style=\"height: 22.50pt;\">\n<td class=\"et10\" style=\"height: 22.5pt; text-align: center;\" height=\"30\">Largura<\/td>\n<td class=\"et2\" style=\"text-align: center;\">50mm, 75mm, 100mm, 120mm, 150mm, 200mm<\/td>\n<td class=\"et2\"><\/td>\n<td class=\"et2\"><\/td>\n<\/tr>\n<\/tbody>\n<\/table>\n<h2 style=\"text-align: center;\"><\/h2>","protected":false},"excerpt":{"rendered":"<table style=\"border-collapse: collapse; width: 470.27pt;\" border=\"0\" width=\"627\" cellspacing=\"0\" cellpadding=\"0\">\n<tbody>\n<tr style=\"height: 22.50pt;\">\n<td class=\"et2\" style=\"height: 22.5pt; width: 238.5pt; text-align: center;\" width=\"318\" height=\"30\">Tipo<\/td>\n<td class=\"et2\" style=\"width: 231.75pt; text-align: center;\" width=\"309\">organosil\u00edcio<\/td>\n<\/tr>\n<tr style=\"height: 22.50pt;\">\n<td class=\"et2\" style=\"height: 22.5pt; text-align: center;\" height=\"30\">Classifica\u00e7\u00e3o de Resist\u00eancia ao Fogo<\/td>\n<td class=\"et2\" style=\"text-align: center;\">Classe A\uff08ASTM E84\uff09<\/td>\n<\/tr>\n<tr style=\"height: 22.50pt;\">\n<td class=\"et2\" style=\"height: 22.5pt; text-align: center;\" height=\"30\">Resist\u00eancia \u00e0 compress\u00e3o<\/td>\n<td class=\"et4\" style=\"text-align: center;\">\u2265300\/kPa<\/td>\n<\/tr>\n<tr style=\"height: 22.50pt;\">\n<td class=\"et2\" style=\"height: 22.5pt; text-align: center;\" height=\"30\">M\u00e9todo de entrega<\/td>\n<td class=\"et2\" style=\"text-align: center;\">mercadoria em estoque<\/td>\n<\/tr>\n<tr style=\"height: 22.50pt;\">\n<td class=\"et5\" style=\"height: 22.5pt; text-align: center;\" colspan=\"2\" height=\"30\">\n<h3><span style=\"color: #ff0000;\">(Clique em mim) para amostras gr\u00e1tis<\/span><\/h3>\n<\/td>\n<\/tr>\n<tr style=\"height: 22.50pt;\">\n<td class=\"et7\" style=\"height: 22.5pt; width: 238.5pt; text-align: center;\" width=\"318\" height=\"30\">Tipo de transporte<\/td>\n<td class=\"et2\" style=\"text-align: center;\">Transporte mar\u00edtimo, rodovi\u00e1rio e a\u00e9reo<\/td>\n<\/tr>\n<\/tbody>\n<\/table>\n<ul>\n<li>Obtenha cota\u00e7\u00f5es instant\u00e2neas online (frete e impostos inclu\u00eddos) \u2013 zero taxas ocultas.<\/li>\n<li>Nossa ferramenta inteligente de IA recomenda automaticamente os melhores materiais para seu projeto.<\/li>\n<li>Layouts com Intelig\u00eancia Artificial \u2013 Fa\u00e7a upload de fotos do armaz\u00e9m, otimize cortes de pain\u00e9is sandwich<\/li>\n<li>Embalagem de Grau Militar \u2013 Pain\u00e9is Sandu\u00edche Danificados = Recria\u00e7\u00e3o Gratuita + Cr\u00e9dito de $500<\/li>\n<li>Pain\u00e9is Sandu\u00edche Aprovados pela EPA \u2013 Qualifique-se para Cr\u00e9ditos Fiscais de Edif\u00edcios Verdes<\/li>\n<\/ul>","protected":false},"featured_media":2323,"comment_status":"open","ping_status":"closed","template":"","meta":[],"product_brand":[],"product_cat":[33],"product_tag":[],"class_list":{"0":"post-4974","1":"product","2":"type-product","3":"status-publish","4":"has-post-thumbnail","6":"product_cat-metal-carved-board","8":"first","9":"instock","10":"shipping-taxable","11":"product-type-simple"},"yoast_head":"<!-- This site is optimized with the Yoast SEO plugin v24.2 - https:\/\/yoast.com\/wordpress\/plugins\/seo\/ -->\n<title>Metal Sandwich Panels Exceeds Ibc Chapter 7 - Shang He Sandwich Panel<\/title>\n<meta name=\"description\" content=\"70% Faster Installation metal sandwich panels It can be suitable for multiple environments and is convenient and efficient in the production process.\" \/>\n<meta name=\"robots\" content=\"index, follow, max-snippet:-1, max-image-preview:large, max-video-preview:-1\" \/>\n<link rel=\"canonical\" href=\"https:\/\/shanghepanel.com\/pt\/product\/metal-sandwich-panels\/\" \/>\n<meta property=\"og:locale\" content=\"pt_BR\" \/>\n<meta property=\"og:type\" content=\"article\" \/>\n<meta property=\"og:title\" content=\"Metal Sandwich Panels Exceeds Ibc Chapter 7 - Shang He Sandwich Panel\" \/>\n<meta property=\"og:description\" content=\"70% Faster Installation metal sandwich panels It can be suitable for multiple environments and is convenient and efficient in the production process.\" \/>\n<meta property=\"og:url\" content=\"https:\/\/shanghepanel.com\/pt\/product\/metal-sandwich-panels\/\" \/>\n<meta property=\"og:site_name\" content=\"Shang He Sandwich Panel\" \/>\n<meta property=\"article:modified_time\" content=\"2025-06-05T06:07:57+00:00\" \/>\n<meta property=\"og:image\" content=\"https:\/\/shanghepanel.com\/wp-content\/uploads\/2024\/07\/B-gc-76.jpg\" \/>\n\t<meta property=\"og:image:width\" content=\"800\" \/>\n\t<meta property=\"og:image:height\" content=\"800\" \/>\n\t<meta property=\"og:image:type\" content=\"image\/jpeg\" \/>\n<meta name=\"twitter:card\" content=\"summary_large_image\" \/>\n<meta name=\"twitter:label1\" content=\"Est. tempo de leitura\" \/>\n\t<meta name=\"twitter:data1\" content=\"2 minutos\" \/>\n<script type=\"application\/ld+json\" class=\"yoast-schema-graph\">{\"@context\":\"https:\/\/schema.org\",\"@graph\":[{\"@type\":\"WebPage\",\"@id\":\"https:\/\/shanghepanel.com\/product\/metal-sandwich-panels\/\",\"url\":\"https:\/\/shanghepanel.com\/product\/metal-sandwich-panels\/\",\"name\":\"Metal Sandwich Panels Exceeds Ibc Chapter 7 - Shang He Sandwich Panel\",\"isPartOf\":{\"@id\":\"https:\/\/shanghepanel.com\/#website\"},\"primaryImageOfPage\":{\"@id\":\"https:\/\/shanghepanel.com\/product\/metal-sandwich-panels\/#primaryimage\"},\"image\":{\"@id\":\"https:\/\/shanghepanel.com\/product\/metal-sandwich-panels\/#primaryimage\"},\"thumbnailUrl\":\"https:\/\/shanghepanel.com\/wp-content\/uploads\/2024\/07\/B-gc-76.jpg\",\"datePublished\":\"2025-05-22T03:43:28+00:00\",\"dateModified\":\"2025-06-05T06:07:57+00:00\",\"description\":\"70% Faster Installation metal sandwich panels It can be suitable for multiple environments and is convenient and efficient in the production process.\",\"breadcrumb\":{\"@id\":\"https:\/\/shanghepanel.com\/product\/metal-sandwich-panels\/#breadcrumb\"},\"inLanguage\":\"pt-BR\",\"potentialAction\":[{\"@type\":\"ReadAction\",\"target\":[\"https:\/\/shanghepanel.com\/product\/metal-sandwich-panels\/\"]}]},{\"@type\":\"ImageObject\",\"inLanguage\":\"pt-BR\",\"@id\":\"https:\/\/shanghepanel.com\/product\/metal-sandwich-panels\/#primaryimage\",\"url\":\"https:\/\/shanghepanel.com\/wp-content\/uploads\/2024\/07\/B-gc-76.jpg\",\"contentUrl\":\"https:\/\/shanghepanel.com\/wp-content\/uploads\/2024\/07\/B-gc-76.jpg\",\"width\":800,\"height\":800},{\"@type\":\"BreadcrumbList\",\"@id\":\"https:\/\/shanghepanel.com\/product\/metal-sandwich-panels\/#breadcrumb\",\"itemListElement\":[{\"@type\":\"ListItem\",\"position\":1,\"name\":\"\u9996\u9875\",\"item\":\"https:\/\/shanghepanel.com\/en\/\"},{\"@type\":\"ListItem\",\"position\":2,\"name\":\"\u4ea7\u54c1\",\"item\":\"https:\/\/shanghepanel.com\/index.php\/shop\/\"},{\"@type\":\"ListItem\",\"position\":3,\"name\":\"Metal Sandwich Panels Exceeds Ibc Chapter 7\"}]},{\"@type\":\"WebSite\",\"@id\":\"https:\/\/shanghepanel.com\/#website\",\"url\":\"https:\/\/shanghepanel.com\/\",\"name\":\"shanghepanel.com\",\"description\":\"\",\"publisher\":{\"@id\":\"https:\/\/shanghepanel.com\/#organization\"},\"potentialAction\":[{\"@type\":\"SearchAction\",\"target\":{\"@type\":\"EntryPoint\",\"urlTemplate\":\"https:\/\/shanghepanel.com\/?s={search_term_string}\"},\"query-input\":{\"@type\":\"PropertyValueSpecification\",\"valueRequired\":true,\"valueName\":\"search_term_string\"}}],\"inLanguage\":\"pt-BR\"},{\"@type\":\"Organization\",\"@id\":\"https:\/\/shanghepanel.com\/#organization\",\"name\":\"Shandong ShangHe New Construction Engineering Co., ltd.\",\"url\":\"https:\/\/shanghepanel.com\/\",\"logo\":{\"@type\":\"ImageObject\",\"inLanguage\":\"pt-BR\",\"@id\":\"https:\/\/shanghepanel.com\/#\/schema\/logo\/image\/\",\"url\":\"https:\/\/shanghepanel.com\/wp-content\/uploads\/2024\/03\/logo-1.png\",\"contentUrl\":\"https:\/\/shanghepanel.com\/wp-content\/uploads\/2024\/03\/logo-1.png\",\"width\":800,\"height\":800,\"caption\":\"Shandong ShangHe New Construction Engineering Co., ltd.\"},\"image\":{\"@id\":\"https:\/\/shanghepanel.com\/#\/schema\/logo\/image\/\"}}]}<\/script>\n<!-- \/ Yoast SEO plugin. -->","yoast_head_json":{"title":"Pain\u00e9is Sandwich de Metal Excede o Cap\u00edtulo 7 do Ibc - Shang He Painel Sandwich","description":"Pain\u00e9is Sandwich de Metal de Instala\u00e7\u00e3o R\u00e1pida 70% Pode ser adequado para m\u00faltiplos ambientes e \u00e9 conveniente e eficiente no processo de produ\u00e7\u00e3o.","robots":{"index":"index","follow":"follow","max-snippet":"max-snippet:-1","max-image-preview":"max-image-preview:large","max-video-preview":"max-video-preview:-1"},"canonical":"https:\/\/shanghepanel.com\/pt\/product\/metal-sandwich-panels\/","og_locale":"pt_BR","og_type":"article","og_title":"Metal Sandwich Panels Exceeds Ibc Chapter 7 - Shang He Sandwich Panel","og_description":"70% Faster Installation metal sandwich panels It can be suitable for multiple environments and is convenient and efficient in the production process.","og_url":"https:\/\/shanghepanel.com\/pt\/product\/metal-sandwich-panels\/","og_site_name":"Shang He Sandwich Panel","article_modified_time":"2025-06-05T06:07:57+00:00","og_image":[{"width":800,"height":800,"url":"https:\/\/shanghepanel.com\/wp-content\/uploads\/2024\/07\/B-gc-76.jpg","type":"image\/jpeg"}],"twitter_card":"summary_large_image","twitter_misc":{"Est. tempo de leitura":"2 minutos"},"schema":{"@context":"https:\/\/schema.org","@graph":[{"@type":"WebPage","@id":"https:\/\/shanghepanel.com\/product\/metal-sandwich-panels\/","url":"https:\/\/shanghepanel.com\/product\/metal-sandwich-panels\/","name":"Pain\u00e9is Sandwich de Metal Excede o Cap\u00edtulo 7 do Ibc - Shang He Painel Sandwich","isPartOf":{"@id":"https:\/\/shanghepanel.com\/#website"},"primaryImageOfPage":{"@id":"https:\/\/shanghepanel.com\/product\/metal-sandwich-panels\/#primaryimage"},"image":{"@id":"https:\/\/shanghepanel.com\/product\/metal-sandwich-panels\/#primaryimage"},"thumbnailUrl":"https:\/\/shanghepanel.com\/wp-content\/uploads\/2024\/07\/B-gc-76.jpg","datePublished":"2025-05-22T03:43:28+00:00","dateModified":"2025-06-05T06:07:57+00:00","description":"Pain\u00e9is Sandwich de Metal de Instala\u00e7\u00e3o R\u00e1pida 70% Pode ser adequado para m\u00faltiplos ambientes e \u00e9 conveniente e eficiente no processo de produ\u00e7\u00e3o.","breadcrumb":{"@id":"https:\/\/shanghepanel.com\/product\/metal-sandwich-panels\/#breadcrumb"},"inLanguage":"pt-BR","potentialAction":[{"@type":"ReadAction","target":["https:\/\/shanghepanel.com\/product\/metal-sandwich-panels\/"]}]},{"@type":"ImageObject","inLanguage":"pt-BR","@id":"https:\/\/shanghepanel.com\/product\/metal-sandwich-panels\/#primaryimage","url":"https:\/\/shanghepanel.com\/wp-content\/uploads\/2024\/07\/B-gc-76.jpg","contentUrl":"https:\/\/shanghepanel.com\/wp-content\/uploads\/2024\/07\/B-gc-76.jpg","width":800,"height":800},{"@type":"BreadcrumbList","@id":"https:\/\/shanghepanel.com\/product\/metal-sandwich-panels\/#breadcrumb","itemListElement":[{"@type":"ListItem","position":1,"name":"\u9996\u9875","item":"https:\/\/shanghepanel.com\/en\/"},{"@type":"ListItem","position":2,"name":"\u4ea7\u54c1","item":"https:\/\/shanghepanel.com\/index.php\/shop\/"},{"@type":"ListItem","position":3,"name":"Metal Sandwich Panels Exceeds Ibc Chapter 7"}]},{"@type":"WebSite","@id":"https:\/\/shanghepanel.com\/#website","url":"https:\/\/shanghepanel.com\/","name":"shanghepanel.com","description":"","publisher":{"@id":"https:\/\/shanghepanel.com\/#organization"},"potentialAction":[{"@type":"SearchAction","target":{"@type":"EntryPoint","urlTemplate":"https:\/\/shanghepanel.com\/?s={search_term_string}"},"query-input":{"@type":"PropertyValueSpecification","valueRequired":true,"valueName":"search_term_string"}}],"inLanguage":"pt-BR"},{"@type":"Organization","@id":"https:\/\/shanghepanel.com\/#organization","name":"Shandong ShangHe Engenharia de Constru\u00e7\u00e3o Nova Ltda.","url":"https:\/\/shanghepanel.com\/","logo":{"@type":"ImageObject","inLanguage":"pt-BR","@id":"https:\/\/shanghepanel.com\/#\/schema\/logo\/image\/","url":"https:\/\/shanghepanel.com\/wp-content\/uploads\/2024\/03\/logo-1.png","contentUrl":"https:\/\/shanghepanel.com\/wp-content\/uploads\/2024\/03\/logo-1.png","width":800,"height":800,"caption":"Shandong ShangHe New Construction Engineering Co., ltd."},"image":{"@id":"https:\/\/shanghepanel.com\/#\/schema\/logo\/image\/"}}]}},"_links":{"self":[{"href":"https:\/\/shanghepanel.com\/pt\/wp-json\/wp\/v2\/product\/4974","targetHints":{"allow":["GET"]}}],"collection":[{"href":"https:\/\/shanghepanel.com\/pt\/wp-json\/wp\/v2\/product"}],"about":[{"href":"https:\/\/shanghepanel.com\/pt\/wp-json\/wp\/v2\/types\/product"}],"replies":[{"embeddable":true,"href":"https:\/\/shanghepanel.com\/pt\/wp-json\/wp\/v2\/comments?post=4974"}],"version-history":[{"count":0,"href":"https:\/\/shanghepanel.com\/pt\/wp-json\/wp\/v2\/product\/4974\/revisions"}],"wp:featuredmedia":[{"embeddable":true,"href":"https:\/\/shanghepanel.com\/pt\/wp-json\/wp\/v2\/media\/2323"}],"wp:attachment":[{"href":"https:\/\/shanghepanel.com\/pt\/wp-json\/wp\/v2\/media?parent=4974"}],"wp:term":[{"taxonomy":"product_brand","embeddable":true,"href":"https:\/\/shanghepanel.com\/pt\/wp-json\/wp\/v2\/product_brand?post=4974"},{"taxonomy":"product_cat","embeddable":true,"href":"https:\/\/shanghepanel.com\/pt\/wp-json\/wp\/v2\/product_cat?post=4974"},{"taxonomy":"product_tag","embeddable":true,"href":"https:\/\/shanghepanel.com\/pt\/wp-json\/wp\/v2\/product_tag?post=4974"}],"curies":[{"name":"wp","href":"https:\/\/api.w.org\/{rel}","templated":true}]}}