{"id":4984,"date":"2025-05-22T14:48:29","date_gmt":"2025-05-22T06:48:29","guid":{"rendered":"https:\/\/shanghepanel.com\/?post_type=product&#038;p=4984"},"modified":"2025-06-05T14:07:27","modified_gmt":"2025-06-05T06:07:27","slug":"metal-roof-sandwich-panels","status":"publish","type":"product","link":"https:\/\/shanghepanel.com\/pt\/product\/metal-roof-sandwich-panels\/","title":{"rendered":"Pain\u00e9is Sandu\u00edche de Telhado Met\u00e1lico 1 Trabalhador, 500 m\u00b2\/Dia"},"content":{"rendered":"<h2 style=\"text-align: center;\"><span style=\"color: #000080;\"><strong>Quais s\u00e3o os pain\u00e9is sandu\u00edche de telhado met\u00e1lico? E como funcionam os pain\u00e9is sandu\u00edche isolados?<\/strong><\/span><\/h2>\n<p class=\"ds-markdown-paragraph\"><span>Sistemas de cobertura s\u00e3o estruturas completas que protegem edif\u00edcios contra as condi\u00e7\u00f5es clim\u00e1ticas, regulam a temperatura e aumentam a durabilidade. Mas como os pain\u00e9is sandu\u00edche isolados desempenham um papel aqui? Esses pain\u00e9is s\u00e3o um componente fundamental em sistemas de cobertura modernos porque combinam isolamento e resist\u00eancia estrutural em um produto leve e de f\u00e1cil instala\u00e7\u00e3o. Diferente dos materiais tradicionais de cobertura que requerem camadas separadas para isolamento e impermeabiliza\u00e7\u00e3o, os pain\u00e9is sandu\u00edche integram tudo em uma \u00fanica unidade. Isso economiza tempo na instala\u00e7\u00e3o e reduz custos de manuten\u00e7\u00e3o a longo prazo. Por exemplo, em armaz\u00e9ns ou edif\u00edcios industriais, os pain\u00e9is sandu\u00edche isolados proporcionam uma cobertura cont\u00ednua que evita perda de calor e resiste a ventos fortes ou cargas de neve. Se voc\u00ea busca um sistema de cobertura eficiente, dur\u00e1vel e econ\u00f4mico, esses pain\u00e9is s\u00e3o uma inova\u00e7\u00e3o.<\/span><\/p>\n<h3 style=\"text-align: center;\"><span style=\"color: #000080;\"><strong>Por que os pain\u00e9is sandu\u00edche de metal isolados S\u00c3O MELHORES do que telhados comuns?<\/strong><\/span><\/h3>\n<p class=\"ds-markdown-paragraph\">Vamos ser sinceros\u2014telhados tradicionais como telhas de asfalto ou de concreto s\u00e3o<span>\u00a0<\/span><em>t\u00e3o do s\u00e9culo passado<\/em>. Pain\u00e9is sandu\u00edche de metal isolados? S\u00e3o como o Tesla do telhado. Veja por qu\u00ea: a superf\u00edcie de metal resiste \u00e0 ferrugem, inc\u00eandios e at\u00e9 ventos de furac\u00e3o. A espuma interna? \u00c9 como envolver seu edif\u00edcio em um cobertor aconchegante\u2014n\u00e3o mais suar no ver\u00e3o ou congelar no inverno. Al\u00e9m disso, os instaladores adoram esses pain\u00e9is porque v\u00eam pr\u00e9-cortados e prontos para parafusar, economizando dias de trabalho. Imagine a se\u00e7\u00e3o de freezers de um supermercado: esses pain\u00e9is mant\u00eam o frio preso sem gastar muita energia. Ah, e eles t\u00eam uma apar\u00eancia moderna o suficiente para um escrit\u00f3rio contempor\u00e2neo ou um espa\u00e7o de varejo descolado. N\u00e3o \u00e9 \u00e0 toa que os empreiteiros est\u00e3o abandonando os m\u00e9todos antigos!<\/p>\n<hr \/>\n<p class=\"ds-markdown-paragraph\">\n<table style=\"border-collapse: collapse; width: 1369px; height: 337px;\" border=\"0\" width=\"1354\" cellspacing=\"0\" cellpadding=\"0\">\n<tbody>\n<tr style=\"height: 22.50pt;\">\n<td class=\"et3\" style=\"height: 22.5pt; width: 1015.5pt; text-align: center;\" colspan=\"4\" width=\"1354\" height=\"30\">\n<h3><span style=\"color: #000080;\">Atributos importantes<\/span><\/h3>\n<\/td>\n<\/tr>\n<tr style=\"height: 22.50pt;\">\n<td class=\"et4\" style=\"height: 22.5pt; text-align: center;\" height=\"30\">design<\/td>\n<td class=\"et4\" style=\"text-align: center;\">a era presente<\/td>\n<td class=\"et4\" style=\"text-align: center;\">Servi\u00e7o p\u00f3s-venda<\/td>\n<td class=\"et4\" style=\"text-align: center;\">Suporte T\u00e9cnico Online, Outros<\/td>\n<\/tr>\n<tr style=\"height: 22.50pt;\">\n<td class=\"et5\" style=\"height: 22.5pt; text-align: center;\" height=\"30\">Origem<\/td>\n<td class=\"et5\" style=\"text-align: center;\">Shandong, China<\/td>\n<td class=\"et5\" style=\"text-align: center;\">Cen\u00e1rios de Aplica\u00e7\u00e3o<\/td>\n<td class=\"et5\" style=\"text-align: center;\">Armaz\u00e9m<\/td>\n<\/tr>\n<tr style=\"height: 23.25pt;\">\n<td class=\"et5\" style=\"height: 23.25pt; text-align: center;\" height=\"31\">Marca<\/td>\n<td class=\"et5\" style=\"text-align: center;\">SH<\/td>\n<td class=\"et5\" style=\"text-align: center;\">Servi\u00e7o de Garantia<\/td>\n<td class=\"et6\" style=\"width: 238.5pt; text-align: center;\" width=\"318\">painel sandwich de metal<\/td>\n<\/tr>\n<tr style=\"height: 22.50pt;\">\n<td class=\"et5\" style=\"height: 22.5pt; text-align: center;\" height=\"30\">Material do Painel<\/td>\n<td class=\"et5\" style=\"text-align: center;\">Metal<\/td>\n<td class=\"et5\" style=\"text-align: center;\">Modelos<\/td>\n<td class=\"et5\" style=\"text-align: center;\">SH 150mm PU<\/td>\n<\/tr>\n<tr style=\"height: 23.25pt;\">\n<td class=\"et5\" style=\"height: 23.25pt; text-align: center;\" height=\"31\">Uso<\/td>\n<td class=\"et7\" style=\"width: 256.5pt; text-align: center;\" width=\"342\">Decora\u00e7\u00e3o Exterior<\/td>\n<td class=\"et8\" style=\"width: 195pt; text-align: center;\" width=\"260\">Nome do Produto<\/td>\n<td class=\"et5\" style=\"text-align: center;\"><a href=\"https:\/\/shanghepanel.com\/product\/metal-sandwich-panel\/\">pain\u00e9is sandwich de telhado de metal<\/a><\/td>\n<\/tr>\n<tr style=\"height: 23.25pt;\">\n<td class=\"et5\" style=\"height: 23.25pt; text-align: center;\" height=\"31\">Material de Superf\u00edcie<\/td>\n<td class=\"et9\" style=\"width: 256.5pt; text-align: center;\" width=\"342\">Met\u00e1lico<\/td>\n<td class=\"et5\" style=\"text-align: center;\">Pedido M\u00ednimo<\/td>\n<td class=\"et5\" style=\"text-align: center;\">Personaliza\u00e7\u00e3o<\/td>\n<\/tr>\n<tr style=\"height: 22.50pt;\">\n<td class=\"et5\" style=\"height: 22.5pt; text-align: center;\" height=\"30\">Espessura<\/td>\n<td class=\"et5\" style=\"text-align: center;\">16MM\/20MM\/25MM<\/td>\n<td class=\"et5\" style=\"text-align: center;\">Cor<\/td>\n<td class=\"et5\" style=\"text-align: center;\">Vermelho brilhante, carmesim, lim\u00e3o, azul c\u00e9u, aquamarine, verde ervilha ou personalizado<\/td>\n<\/tr>\n<tr style=\"height: 22.50pt;\">\n<td class=\"et10\" style=\"height: 22.5pt; text-align: center;\" height=\"30\">Largura<\/td>\n<td class=\"et2\" style=\"text-align: center;\">100mm,120mm,150mm,200mm<\/td>\n<td class=\"et2\"><\/td>\n<td class=\"et2\"><\/td>\n<\/tr>\n<\/tbody>\n<\/table>\n<h3 style=\"text-align: center;\"><span style=\"color: #000080;\"><strong>Espere\u2014Voc\u00ea Pode Usar Pain\u00e9is Isolados DENTRO de um Edif\u00edcio Tamb\u00e9m?<\/strong><\/span><\/h3>\n<p class=\"ds-markdown-paragraph\">Surpresa! Esses pain\u00e9is n\u00e3o s\u00e3o apenas para telhados ou paredes externas. Precisa dividir um armaz\u00e9m em escrit\u00f3rios? Quer criar salas ac\u00fasticas em um restaurante movimentado? Os pain\u00e9is isolados s\u00e3o sua arma secreta. Para exteriores, eles s\u00e3o a prote\u00e7\u00e3o definitiva contra calor, frio e polui\u00e7\u00e3o sonora. Mas ao entrar, eles s\u00e3o perfeitos para criar salas limpas (como laborat\u00f3rios ou hospitais) ou at\u00e9 paredes de destaque elegantes. Vamos supor que voc\u00ea esteja projetando uma cervejaria: use pain\u00e9is do lado de fora para bloquear o barulho da rua e por dentro para separar os tanques de fermenta\u00e7\u00e3o da \u00e1rea de degusta\u00e7\u00e3o. O n\u00facleo de espuma mant\u00e9m as temperaturas est\u00e1veis, e a superf\u00edcie lisa facilita a limpeza. Uma verdadeira solu\u00e7\u00e3o multifuncional!<\/p>\n<hr \/>\n<h3 style=\"text-align: center;\"><span style=\"color: #000080;\"><strong>Os Pain\u00e9is Isolados REALMENTE Economizam Energia? Vamos Fazer as Contas.<\/strong><\/span><\/h3>\n<p class=\"ds-markdown-paragraph\">As contas de energia est\u00e3o te deixando preocupado? Aqui est\u00e1 a verdade: os pain\u00e9is isolados s\u00e3o como um truque para economizar dinheiro. O n\u00facleo de espuma reduz a transfer\u00eancia de calor\u2014assim seu ar-condicionado n\u00e3o precisa lutar contra o calor de 40\u00b0C o ver\u00e3o todo, e o aquecedor n\u00e3o enfrenta o frio do inverno. Por exemplo, um armaz\u00e9m usando esses pain\u00e9is pode reduzir seus custos de HVAC em at\u00e9 40%, porque o edif\u00edcio permanece mais fresco durante o dia e mais quente \u00e0 noite. E como os pain\u00e9is se encaixam como pe\u00e7as de quebra-cabe\u00e7a, n\u00e3o h\u00e1 vazamentos de ar escondidos. Ao longo de 10 anos, isso soma milhares de reais economizados. B\u00f4nus: muitos pain\u00e9is qualificam-se para certifica\u00e7\u00f5es de constru\u00e7\u00e3o sustent\u00e1vel, o que pode garantir benef\u00edcios fiscais. Se voc\u00ea gosta de economizar dinheiro<span>\u00a0<\/span><em>e<\/em><span>\u00a0<\/span>e cuidar do planeta, isso \u00e9 uma escolha \u00f3bvia.<\/p>\n<p style=\"text-align: center;\">","protected":false},"excerpt":{"rendered":"<table style=\"border-collapse: collapse; width: 470.27pt;\" border=\"0\" width=\"627\" cellspacing=\"0\" cellpadding=\"0\">\n<tbody>\n<tr style=\"height: 22.50pt;\">\n<td class=\"et2\" style=\"height: 22.5pt; width: 238.5pt; text-align: center;\" width=\"318\" height=\"30\">Tipo<\/td>\n<td class=\"et2\" style=\"width: 231.75pt; text-align: center;\" width=\"309\">organosil\u00edcio<\/td>\n<\/tr>\n<tr style=\"height: 22.50pt;\">\n<td class=\"et2\" style=\"height: 22.5pt; text-align: center;\" height=\"30\">Classifica\u00e7\u00e3o de Resist\u00eancia ao Fogo<\/td>\n<td class=\"et2\" style=\"text-align: center;\">Classe A\uff08ASTM E84\uff09<\/td>\n<\/tr>\n<tr style=\"height: 22.50pt;\">\n<td class=\"et2\" style=\"height: 22.5pt; text-align: center;\" height=\"30\">Resist\u00eancia \u00e0 compress\u00e3o<\/td>\n<td class=\"et4\" style=\"text-align: center;\">\u2265300\/kPa<\/td>\n<\/tr>\n<tr style=\"height: 22.50pt;\">\n<td class=\"et2\" style=\"height: 22.5pt; text-align: center;\" height=\"30\">M\u00e9todo de entrega<\/td>\n<td class=\"et2\" style=\"text-align: center;\">mercadoria em estoque<\/td>\n<\/tr>\n<tr style=\"height: 22.50pt;\">\n<td class=\"et5\" style=\"height: 22.5pt; text-align: center;\" colspan=\"2\" height=\"30\">\n<h3><span style=\"color: #ff0000;\">(Clique em mim) para amostras gr\u00e1tis<\/span><\/h3>\n<\/td>\n<\/tr>\n<tr style=\"height: 22.50pt;\">\n<td class=\"et7\" style=\"height: 22.5pt; width: 238.5pt; text-align: center;\" width=\"318\" height=\"30\">Tipo de transporte<\/td>\n<td class=\"et2\" style=\"text-align: center;\">Transporte mar\u00edtimo, rodovi\u00e1rio e a\u00e9reo<\/td>\n<\/tr>\n<\/tbody>\n<\/table>\n<ul>\n<li>Pain\u00e9is Sandu\u00edche de encaixe r\u00e1pido \u2013 Instale 1000m\u00b2 em 3 horas (Assista Nosso C\u00e3o Fazer Isso!)<\/li>\n<li>Pain\u00e9is Sandu\u00edche \u00e0 prova de fogo UL \u2013 Baixe v\u00eddeos de teste e certificados Instantaneamente<\/li>\n<li>Promessa de 20 Anos sem Ferrugem \u2013 N\u00f3s Pagamos $1000 se Seus Pain\u00e9is Sandwich de Metal Corroerem<\/li>\n<li>Qualquer Forma Poss\u00edvel! Pain\u00e9is Sandu\u00edche Curvos\/Circulares \u2013 Envie o Esbo\u00e7o, Receba Design 3D<\/li>\n<li>Layouts com Intelig\u00eancia Artificial \u2013 Fa\u00e7a upload de fotos do armaz\u00e9m, otimize cortes de pain\u00e9is sandwich<\/li>\n<li>Embalagem de Grau Militar \u2013 Pain\u00e9is Sandu\u00edche Danificados = Recria\u00e7\u00e3o Gratuita + Cr\u00e9dito de $500<\/li>\n<\/ul>","protected":false},"featured_media":3788,"comment_status":"open","ping_status":"closed","template":"","meta":[],"product_brand":[],"product_cat":[33],"product_tag":[],"class_list":{"0":"post-4984","1":"product","2":"type-product","3":"status-publish","4":"has-post-thumbnail","6":"product_cat-metal-carved-board","8":"first","9":"instock","10":"shipping-taxable","11":"product-type-simple"},"yoast_head":"<!-- This site is optimized with the Yoast SEO plugin v24.2 - https:\/\/yoast.com\/wordpress\/plugins\/seo\/ -->\n<title>Metal Roof Sandwich Panels 1 Worker, 500 Sqft\/Day - Shang He Sandwich Panel<\/title>\n<meta name=\"description\" content=\"metal roof sandwich panels 80% Faster Installation Easy to install, modular design, very simple when installing, to meet your different needs\" \/>\n<meta name=\"robots\" content=\"index, follow, max-snippet:-1, max-image-preview:large, max-video-preview:-1\" \/>\n<link rel=\"canonical\" href=\"https:\/\/shanghepanel.com\/pt\/product\/metal-roof-sandwich-panels\/\" \/>\n<meta property=\"og:locale\" content=\"pt_BR\" \/>\n<meta property=\"og:type\" content=\"article\" \/>\n<meta property=\"og:title\" content=\"Metal Roof Sandwich Panels 1 Worker, 500 Sqft\/Day - Shang He Sandwich Panel\" \/>\n<meta property=\"og:description\" content=\"metal roof sandwich panels 80% Faster Installation Easy to install, modular design, very simple when installing, to meet your different needs\" \/>\n<meta property=\"og:url\" content=\"https:\/\/shanghepanel.com\/pt\/product\/metal-roof-sandwich-panels\/\" \/>\n<meta property=\"og:site_name\" content=\"Shang He Sandwich Panel\" \/>\n<meta property=\"article:modified_time\" content=\"2025-06-05T06:07:27+00:00\" \/>\n<meta property=\"og:image\" content=\"https:\/\/shanghepanel.com\/wp-content\/uploads\/2024\/07\/B-zt-17.jpg\" \/>\n\t<meta property=\"og:image:width\" content=\"800\" \/>\n\t<meta property=\"og:image:height\" content=\"800\" \/>\n\t<meta property=\"og:image:type\" content=\"image\/jpeg\" \/>\n<meta name=\"twitter:card\" content=\"summary_large_image\" \/>\n<meta name=\"twitter:label1\" content=\"Est. tempo de leitura\" \/>\n\t<meta name=\"twitter:data1\" content=\"3 minutos\" \/>\n<script type=\"application\/ld+json\" class=\"yoast-schema-graph\">{\"@context\":\"https:\/\/schema.org\",\"@graph\":[{\"@type\":\"WebPage\",\"@id\":\"https:\/\/shanghepanel.com\/product\/metal-roof-sandwich-panels\/\",\"url\":\"https:\/\/shanghepanel.com\/product\/metal-roof-sandwich-panels\/\",\"name\":\"Metal Roof Sandwich Panels 1 Worker, 500 Sqft\/Day - Shang He Sandwich Panel\",\"isPartOf\":{\"@id\":\"https:\/\/shanghepanel.com\/#website\"},\"primaryImageOfPage\":{\"@id\":\"https:\/\/shanghepanel.com\/product\/metal-roof-sandwich-panels\/#primaryimage\"},\"image\":{\"@id\":\"https:\/\/shanghepanel.com\/product\/metal-roof-sandwich-panels\/#primaryimage\"},\"thumbnailUrl\":\"https:\/\/shanghepanel.com\/wp-content\/uploads\/2024\/07\/B-zt-17.jpg\",\"datePublished\":\"2025-05-22T06:48:29+00:00\",\"dateModified\":\"2025-06-05T06:07:27+00:00\",\"description\":\"metal roof sandwich panels 80% Faster Installation Easy to install, modular design, very simple when installing, to meet your different needs\",\"breadcrumb\":{\"@id\":\"https:\/\/shanghepanel.com\/product\/metal-roof-sandwich-panels\/#breadcrumb\"},\"inLanguage\":\"pt-BR\",\"potentialAction\":[{\"@type\":\"ReadAction\",\"target\":[\"https:\/\/shanghepanel.com\/product\/metal-roof-sandwich-panels\/\"]}]},{\"@type\":\"ImageObject\",\"inLanguage\":\"pt-BR\",\"@id\":\"https:\/\/shanghepanel.com\/product\/metal-roof-sandwich-panels\/#primaryimage\",\"url\":\"https:\/\/shanghepanel.com\/wp-content\/uploads\/2024\/07\/B-zt-17.jpg\",\"contentUrl\":\"https:\/\/shanghepanel.com\/wp-content\/uploads\/2024\/07\/B-zt-17.jpg\",\"width\":800,\"height\":800},{\"@type\":\"BreadcrumbList\",\"@id\":\"https:\/\/shanghepanel.com\/product\/metal-roof-sandwich-panels\/#breadcrumb\",\"itemListElement\":[{\"@type\":\"ListItem\",\"position\":1,\"name\":\"\u9996\u9875\",\"item\":\"https:\/\/shanghepanel.com\/en\/\"},{\"@type\":\"ListItem\",\"position\":2,\"name\":\"\u4ea7\u54c1\",\"item\":\"https:\/\/shanghepanel.com\/index.php\/shop\/\"},{\"@type\":\"ListItem\",\"position\":3,\"name\":\"Metal Roof Sandwich Panels 1 Worker, 500 Sqft\/Day\"}]},{\"@type\":\"WebSite\",\"@id\":\"https:\/\/shanghepanel.com\/#website\",\"url\":\"https:\/\/shanghepanel.com\/\",\"name\":\"shanghepanel.com\",\"description\":\"\",\"publisher\":{\"@id\":\"https:\/\/shanghepanel.com\/#organization\"},\"potentialAction\":[{\"@type\":\"SearchAction\",\"target\":{\"@type\":\"EntryPoint\",\"urlTemplate\":\"https:\/\/shanghepanel.com\/?s={search_term_string}\"},\"query-input\":{\"@type\":\"PropertyValueSpecification\",\"valueRequired\":true,\"valueName\":\"search_term_string\"}}],\"inLanguage\":\"pt-BR\"},{\"@type\":\"Organization\",\"@id\":\"https:\/\/shanghepanel.com\/#organization\",\"name\":\"Shandong ShangHe New Construction Engineering Co., ltd.\",\"url\":\"https:\/\/shanghepanel.com\/\",\"logo\":{\"@type\":\"ImageObject\",\"inLanguage\":\"pt-BR\",\"@id\":\"https:\/\/shanghepanel.com\/#\/schema\/logo\/image\/\",\"url\":\"https:\/\/shanghepanel.com\/wp-content\/uploads\/2024\/03\/logo-1.png\",\"contentUrl\":\"https:\/\/shanghepanel.com\/wp-content\/uploads\/2024\/03\/logo-1.png\",\"width\":800,\"height\":800,\"caption\":\"Shandong ShangHe New Construction Engineering Co., ltd.\"},\"image\":{\"@id\":\"https:\/\/shanghepanel.com\/#\/schema\/logo\/image\/\"}}]}<\/script>\n<!-- \/ Yoast SEO plugin. -->","yoast_head_json":{"title":"Pain\u00e9is Sandu\u00edche de Telhado Met\u00e1lico 1 Trabalhador, 500 m\u00b2\/Dia - Shang He Painel Sandu\u00edche","description":"pain\u00e9is sandu\u00edche de telhado met\u00e1lico 80% Instala\u00e7\u00e3o mais r\u00e1pida F\u00e1cil de instalar, design modular, muito simples na instala\u00e7\u00e3o, para atender \u00e0s suas diferentes necessidades","robots":{"index":"index","follow":"follow","max-snippet":"max-snippet:-1","max-image-preview":"max-image-preview:large","max-video-preview":"max-video-preview:-1"},"canonical":"https:\/\/shanghepanel.com\/pt\/product\/metal-roof-sandwich-panels\/","og_locale":"pt_BR","og_type":"article","og_title":"Metal Roof Sandwich Panels 1 Worker, 500 Sqft\/Day - Shang He Sandwich Panel","og_description":"metal roof sandwich panels 80% Faster Installation Easy to install, modular design, very simple when installing, to meet your different needs","og_url":"https:\/\/shanghepanel.com\/pt\/product\/metal-roof-sandwich-panels\/","og_site_name":"Shang He Sandwich Panel","article_modified_time":"2025-06-05T06:07:27+00:00","og_image":[{"width":800,"height":800,"url":"https:\/\/shanghepanel.com\/wp-content\/uploads\/2024\/07\/B-zt-17.jpg","type":"image\/jpeg"}],"twitter_card":"summary_large_image","twitter_misc":{"Est. tempo de leitura":"3 minutos"},"schema":{"@context":"https:\/\/schema.org","@graph":[{"@type":"WebPage","@id":"https:\/\/shanghepanel.com\/product\/metal-roof-sandwich-panels\/","url":"https:\/\/shanghepanel.com\/product\/metal-roof-sandwich-panels\/","name":"Pain\u00e9is Sandu\u00edche de Telhado Met\u00e1lico 1 Trabalhador, 500 m\u00b2\/Dia - Shang He Painel Sandu\u00edche","isPartOf":{"@id":"https:\/\/shanghepanel.com\/#website"},"primaryImageOfPage":{"@id":"https:\/\/shanghepanel.com\/product\/metal-roof-sandwich-panels\/#primaryimage"},"image":{"@id":"https:\/\/shanghepanel.com\/product\/metal-roof-sandwich-panels\/#primaryimage"},"thumbnailUrl":"https:\/\/shanghepanel.com\/wp-content\/uploads\/2024\/07\/B-zt-17.jpg","datePublished":"2025-05-22T06:48:29+00:00","dateModified":"2025-06-05T06:07:27+00:00","description":"pain\u00e9is sandu\u00edche de telhado met\u00e1lico 80% Instala\u00e7\u00e3o mais r\u00e1pida F\u00e1cil de instalar, design modular, muito simples na instala\u00e7\u00e3o, para atender \u00e0s suas diferentes necessidades","breadcrumb":{"@id":"https:\/\/shanghepanel.com\/product\/metal-roof-sandwich-panels\/#breadcrumb"},"inLanguage":"pt-BR","potentialAction":[{"@type":"ReadAction","target":["https:\/\/shanghepanel.com\/product\/metal-roof-sandwich-panels\/"]}]},{"@type":"ImageObject","inLanguage":"pt-BR","@id":"https:\/\/shanghepanel.com\/product\/metal-roof-sandwich-panels\/#primaryimage","url":"https:\/\/shanghepanel.com\/wp-content\/uploads\/2024\/07\/B-zt-17.jpg","contentUrl":"https:\/\/shanghepanel.com\/wp-content\/uploads\/2024\/07\/B-zt-17.jpg","width":800,"height":800},{"@type":"BreadcrumbList","@id":"https:\/\/shanghepanel.com\/product\/metal-roof-sandwich-panels\/#breadcrumb","itemListElement":[{"@type":"ListItem","position":1,"name":"\u9996\u9875","item":"https:\/\/shanghepanel.com\/en\/"},{"@type":"ListItem","position":2,"name":"\u4ea7\u54c1","item":"https:\/\/shanghepanel.com\/index.php\/shop\/"},{"@type":"ListItem","position":3,"name":"Metal Roof Sandwich Panels 1 Worker, 500 Sqft\/Day"}]},{"@type":"WebSite","@id":"https:\/\/shanghepanel.com\/#website","url":"https:\/\/shanghepanel.com\/","name":"shanghepanel.com","description":"","publisher":{"@id":"https:\/\/shanghepanel.com\/#organization"},"potentialAction":[{"@type":"SearchAction","target":{"@type":"EntryPoint","urlTemplate":"https:\/\/shanghepanel.com\/?s={search_term_string}"},"query-input":{"@type":"PropertyValueSpecification","valueRequired":true,"valueName":"search_term_string"}}],"inLanguage":"pt-BR"},{"@type":"Organization","@id":"https:\/\/shanghepanel.com\/#organization","name":"Shandong ShangHe Engenharia de Constru\u00e7\u00e3o Nova Ltda.","url":"https:\/\/shanghepanel.com\/","logo":{"@type":"ImageObject","inLanguage":"pt-BR","@id":"https:\/\/shanghepanel.com\/#\/schema\/logo\/image\/","url":"https:\/\/shanghepanel.com\/wp-content\/uploads\/2024\/03\/logo-1.png","contentUrl":"https:\/\/shanghepanel.com\/wp-content\/uploads\/2024\/03\/logo-1.png","width":800,"height":800,"caption":"Shandong ShangHe New Construction Engineering Co., ltd."},"image":{"@id":"https:\/\/shanghepanel.com\/#\/schema\/logo\/image\/"}}]}},"_links":{"self":[{"href":"https:\/\/shanghepanel.com\/pt\/wp-json\/wp\/v2\/product\/4984","targetHints":{"allow":["GET"]}}],"collection":[{"href":"https:\/\/shanghepanel.com\/pt\/wp-json\/wp\/v2\/product"}],"about":[{"href":"https:\/\/shanghepanel.com\/pt\/wp-json\/wp\/v2\/types\/product"}],"replies":[{"embeddable":true,"href":"https:\/\/shanghepanel.com\/pt\/wp-json\/wp\/v2\/comments?post=4984"}],"version-history":[{"count":0,"href":"https:\/\/shanghepanel.com\/pt\/wp-json\/wp\/v2\/product\/4984\/revisions"}],"wp:featuredmedia":[{"embeddable":true,"href":"https:\/\/shanghepanel.com\/pt\/wp-json\/wp\/v2\/media\/3788"}],"wp:attachment":[{"href":"https:\/\/shanghepanel.com\/pt\/wp-json\/wp\/v2\/media?parent=4984"}],"wp:term":[{"taxonomy":"product_brand","embeddable":true,"href":"https:\/\/shanghepanel.com\/pt\/wp-json\/wp\/v2\/product_brand?post=4984"},{"taxonomy":"product_cat","embeddable":true,"href":"https:\/\/shanghepanel.com\/pt\/wp-json\/wp\/v2\/product_cat?post=4984"},{"taxonomy":"product_tag","embeddable":true,"href":"https:\/\/shanghepanel.com\/pt\/wp-json\/wp\/v2\/product_tag?post=4984"}],"curies":[{"name":"wp","href":"https:\/\/api.w.org\/{rel}","templated":true}]}}