{"id":5003,"date":"2025-05-23T17:48:55","date_gmt":"2025-05-23T09:48:55","guid":{"rendered":"https:\/\/shanghepanel.com\/?post_type=product&#038;p=5003"},"modified":"2025-06-05T14:06:10","modified_gmt":"2025-06-05T06:06:10","slug":"aluminum-sandwich-panels","status":"publish","type":"product","link":"https:\/\/shanghepanel.com\/pt\/product\/aluminum-sandwich-panels\/","title":{"rendered":"Pain\u00e9is Sandu\u00edche de Alum\u00ednio Testados pela ASTM"},"content":{"rendered":"<h2 style=\"text-align: center;\"><strong>Como Pain\u00e9is Compostos Revolucionam a Constru\u00e7\u00e3o Moderna<\/strong><\/h2>\n<p class=\"ds-markdown-paragraph\"><span>Pain\u00e9is compostos est\u00e3o mudando o jogo na constru\u00e7\u00e3o, oferecendo uma combina\u00e7\u00e3o de durabilidade e flexibilidade de design. Diferente dos materiais tradicionais, os pain\u00e9is compostos de alum\u00ednio (ACP) combinam folhas de alum\u00ednio leve com camadas centrais como polietileno (PE), criando estruturas que resistem a deforma\u00e7\u00f5es e \u00e0s intemp\u00e9ries. Por exemplo, projetos certificados pelo LEED frequentemente usam ACPs por sua efici\u00eancia energ\u00e9tica e reciclabilidade. Arquitetos adoram como esses pain\u00e9is mant\u00eam seu acabamento por d\u00e9cadas, mesmo em \u00e1reas costeiras propensas \u00e0 salinidade. Seja um arranha-c\u00e9u ou uma loja de varejo, os pain\u00e9is compostos oferecem alto desempenho sem sacrificar a est\u00e9tica.<\/span><\/p>\n<h3 style=\"text-align: center;\"><strong>As Fortalezas Ocultas da Tecnologia de Pain\u00e9is Sandu\u00edche<\/strong><\/h3>\n<p class=\"ds-markdown-paragraph\"><span>Pain\u00e9is sandu\u00edche n\u00e3o s\u00e3o apenas camadas de material\u2014s\u00e3o projetados para m\u00e1xima resist\u00eancia. Em seu n\u00facleo, materiais como l\u00e3 mineral ou espuma de PE atuam como isolantes, enquanto folhas de alum\u00ednio na parte externa suportam cargas pesadas e condi\u00e7\u00f5es clim\u00e1ticas adversas. Pense neles como a \u201crede de seguran\u00e7a\u201d das fachadas de edif\u00edcios. Um estudo de 2021 do MIT destacou como os projetos de pain\u00e9is sandu\u00edche reduzem os custos de energia em at\u00e9 30% em edif\u00edcios comerciais. De hangares de aeroportos a instala\u00e7\u00f5es de armazenamento refrigerado, esses pain\u00e9is s\u00e3o feitos para superar alternativas de camada \u00fanica.<\/span><\/p>\n<hr \/>\n<table style=\"border-collapse: collapse; width: 1369px; height: 337px;\" border=\"0\" width=\"1354\" cellspacing=\"0\" cellpadding=\"0\">\n<tbody>\n<tr style=\"height: 22.50pt;\">\n<td class=\"et3\" style=\"height: 22.5pt; width: 1015.5pt; text-align: center;\" colspan=\"4\" width=\"1354\" height=\"30\">\n<h3><span style=\"color: #000000;\">Atributos importantes<\/span><\/h3>\n<\/td>\n<\/tr>\n<tr style=\"height: 22.50pt;\">\n<td class=\"et4\" style=\"height: 22.5pt; text-align: center;\" height=\"30\">design<\/td>\n<td class=\"et4\" style=\"text-align: center;\">a era presente<\/td>\n<td class=\"et4\" style=\"text-align: center;\">Servi\u00e7o p\u00f3s-venda<\/td>\n<td class=\"et4\" style=\"text-align: center;\">Suporte T\u00e9cnico Online, Outros<\/td>\n<\/tr>\n<tr style=\"height: 22.50pt;\">\n<td class=\"et5\" style=\"height: 22.5pt; text-align: center;\" height=\"30\">Origem<\/td>\n<td class=\"et5\" style=\"text-align: center;\">Shandong, China<\/td>\n<td class=\"et5\" style=\"text-align: center;\">Cen\u00e1rios de Aplica\u00e7\u00e3o<\/td>\n<td class=\"et5\" style=\"text-align: center;\">Armaz\u00e9m<\/td>\n<\/tr>\n<tr style=\"height: 23.25pt;\">\n<td class=\"et5\" style=\"height: 23.25pt; text-align: center;\" height=\"31\">Marca<\/td>\n<td class=\"et5\" style=\"text-align: center;\">SH<\/td>\n<td class=\"et5\" style=\"text-align: center;\">Servi\u00e7o de Garantia<\/td>\n<td class=\"et6\" style=\"width: 238.5pt; text-align: center;\" width=\"318\">painel sandwich de metal<\/td>\n<\/tr>\n<tr style=\"height: 22.50pt;\">\n<td class=\"et5\" style=\"height: 22.5pt; text-align: center;\" height=\"30\">Material do Painel<\/td>\n<td class=\"et5\" style=\"text-align: center;\">Metal<\/td>\n<td class=\"et5\" style=\"text-align: center;\">Modelos<\/td>\n<td class=\"et5\" style=\"text-align: center;\">SH 150mm PU<\/td>\n<\/tr>\n<tr style=\"height: 23.25pt;\">\n<td class=\"et5\" style=\"height: 23.25pt; text-align: center;\" height=\"31\">Uso<\/td>\n<td class=\"et7\" style=\"width: 256.5pt; text-align: center;\" width=\"342\">Decora\u00e7\u00e3o Exterior<\/td>\n<td class=\"et8\" style=\"width: 195pt; text-align: center;\" width=\"260\">Nome do Produto<\/td>\n<td class=\"et5\" style=\"text-align: center;\">pain\u00e9is sandu\u00edche de alum\u00ednio<\/td>\n<\/tr>\n<tr style=\"height: 23.25pt;\">\n<td class=\"et5\" style=\"height: 23.25pt; text-align: center;\" height=\"31\">Material de Superf\u00edcie<\/td>\n<td class=\"et9\" style=\"width: 256.5pt; text-align: center;\" width=\"342\">Met\u00e1lico<\/td>\n<td class=\"et5\" style=\"text-align: center;\">Pedido M\u00ednimo<\/td>\n<td class=\"et5\" style=\"text-align: center;\">Personaliza\u00e7\u00e3o<\/td>\n<\/tr>\n<tr style=\"height: 22.50pt;\">\n<td class=\"et5\" style=\"height: 22.5pt; text-align: center;\" height=\"30\">Espessura<\/td>\n<td class=\"et5\" style=\"text-align: center;\">16MM\/20MM\/25MM<\/td>\n<td class=\"et5\" style=\"text-align: center;\">Cor<\/td>\n<td class=\"et5\" style=\"text-align: center;\">Vermelho brilhante, carmesim, lim\u00e3o, azul c\u00e9u, aquamarine, verde ervilha ou personalizado<\/td>\n<\/tr>\n<tr style=\"height: 22.50pt;\">\n<td class=\"et10\" style=\"height: 22.5pt; text-align: center;\" height=\"30\">Largura<\/td>\n<td class=\"et2\" style=\"text-align: center;\">100mm,120mm,150mm,200mm<\/td>\n<td class=\"et2\"><\/td>\n<td class=\"et2\"><\/td>\n<\/tr>\n<\/tbody>\n<\/table>\n<h4 style=\"text-align: center;\"><span style=\"color: #000000;\"><strong>Por Que Pain\u00e9is de Alum\u00ednio de Alta Qualidade Valem Cada Centavo<\/strong><\/span><\/h4>\n<p class=\"ds-markdown-paragraph\"><span>Pain\u00e9is sandu\u00edche de alum\u00ednio de alta qualidade s\u00e3o um investimento, n\u00e3o uma despesa. Imita\u00e7\u00f5es baratas podem economizar dinheiro inicialmente, mas racham ou desbotam sob exposi\u00e7\u00e3o UV. Pain\u00e9is premium, como aqueles com revestimento PVDF, permanecem vibrantes e resistentes a amassados por mais de 20 anos. Pegue o Burj Khalifa\u2014sua fachada usa materiais compostos de alum\u00ednio de primeira linha para suportar o calor extremo de Dubai. Para projetos onde a longevidade \u00e9 importante, cortar custos n\u00e3o \u00e9 uma op\u00e7\u00e3o.<\/span><\/p>\n<hr \/>\n<h5 style=\"text-align: center;\"><strong>Alum\u00ednio Resistente \u00e0s Intemp\u00e9ries: Equipamento de Sobreviv\u00eancia para Edif\u00edcios<\/strong><\/h5>\n<p class=\"ds-markdown-paragraph\"><span>Se seu edif\u00edcio enfrenta furac\u00f5es, nevascas ou sol escaldante, pain\u00e9is de alum\u00ednio resistentes \u00e0s intemp\u00e9ries s\u00e3o essenciais. Esses pain\u00e9is usam uma liga patenteada (como AluGuard\u2122) para evitar oxida\u00e7\u00e3o e desbotamento. Em Miami, onde furac\u00f5es s\u00e3o rotina, os contratantes garantem sua capacidade de suportar ventos de 150 mph sem se deformar. Al\u00e9m disso, seus acabamentos com pintura p\u00f3 repelem a umidade, tornando fungos e ferrugem quest\u00f5es inexistentes.<\/span><\/p>\n<p class=\"ds-markdown-paragraph\">\n<hr \/>\n<h3 style=\"text-align: center;\"><strong>Pain\u00e9is Resistentes \u00e0 Corros\u00e3o: O Segredo para Fachadas Duradouras<\/strong><\/h3>\n<p><span>\u00c1gua salgada, chuva \u00e1cida e polui\u00e7\u00e3o corroem metais comuns\u2014mas n\u00e3o os pain\u00e9is compostos de alum\u00ednio resistentes \u00e0 corros\u00e3o. Marcas como Alucobond\u00ae usam um tratamento de cromo para criar uma barreira contra danos qu\u00edmicos. A \u00d3pera de Sydney, exposta ao ar mar\u00edtimo diariamente, confia em tecnologia semelhante para manter sua apar\u00eancia ic\u00f4nica. Para f\u00e1bricas ou casas costeiras, esses pain\u00e9is funcionam como uma esp\u00e9cie de seguro embutido.<\/span><\/p>","protected":false},"excerpt":{"rendered":"<table style=\"border-collapse: collapse; width: 470.27pt;\" border=\"0\" width=\"627\" cellspacing=\"0\" cellpadding=\"0\">\n<tbody>\n<tr style=\"height: 22.50pt;\">\n<td class=\"et2\" style=\"height: 22.5pt; width: 238.5pt; text-align: center;\" width=\"318\" height=\"30\">Tipo<\/td>\n<td class=\"et2\" style=\"width: 231.75pt; text-align: center;\" width=\"309\">organosil\u00edcio<\/td>\n<\/tr>\n<tr style=\"height: 22.50pt;\">\n<td class=\"et2\" style=\"height: 22.5pt; text-align: center;\" height=\"30\">Classifica\u00e7\u00e3o de Resist\u00eancia ao Fogo<\/td>\n<td class=\"et2\" style=\"text-align: center;\">Classe A\uff08ASTM E84\uff09<\/td>\n<\/tr>\n<tr style=\"height: 22.50pt;\">\n<td class=\"et2\" style=\"height: 22.5pt; text-align: center;\" height=\"30\">Resist\u00eancia \u00e0 compress\u00e3o<\/td>\n<td class=\"et4\" style=\"text-align: center;\">\u2265300\/kPa<\/td>\n<\/tr>\n<tr style=\"height: 22.50pt;\">\n<td class=\"et2\" style=\"height: 22.5pt; text-align: center;\" height=\"30\">M\u00e9todo de entrega<\/td>\n<td class=\"et2\" style=\"text-align: center;\">mercadoria em estoque<\/td>\n<\/tr>\n<tr style=\"height: 22.50pt;\">\n<td class=\"et5\" style=\"height: 22.5pt; text-align: center;\" colspan=\"2\" height=\"30\">\n<h3><span style=\"color: #ff0000;\">(Clique em mim) para amostras gr\u00e1tis<\/span><\/h3>\n<\/td>\n<\/tr>\n<tr style=\"height: 22.50pt;\">\n<td class=\"et7\" style=\"height: 22.5pt; width: 238.5pt; text-align: center;\" width=\"318\" height=\"30\">Tipo de transporte<\/td>\n<td class=\"et2\" style=\"text-align: center;\">Transporte mar\u00edtimo, rodovi\u00e1rio e a\u00e9reo<\/td>\n<\/tr>\n<\/tbody>\n<\/table>\n<ul>\n<li>Documentos de conformidade RoHS prontos para download \u2013 passe pela alf\u00e2ndega com um clique!<\/li>\n<li>Envio em 24h para Pain\u00e9is Sandwich Padr\u00e3o \u2013 Mais r\u00e1pido que pedidos na loja de materiais!<\/li>\n<li>Pain\u00e9is Sandu\u00edche de encaixe r\u00e1pido \u2013 Instale 1000m\u00b2 em 3 horas (Assista Nosso C\u00e3o Fazer Isso!)<\/li>\n<li>Pain\u00e9is Sandu\u00edche \u00e0 prova de fogo UL \u2013 Baixe v\u00eddeos de teste e certificados Instantaneamente<\/li>\n<li>Promessa de 20 Anos sem Ferrugem \u2013 N\u00f3s Pagamos $1000 se Seus Pain\u00e9is Sandwich de Metal Corroerem<\/li>\n<li>Qualquer Forma Poss\u00edvel! Pain\u00e9is Sandu\u00edche Curvos\/Circulares \u2013 Envie o Esbo\u00e7o, Receba Design 3D<\/li>\n<li>Layouts com Intelig\u00eancia Artificial \u2013 Fa\u00e7a upload de fotos do armaz\u00e9m, otimize cortes de pain\u00e9is sandwich<\/li>\n<li>Embalagem de Grau Militar \u2013 Pain\u00e9is Sandu\u00edche Danificados = Recria\u00e7\u00e3o Gratuita + Cr\u00e9dito de $500<\/li>\n<\/ul>","protected":false},"featured_media":2265,"comment_status":"open","ping_status":"closed","template":"","meta":[],"product_brand":[],"product_cat":[33],"product_tag":[],"class_list":{"0":"post-5003","1":"product","2":"type-product","3":"status-publish","4":"has-post-thumbnail","6":"product_cat-metal-carved-board","8":"first","9":"instock","10":"shipping-taxable","11":"product-type-simple"},"yoast_head":"<!-- This site is optimized with the Yoast SEO plugin v24.2 - https:\/\/yoast.com\/wordpress\/plugins\/seo\/ -->\n<title>Aluminum Sandwich Panels Astm Tested - Shang He Sandwich Panel<\/title>\n<meta name=\"description\" content=\"aluminum sandwich panels 80% Faster Installation Easy to install, modular design, very simple when installing, to meet your different needs\" \/>\n<meta name=\"robots\" content=\"index, follow, max-snippet:-1, max-image-preview:large, max-video-preview:-1\" \/>\n<link rel=\"canonical\" href=\"https:\/\/shanghepanel.com\/pt\/product\/aluminum-sandwich-panels\/\" \/>\n<meta property=\"og:locale\" content=\"pt_BR\" \/>\n<meta property=\"og:type\" content=\"article\" \/>\n<meta property=\"og:title\" content=\"Aluminum Sandwich Panels Astm Tested - Shang He Sandwich Panel\" \/>\n<meta property=\"og:description\" content=\"aluminum sandwich panels 80% Faster Installation Easy to install, modular design, very simple when installing, to meet your different needs\" \/>\n<meta property=\"og:url\" content=\"https:\/\/shanghepanel.com\/pt\/product\/aluminum-sandwich-panels\/\" \/>\n<meta property=\"og:site_name\" content=\"Shang He Sandwich Panel\" \/>\n<meta property=\"article:modified_time\" content=\"2025-06-05T06:06:10+00:00\" \/>\n<meta property=\"og:image\" content=\"https:\/\/shanghepanel.com\/wp-content\/uploads\/2024\/07\/RW-gc-193.jpg\" \/>\n\t<meta property=\"og:image:width\" content=\"800\" \/>\n\t<meta property=\"og:image:height\" content=\"800\" \/>\n\t<meta property=\"og:image:type\" content=\"image\/jpeg\" \/>\n<meta name=\"twitter:card\" content=\"summary_large_image\" \/>\n<meta name=\"twitter:label1\" content=\"Est. tempo de leitura\" \/>\n\t<meta name=\"twitter:data1\" content=\"3 minutos\" \/>\n<script type=\"application\/ld+json\" class=\"yoast-schema-graph\">{\"@context\":\"https:\/\/schema.org\",\"@graph\":[{\"@type\":\"WebPage\",\"@id\":\"https:\/\/shanghepanel.com\/product\/aluminum-sandwich-panels\/\",\"url\":\"https:\/\/shanghepanel.com\/product\/aluminum-sandwich-panels\/\",\"name\":\"Aluminum Sandwich Panels Astm Tested - Shang He Sandwich Panel\",\"isPartOf\":{\"@id\":\"https:\/\/shanghepanel.com\/#website\"},\"primaryImageOfPage\":{\"@id\":\"https:\/\/shanghepanel.com\/product\/aluminum-sandwich-panels\/#primaryimage\"},\"image\":{\"@id\":\"https:\/\/shanghepanel.com\/product\/aluminum-sandwich-panels\/#primaryimage\"},\"thumbnailUrl\":\"https:\/\/shanghepanel.com\/wp-content\/uploads\/2024\/07\/RW-gc-193.jpg\",\"datePublished\":\"2025-05-23T09:48:55+00:00\",\"dateModified\":\"2025-06-05T06:06:10+00:00\",\"description\":\"aluminum sandwich panels 80% Faster Installation Easy to install, modular design, very simple when installing, to meet your different needs\",\"breadcrumb\":{\"@id\":\"https:\/\/shanghepanel.com\/product\/aluminum-sandwich-panels\/#breadcrumb\"},\"inLanguage\":\"pt-BR\",\"potentialAction\":[{\"@type\":\"ReadAction\",\"target\":[\"https:\/\/shanghepanel.com\/product\/aluminum-sandwich-panels\/\"]}]},{\"@type\":\"ImageObject\",\"inLanguage\":\"pt-BR\",\"@id\":\"https:\/\/shanghepanel.com\/product\/aluminum-sandwich-panels\/#primaryimage\",\"url\":\"https:\/\/shanghepanel.com\/wp-content\/uploads\/2024\/07\/RW-gc-193.jpg\",\"contentUrl\":\"https:\/\/shanghepanel.com\/wp-content\/uploads\/2024\/07\/RW-gc-193.jpg\",\"width\":800,\"height\":800},{\"@type\":\"BreadcrumbList\",\"@id\":\"https:\/\/shanghepanel.com\/product\/aluminum-sandwich-panels\/#breadcrumb\",\"itemListElement\":[{\"@type\":\"ListItem\",\"position\":1,\"name\":\"\u9996\u9875\",\"item\":\"https:\/\/shanghepanel.com\/en\/\"},{\"@type\":\"ListItem\",\"position\":2,\"name\":\"\u4ea7\u54c1\",\"item\":\"https:\/\/shanghepanel.com\/index.php\/shop\/\"},{\"@type\":\"ListItem\",\"position\":3,\"name\":\"Aluminum Sandwich Panels Astm Tested\"}]},{\"@type\":\"WebSite\",\"@id\":\"https:\/\/shanghepanel.com\/#website\",\"url\":\"https:\/\/shanghepanel.com\/\",\"name\":\"shanghepanel.com\",\"description\":\"\",\"publisher\":{\"@id\":\"https:\/\/shanghepanel.com\/#organization\"},\"potentialAction\":[{\"@type\":\"SearchAction\",\"target\":{\"@type\":\"EntryPoint\",\"urlTemplate\":\"https:\/\/shanghepanel.com\/?s={search_term_string}\"},\"query-input\":{\"@type\":\"PropertyValueSpecification\",\"valueRequired\":true,\"valueName\":\"search_term_string\"}}],\"inLanguage\":\"pt-BR\"},{\"@type\":\"Organization\",\"@id\":\"https:\/\/shanghepanel.com\/#organization\",\"name\":\"Shandong ShangHe New Construction Engineering Co., ltd.\",\"url\":\"https:\/\/shanghepanel.com\/\",\"logo\":{\"@type\":\"ImageObject\",\"inLanguage\":\"pt-BR\",\"@id\":\"https:\/\/shanghepanel.com\/#\/schema\/logo\/image\/\",\"url\":\"https:\/\/shanghepanel.com\/wp-content\/uploads\/2024\/03\/logo-1.png\",\"contentUrl\":\"https:\/\/shanghepanel.com\/wp-content\/uploads\/2024\/03\/logo-1.png\",\"width\":800,\"height\":800,\"caption\":\"Shandong ShangHe New Construction Engineering Co., ltd.\"},\"image\":{\"@id\":\"https:\/\/shanghepanel.com\/#\/schema\/logo\/image\/\"}}]}<\/script>\n<!-- \/ Yoast SEO plugin. -->","yoast_head_json":{"title":"Pain\u00e9is Sandwich de Alum\u00ednio Testados pela ASTM - Painel Sandu\u00edche Shang He","description":"pain\u00e9is sandu\u00edche de alum\u00ednio 80% Instala\u00e7\u00e3o Mais R\u00e1pida F\u00e1cil de instalar, design modular, muito simples na instala\u00e7\u00e3o, para atender \u00e0s suas diferentes necessidades","robots":{"index":"index","follow":"follow","max-snippet":"max-snippet:-1","max-image-preview":"max-image-preview:large","max-video-preview":"max-video-preview:-1"},"canonical":"https:\/\/shanghepanel.com\/pt\/product\/aluminum-sandwich-panels\/","og_locale":"pt_BR","og_type":"article","og_title":"Aluminum Sandwich Panels Astm Tested - Shang He Sandwich Panel","og_description":"aluminum sandwich panels 80% Faster Installation Easy to install, modular design, very simple when installing, to meet your different needs","og_url":"https:\/\/shanghepanel.com\/pt\/product\/aluminum-sandwich-panels\/","og_site_name":"Shang He Sandwich Panel","article_modified_time":"2025-06-05T06:06:10+00:00","og_image":[{"width":800,"height":800,"url":"https:\/\/shanghepanel.com\/wp-content\/uploads\/2024\/07\/RW-gc-193.jpg","type":"image\/jpeg"}],"twitter_card":"summary_large_image","twitter_misc":{"Est. tempo de leitura":"3 minutos"},"schema":{"@context":"https:\/\/schema.org","@graph":[{"@type":"WebPage","@id":"https:\/\/shanghepanel.com\/product\/aluminum-sandwich-panels\/","url":"https:\/\/shanghepanel.com\/product\/aluminum-sandwich-panels\/","name":"Pain\u00e9is Sandwich de Alum\u00ednio Testados pela ASTM - Painel Sandu\u00edche Shang He","isPartOf":{"@id":"https:\/\/shanghepanel.com\/#website"},"primaryImageOfPage":{"@id":"https:\/\/shanghepanel.com\/product\/aluminum-sandwich-panels\/#primaryimage"},"image":{"@id":"https:\/\/shanghepanel.com\/product\/aluminum-sandwich-panels\/#primaryimage"},"thumbnailUrl":"https:\/\/shanghepanel.com\/wp-content\/uploads\/2024\/07\/RW-gc-193.jpg","datePublished":"2025-05-23T09:48:55+00:00","dateModified":"2025-06-05T06:06:10+00:00","description":"pain\u00e9is sandu\u00edche de alum\u00ednio 80% Instala\u00e7\u00e3o Mais R\u00e1pida F\u00e1cil de instalar, design modular, muito simples na instala\u00e7\u00e3o, para atender \u00e0s suas diferentes necessidades","breadcrumb":{"@id":"https:\/\/shanghepanel.com\/product\/aluminum-sandwich-panels\/#breadcrumb"},"inLanguage":"pt-BR","potentialAction":[{"@type":"ReadAction","target":["https:\/\/shanghepanel.com\/product\/aluminum-sandwich-panels\/"]}]},{"@type":"ImageObject","inLanguage":"pt-BR","@id":"https:\/\/shanghepanel.com\/product\/aluminum-sandwich-panels\/#primaryimage","url":"https:\/\/shanghepanel.com\/wp-content\/uploads\/2024\/07\/RW-gc-193.jpg","contentUrl":"https:\/\/shanghepanel.com\/wp-content\/uploads\/2024\/07\/RW-gc-193.jpg","width":800,"height":800},{"@type":"BreadcrumbList","@id":"https:\/\/shanghepanel.com\/product\/aluminum-sandwich-panels\/#breadcrumb","itemListElement":[{"@type":"ListItem","position":1,"name":"\u9996\u9875","item":"https:\/\/shanghepanel.com\/en\/"},{"@type":"ListItem","position":2,"name":"\u4ea7\u54c1","item":"https:\/\/shanghepanel.com\/index.php\/shop\/"},{"@type":"ListItem","position":3,"name":"Aluminum Sandwich Panels Astm Tested"}]},{"@type":"WebSite","@id":"https:\/\/shanghepanel.com\/#website","url":"https:\/\/shanghepanel.com\/","name":"shanghepanel.com","description":"","publisher":{"@id":"https:\/\/shanghepanel.com\/#organization"},"potentialAction":[{"@type":"SearchAction","target":{"@type":"EntryPoint","urlTemplate":"https:\/\/shanghepanel.com\/?s={search_term_string}"},"query-input":{"@type":"PropertyValueSpecification","valueRequired":true,"valueName":"search_term_string"}}],"inLanguage":"pt-BR"},{"@type":"Organization","@id":"https:\/\/shanghepanel.com\/#organization","name":"Shandong ShangHe Engenharia de Constru\u00e7\u00e3o Nova Ltda.","url":"https:\/\/shanghepanel.com\/","logo":{"@type":"ImageObject","inLanguage":"pt-BR","@id":"https:\/\/shanghepanel.com\/#\/schema\/logo\/image\/","url":"https:\/\/shanghepanel.com\/wp-content\/uploads\/2024\/03\/logo-1.png","contentUrl":"https:\/\/shanghepanel.com\/wp-content\/uploads\/2024\/03\/logo-1.png","width":800,"height":800,"caption":"Shandong ShangHe New Construction Engineering Co., ltd."},"image":{"@id":"https:\/\/shanghepanel.com\/#\/schema\/logo\/image\/"}}]}},"_links":{"self":[{"href":"https:\/\/shanghepanel.com\/pt\/wp-json\/wp\/v2\/product\/5003","targetHints":{"allow":["GET"]}}],"collection":[{"href":"https:\/\/shanghepanel.com\/pt\/wp-json\/wp\/v2\/product"}],"about":[{"href":"https:\/\/shanghepanel.com\/pt\/wp-json\/wp\/v2\/types\/product"}],"replies":[{"embeddable":true,"href":"https:\/\/shanghepanel.com\/pt\/wp-json\/wp\/v2\/comments?post=5003"}],"version-history":[{"count":0,"href":"https:\/\/shanghepanel.com\/pt\/wp-json\/wp\/v2\/product\/5003\/revisions"}],"wp:featuredmedia":[{"embeddable":true,"href":"https:\/\/shanghepanel.com\/pt\/wp-json\/wp\/v2\/media\/2265"}],"wp:attachment":[{"href":"https:\/\/shanghepanel.com\/pt\/wp-json\/wp\/v2\/media?parent=5003"}],"wp:term":[{"taxonomy":"product_brand","embeddable":true,"href":"https:\/\/shanghepanel.com\/pt\/wp-json\/wp\/v2\/product_brand?post=5003"},{"taxonomy":"product_cat","embeddable":true,"href":"https:\/\/shanghepanel.com\/pt\/wp-json\/wp\/v2\/product_cat?post=5003"},{"taxonomy":"product_tag","embeddable":true,"href":"https:\/\/shanghepanel.com\/pt\/wp-json\/wp\/v2\/product_tag?post=5003"}],"curies":[{"name":"wp","href":"https:\/\/api.w.org\/{rel}","templated":true}]}}