{"id":5015,"date":"2025-05-26T14:26:23","date_gmt":"2025-05-26T06:26:23","guid":{"rendered":"https:\/\/shanghepanel.com\/?post_type=product&#038;p=5015"},"modified":"2025-06-05T14:05:28","modified_gmt":"2025-06-05T06:05:28","slug":"eps-sandwich-panel","status":"publish","type":"product","link":"https:\/\/shanghepanel.com\/pt\/product\/eps-sandwich-panel\/","title":{"rendered":"Painel Sandwich de EPS 80% Instala\u00e7\u00e3o mais R\u00e1pida"},"content":{"rendered":"<h2 style=\"text-align: center;\"><span style=\"color: #000080;\"><strong>O que Torna os Pain\u00e9is Sandwich EPS uma Escolha Principal para Materiais de Constru\u00e7\u00e3o Modernos?<\/strong><\/span><\/h2>\n<p class=\"ds-markdown-paragraph\"><span>Pain\u00e9is sandwich de EPS est\u00e3o mudando o jogo na constru\u00e7\u00e3o\u2014s\u00e3o leves, resistentes e econ\u00f4micos. Esses pain\u00e9is revestem a\u00e7o por fora com um n\u00facleo de espuma de EPS (poliestireno expandido) no meio, oferecendo excelente isolamento t\u00e9rmico e resist\u00eancia s\u00f3lida. S\u00e3o perfeitos para construir armaz\u00e9ns, f\u00e1bricas ou lojas porque reduzem o tempo de constru\u00e7\u00e3o pela metade em compara\u00e7\u00e3o com m\u00e9todos tradicionais. Projetos certificados LEED os adoram por reduzir as contas de aquecimento e resfriamento em 30-40%. Al\u00e9m disso, voc\u00ea pode ajustar seu design para paredes, telhados ou at\u00e9 divis\u00f3rias. Se voc\u00ea quer algo que trabalhe duro sem gastar muito, os pain\u00e9is sandwich de EPS s\u00e3o sua melhor escolha.<\/span><\/p>\n<h3 style=\"text-align: center;\"><span style=\"color: #000080;\"><strong>Solu\u00e7\u00f5es em Pain\u00e9is EPS para Redu\u00e7\u00e3o de Ru\u00eddo na Constru\u00e7\u00e3o Urbana<\/strong><\/span><\/h3>\n<p class=\"ds-markdown-paragraph\"><span>Cansado do barulho da cidade? Os pain\u00e9is sandwich de EPS s\u00e3o como tamp\u00f5es de ouvido para seu edif\u00edcio. O n\u00facleo de espuma densa absorve at\u00e9 30 decib\u00e9is de ru\u00eddo\u2014perfeito para apartamentos pr\u00f3ximos a aeroportos ou vias movimentadas. Pegue os arranha-c\u00e9us de Chicago: ap\u00f3s instalar pain\u00e9is de parede de EPS, o ru\u00eddo ambiente caiu em 40 decib\u00e9is. Diferente do concreto, esses pain\u00e9is podem ser retrofit facilmente. Construindo um est\u00fadio ou um escrit\u00f3rio silencioso? O EPS transforma o caos sonoro em modo zen.<\/span><\/p>\n<hr \/>\n<table style=\"border-collapse: collapse; width: 1369px; height: 337px;\" border=\"0\" width=\"1354\" cellspacing=\"0\" cellpadding=\"0\">\n<tbody>\n<tr style=\"height: 22.50pt;\">\n<td class=\"et3\" style=\"height: 22.5pt; width: 1015.5pt; text-align: center;\" colspan=\"4\" width=\"1354\" height=\"30\">\n<h3><span style=\"color: #000080;\">Atributos importantes<\/span><\/h3>\n<\/td>\n<\/tr>\n<tr style=\"height: 22.50pt;\">\n<td class=\"et4\" style=\"height: 22.5pt; text-align: center;\" height=\"30\">design<\/td>\n<td class=\"et4\" style=\"text-align: center;\">a era presente<\/td>\n<td class=\"et4\" style=\"text-align: center;\">Servi\u00e7o p\u00f3s-venda<\/td>\n<td class=\"et4\" style=\"text-align: center;\">Suporte T\u00e9cnico Online, Outros<\/td>\n<\/tr>\n<tr style=\"height: 22.50pt;\">\n<td class=\"et5\" style=\"height: 22.5pt; text-align: center;\" height=\"30\">Origem<\/td>\n<td class=\"et5\" style=\"text-align: center;\">Shandong, China<\/td>\n<td class=\"et5\" style=\"text-align: center;\">Cen\u00e1rios de Aplica\u00e7\u00e3o<\/td>\n<td class=\"et5\" style=\"text-align: center;\">Armaz\u00e9m<\/td>\n<\/tr>\n<tr style=\"height: 23.25pt;\">\n<td class=\"et5\" style=\"height: 23.25pt; text-align: center;\" height=\"31\">Marca<\/td>\n<td class=\"et5\" style=\"text-align: center;\">SH<\/td>\n<td class=\"et5\" style=\"text-align: center;\">Servi\u00e7o de Garantia<\/td>\n<td class=\"et6\" style=\"width: 238.5pt; text-align: center;\" width=\"318\">poliuretano<\/td>\n<\/tr>\n<tr style=\"height: 22.50pt;\">\n<td class=\"et5\" style=\"height: 22.5pt; text-align: center;\" height=\"30\">Material do Painel<\/td>\n<td class=\"et5\" style=\"text-align: center;\">poliuretano<\/td>\n<td class=\"et5\" style=\"text-align: center;\">Modelos<\/td>\n<td class=\"et5\" style=\"text-align: center;\">SH 150mm<\/td>\n<\/tr>\n<tr style=\"height: 23.25pt;\">\n<td class=\"et5\" style=\"height: 23.25pt; text-align: center;\" height=\"31\">Uso<\/td>\n<td class=\"et7\" style=\"width: 256.5pt; text-align: center;\" width=\"342\">Decora\u00e7\u00e3o Exterior<\/td>\n<td class=\"et8\" style=\"width: 195pt; text-align: center;\" width=\"260\">Nome do Produto<\/td>\n<td class=\"et5\" style=\"text-align: center;\">painel sandwich de EPS<\/td>\n<\/tr>\n<tr style=\"height: 23.25pt;\">\n<td class=\"et5\" style=\"height: 23.25pt; text-align: center;\" height=\"31\">Material de Superf\u00edcie<\/td>\n<td class=\"et9\" style=\"width: 256.5pt; text-align: center;\" width=\"342\">Met\u00e1lico<\/td>\n<td class=\"et5\" style=\"text-align: center;\">Pedido M\u00ednimo<\/td>\n<td class=\"et5\" style=\"text-align: center;\">Personaliza\u00e7\u00e3o<\/td>\n<\/tr>\n<tr style=\"height: 22.50pt;\">\n<td class=\"et5\" style=\"height: 22.5pt; text-align: center;\" height=\"30\">Espessura<\/td>\n<td class=\"et5\" style=\"text-align: center;\">16MM\/20MM\/25MM<\/td>\n<td class=\"et5\" style=\"text-align: center;\">Cor<\/td>\n<td class=\"et5\" style=\"text-align: center;\">Vermelho brilhante, carmesim, lim\u00e3o, azul c\u00e9u, aquamarine, verde ervilha ou personalizado<\/td>\n<\/tr>\n<tr style=\"height: 22.50pt;\">\n<td class=\"et10\" style=\"height: 22.5pt; text-align: center;\" height=\"30\">Largura<\/td>\n<td class=\"et2\" style=\"text-align: center;\">100mm,120mm,150mm,200mm<\/td>\n<td class=\"et2\"><\/td>\n<td class=\"et2\"><\/td>\n<\/tr>\n<\/tbody>\n<\/table>\n<h3 style=\"text-align: center;\"><span style=\"color: #000080;\"><strong>Poliestireno Expandido (EPS): O Segredo por Tr\u00e1s dos Pain\u00e9is Sandwich de Alto Desempenho<\/strong><\/span><\/h3>\n<p class=\"ds-markdown-paragraph\"><span>Esque\u00e7a copos de caf\u00e9\u2014EPS \u00e9 o MVP dentro dos pain\u00e9is sandwich. Sua espuma de c\u00e9lulas fechadas combate umidade, mofo e insetos, por isso locais de armazenamento refrigerado aprovados pelo USDA confiam nele. Diferente de outras isolantes que afundam, o EPS mant\u00e9m seu valor R (poder de isolamento) por d\u00e9cadas. B\u00f4nus: \u00e9 100% recicl\u00e1vel, encaixando-se perfeitamente em metas ecol\u00f3gicas. Desde paredes de casas at\u00e9 telhados de f\u00e1bricas, essa espuma torna os pain\u00e9is resistentes e vers\u00e1teis.<\/span><\/p>\n<hr \/>\n<h3 style=\"text-align: center;\"><span style=\"color: #000080;\"><strong>Pain\u00e9is Sandwich com N\u00facleo de EPS: Constru\u00e7\u00f5es Mais R\u00e1pidas, Resultados Mais Fortes<\/strong><\/span><\/h3>\n<p class=\"ds-markdown-paragraph\"><span>Pain\u00e9is sandwich com n\u00facleo de EPS s\u00e3o o sonho de qualquer empreiteiro\u2014economizam tempo e dinheiro. O design pr\u00e9-fabricado permite que as equipes levantem paredes ou telhados tr\u00eas vezes mais r\u00e1pido do que com alvenaria. O armaz\u00e9m da Walmart no Texas terminou oito semanas antes usando esses pain\u00e9is. A combina\u00e7\u00e3o a\u00e7o-EPS tamb\u00e9m resiste a furac\u00f5es, passando nos testes de vento mais severos. Menos atrasos, clientes mais felizes\u2014o que n\u00e3o amar?<\/span><\/p>\n<h3 style=\"text-align: center;\"><span style=\"color: #000080;\"><strong>Isolamento Ac\u00fastico? Pain\u00e9is Sandwich de EPS Silenciam a Concorr\u00eancia<\/strong><\/span><\/h3>\n<p><span>Os pain\u00e9is sandwich de EPS n\u00e3o s\u00e3o apenas para isolamento t\u00e9rmico\u2014s\u00e3o especialistas em cancelamento de ru\u00eddo. A espuma dispersa as ondas sonoras, tornando-os ideais para hot\u00e9is, teatros ou resid\u00eancias pr\u00f3ximas a rodovias. Pesquisadores da UCLA descobriram que os pain\u00e9is de EPS reduzem o ru\u00eddo de m\u00e9dia frequ\u00eancia pela metade em compara\u00e7\u00e3o com drywall. Tamb\u00e9m s\u00e3o mais finos que as solu\u00e7\u00f5es tradicionais de isolamento ac\u00fastico, economizando espa\u00e7o. Quer sil\u00eancio sem paredes grossas? O EPS tem a solu\u00e7\u00e3o.<\/span><\/p>\n<h3 style=\"text-align: center;\"><span style=\"color: #000080;\"><strong>Edif\u00edcios de Multi-V\u00e3os Amam os Pain\u00e9is Sandwich de EPS\u2014Veja Por Qu\u00ea<\/strong><\/span><\/h3>\n<p class=\"ds-markdown-paragraph\"><span>Grandes edif\u00edcios abertos precisam de materiais que suportem longos v\u00e3os e cargas pesadas. Apresentamos os pain\u00e9is sandwich de EPS\u2014revestimentos de a\u00e7o e espuma r\u00edgida os tornam resistentes e leves. Agricultores os usam para mega-celeiros que resistem a tratores e tempestades de neve. Menos colunas de suporte significam espa\u00e7os amplos, como o piso da f\u00e1brica da Tesla em Nevada, onde rob\u00f4s se movem livremente. Efici\u00eancia encontra flexibilidade, sem esfor\u00e7o.<\/span><\/p>\n<hr \/>\n<h3 style=\"text-align: center;\"><span style=\"color: #000080;\"><strong>Baixa Condutividade T\u00e9rmica em Pain\u00e9is de EPS: Melhor Amigo de Climas Frios<\/strong><\/span><\/h3>\n<p class=\"ds-markdown-paragraph\"><span>Os pain\u00e9is de EPS s\u00e3o campe\u00f5es em isolamento porque quase n\u00e3o deixam o calor escapar. Com condutividade t\u00e9rmica t\u00e3o baixa quanto 0,030 W\/m\u00b7K, eles superam madeira, concreto e aerog\u00e9is sofisticados. Como? As bolinhas de EPS empacotadas com ar retardam a perda de calor. Armaz\u00e9ns no \u00c1rtico ou escrit\u00f3rios no deserto\u2014esses pain\u00e9is lidam com extremos como verdadeiros profissionais.<\/span><\/p>\n<hr \/>\n<p>&nbsp;<\/p>","protected":false},"excerpt":{"rendered":"<table style=\"border-collapse: collapse; width: 470.27pt;\" border=\"0\" width=\"627\" cellspacing=\"0\" cellpadding=\"0\">\n<tbody>\n<tr style=\"height: 22.50pt;\">\n<td class=\"et2\" style=\"height: 22.5pt; width: 238.5pt; text-align: center;\" width=\"318\" height=\"30\">Tipo<\/td>\n<td class=\"et2\" style=\"width: 231.75pt; text-align: center;\" width=\"309\">organosil\u00edcio<\/td>\n<\/tr>\n<tr style=\"height: 22.50pt;\">\n<td class=\"et2\" style=\"height: 22.5pt; text-align: center;\" height=\"30\">Classifica\u00e7\u00e3o de Resist\u00eancia ao Fogo<\/td>\n<td class=\"et2\" style=\"text-align: center;\">Classe A\uff08ASTM E84\uff09<\/td>\n<\/tr>\n<tr style=\"height: 22.50pt;\">\n<td class=\"et2\" style=\"height: 22.5pt; text-align: center;\" height=\"30\">Resist\u00eancia \u00e0 compress\u00e3o<\/td>\n<td class=\"et4\" style=\"text-align: center;\">\u2265300\/kPa<\/td>\n<\/tr>\n<tr style=\"height: 22.50pt;\">\n<td class=\"et2\" style=\"height: 22.5pt; text-align: center;\" height=\"30\">M\u00e9todo de entrega<\/td>\n<td class=\"et2\" style=\"text-align: center;\">mercadoria em estoque<\/td>\n<\/tr>\n<tr style=\"height: 22.50pt;\">\n<td class=\"et5\" style=\"height: 22.5pt; text-align: center;\" colspan=\"2\" height=\"30\">\n<h3><span style=\"color: #ff0000;\">(Clique em mim) para amostras gr\u00e1tis<\/span><\/h3>\n<\/td>\n<\/tr>\n<tr style=\"height: 22.50pt;\">\n<td class=\"et7\" style=\"height: 22.5pt; width: 238.5pt; text-align: center;\" width=\"318\" height=\"30\">Tipo de transporte<\/td>\n<td class=\"et2\" style=\"text-align: center;\">Transporte mar\u00edtimo, rodovi\u00e1rio e a\u00e9reo<\/td>\n<\/tr>\n<\/tbody>\n<\/table>\n<ul>\n<li>Pain\u00e9is Sandu\u00edche de encaixe r\u00e1pido \u2013 Instale 1000m\u00b2 em 3 horas (Assista Nosso C\u00e3o Fazer Isso!)<\/li>\n<li>Pain\u00e9is Sandu\u00edche \u00e0 prova de fogo UL \u2013 Baixe v\u00eddeos de teste e certificados Instantaneamente<\/li>\n<li>Promessa de 20 Anos sem Ferrugem \u2013 N\u00f3s Pagamos $1000 se Seus Pain\u00e9is Sandwich de Metal Corroerem<\/li>\n<li>Qualquer Forma Poss\u00edvel! Pain\u00e9is Sandu\u00edche Curvos\/Circulares \u2013 Envie o Esbo\u00e7o, Receba Design 3D<\/li>\n<li>Layouts com Intelig\u00eancia Artificial \u2013 Fa\u00e7a upload de fotos do armaz\u00e9m, otimize cortes de pain\u00e9is sandwich<\/li>\n<li>Embalagem de Grau Militar \u2013 Pain\u00e9is Sandu\u00edche Danificados = Recria\u00e7\u00e3o Gratuita + Cr\u00e9dito de $500<\/li>\n<\/ul>","protected":false},"featured_media":2276,"comment_status":"open","ping_status":"closed","template":"","meta":[],"product_brand":[],"product_cat":[33],"product_tag":[],"class_list":{"0":"post-5015","1":"product","2":"type-product","3":"status-publish","4":"has-post-thumbnail","6":"product_cat-metal-carved-board","8":"first","9":"instock","10":"shipping-taxable","11":"product-type-simple"},"yoast_head":"<!-- This site is optimized with the Yoast SEO plugin v24.2 - https:\/\/yoast.com\/wordpress\/plugins\/seo\/ -->\n<title>Eps Sandwich Panel 80% Faster Installation - Shang He Sandwich Panel<\/title>\n<meta name=\"description\" content=\"eps sandwich panel 80% Faster Installation Easy to install, modular design, very simple when installing, to meet your different needseps sandwich panel\" \/>\n<meta name=\"robots\" content=\"index, follow, max-snippet:-1, max-image-preview:large, max-video-preview:-1\" \/>\n<link rel=\"canonical\" href=\"https:\/\/shanghepanel.com\/pt\/product\/eps-sandwich-panel\/\" \/>\n<meta property=\"og:locale\" content=\"pt_BR\" \/>\n<meta property=\"og:type\" content=\"article\" \/>\n<meta property=\"og:title\" content=\"Eps Sandwich Panel 80% Faster Installation - Shang He Sandwich Panel\" \/>\n<meta property=\"og:description\" content=\"eps sandwich panel 80% Faster Installation Easy to install, modular design, very simple when installing, to meet your different needseps sandwich panel\" \/>\n<meta property=\"og:url\" content=\"https:\/\/shanghepanel.com\/pt\/product\/eps-sandwich-panel\/\" \/>\n<meta property=\"og:site_name\" content=\"Shang He Sandwich Panel\" \/>\n<meta property=\"article:modified_time\" content=\"2025-06-05T06:05:28+00:00\" \/>\n<meta property=\"og:image\" content=\"https:\/\/shanghepanel.com\/wp-content\/uploads\/2024\/07\/RW-gc-367.jpg\" \/>\n\t<meta property=\"og:image:width\" content=\"800\" \/>\n\t<meta property=\"og:image:height\" content=\"800\" \/>\n\t<meta property=\"og:image:type\" content=\"image\/jpeg\" \/>\n<meta name=\"twitter:card\" content=\"summary_large_image\" \/>\n<meta name=\"twitter:label1\" content=\"Est. tempo de leitura\" \/>\n\t<meta name=\"twitter:data1\" content=\"3 minutos\" \/>\n<script type=\"application\/ld+json\" class=\"yoast-schema-graph\">{\"@context\":\"https:\/\/schema.org\",\"@graph\":[{\"@type\":\"WebPage\",\"@id\":\"https:\/\/shanghepanel.com\/product\/eps-sandwich-panel\/\",\"url\":\"https:\/\/shanghepanel.com\/product\/eps-sandwich-panel\/\",\"name\":\"Eps Sandwich Panel 80% Faster Installation - Shang He Sandwich Panel\",\"isPartOf\":{\"@id\":\"https:\/\/shanghepanel.com\/#website\"},\"primaryImageOfPage\":{\"@id\":\"https:\/\/shanghepanel.com\/product\/eps-sandwich-panel\/#primaryimage\"},\"image\":{\"@id\":\"https:\/\/shanghepanel.com\/product\/eps-sandwich-panel\/#primaryimage\"},\"thumbnailUrl\":\"https:\/\/shanghepanel.com\/wp-content\/uploads\/2024\/07\/RW-gc-367.jpg\",\"datePublished\":\"2025-05-26T06:26:23+00:00\",\"dateModified\":\"2025-06-05T06:05:28+00:00\",\"description\":\"eps sandwich panel 80% Faster Installation Easy to install, modular design, very simple when installing, to meet your different needseps sandwich panel\",\"breadcrumb\":{\"@id\":\"https:\/\/shanghepanel.com\/product\/eps-sandwich-panel\/#breadcrumb\"},\"inLanguage\":\"pt-BR\",\"potentialAction\":[{\"@type\":\"ReadAction\",\"target\":[\"https:\/\/shanghepanel.com\/product\/eps-sandwich-panel\/\"]}]},{\"@type\":\"ImageObject\",\"inLanguage\":\"pt-BR\",\"@id\":\"https:\/\/shanghepanel.com\/product\/eps-sandwich-panel\/#primaryimage\",\"url\":\"https:\/\/shanghepanel.com\/wp-content\/uploads\/2024\/07\/RW-gc-367.jpg\",\"contentUrl\":\"https:\/\/shanghepanel.com\/wp-content\/uploads\/2024\/07\/RW-gc-367.jpg\",\"width\":800,\"height\":800},{\"@type\":\"BreadcrumbList\",\"@id\":\"https:\/\/shanghepanel.com\/product\/eps-sandwich-panel\/#breadcrumb\",\"itemListElement\":[{\"@type\":\"ListItem\",\"position\":1,\"name\":\"\u9996\u9875\",\"item\":\"https:\/\/shanghepanel.com\/en\/\"},{\"@type\":\"ListItem\",\"position\":2,\"name\":\"\u4ea7\u54c1\",\"item\":\"https:\/\/shanghepanel.com\/index.php\/shop\/\"},{\"@type\":\"ListItem\",\"position\":3,\"name\":\"Eps Sandwich Panel 80% Faster Installation\"}]},{\"@type\":\"WebSite\",\"@id\":\"https:\/\/shanghepanel.com\/#website\",\"url\":\"https:\/\/shanghepanel.com\/\",\"name\":\"shanghepanel.com\",\"description\":\"\",\"publisher\":{\"@id\":\"https:\/\/shanghepanel.com\/#organization\"},\"potentialAction\":[{\"@type\":\"SearchAction\",\"target\":{\"@type\":\"EntryPoint\",\"urlTemplate\":\"https:\/\/shanghepanel.com\/?s={search_term_string}\"},\"query-input\":{\"@type\":\"PropertyValueSpecification\",\"valueRequired\":true,\"valueName\":\"search_term_string\"}}],\"inLanguage\":\"pt-BR\"},{\"@type\":\"Organization\",\"@id\":\"https:\/\/shanghepanel.com\/#organization\",\"name\":\"Shandong ShangHe New Construction Engineering Co., ltd.\",\"url\":\"https:\/\/shanghepanel.com\/\",\"logo\":{\"@type\":\"ImageObject\",\"inLanguage\":\"pt-BR\",\"@id\":\"https:\/\/shanghepanel.com\/#\/schema\/logo\/image\/\",\"url\":\"https:\/\/shanghepanel.com\/wp-content\/uploads\/2024\/03\/logo-1.png\",\"contentUrl\":\"https:\/\/shanghepanel.com\/wp-content\/uploads\/2024\/03\/logo-1.png\",\"width\":800,\"height\":800,\"caption\":\"Shandong ShangHe New Construction Engineering Co., ltd.\"},\"image\":{\"@id\":\"https:\/\/shanghepanel.com\/#\/schema\/logo\/image\/\"}}]}<\/script>\n<!-- \/ Yoast SEO plugin. -->","yoast_head_json":{"title":"Painel Sandwich de EPS 80% Instala\u00e7\u00e3o Mais R\u00e1pida - Shang He Painel Sandwich","description":"painel sandwich de EPS 80% Instala\u00e7\u00e3o Mais R\u00e1pida F\u00e1cil de instalar, design modular, muito simples na instala\u00e7\u00e3o, para atender \u00e0s suas diferentes necessidades","robots":{"index":"index","follow":"follow","max-snippet":"max-snippet:-1","max-image-preview":"max-image-preview:large","max-video-preview":"max-video-preview:-1"},"canonical":"https:\/\/shanghepanel.com\/pt\/product\/eps-sandwich-panel\/","og_locale":"pt_BR","og_type":"article","og_title":"Eps Sandwich Panel 80% Faster Installation - Shang He Sandwich Panel","og_description":"eps sandwich panel 80% Faster Installation Easy to install, modular design, very simple when installing, to meet your different needseps sandwich panel","og_url":"https:\/\/shanghepanel.com\/pt\/product\/eps-sandwich-panel\/","og_site_name":"Shang He Sandwich Panel","article_modified_time":"2025-06-05T06:05:28+00:00","og_image":[{"width":800,"height":800,"url":"https:\/\/shanghepanel.com\/wp-content\/uploads\/2024\/07\/RW-gc-367.jpg","type":"image\/jpeg"}],"twitter_card":"summary_large_image","twitter_misc":{"Est. tempo de leitura":"3 minutos"},"schema":{"@context":"https:\/\/schema.org","@graph":[{"@type":"WebPage","@id":"https:\/\/shanghepanel.com\/product\/eps-sandwich-panel\/","url":"https:\/\/shanghepanel.com\/product\/eps-sandwich-panel\/","name":"Painel Sandwich de EPS 80% Instala\u00e7\u00e3o Mais R\u00e1pida - Shang He Painel Sandwich","isPartOf":{"@id":"https:\/\/shanghepanel.com\/#website"},"primaryImageOfPage":{"@id":"https:\/\/shanghepanel.com\/product\/eps-sandwich-panel\/#primaryimage"},"image":{"@id":"https:\/\/shanghepanel.com\/product\/eps-sandwich-panel\/#primaryimage"},"thumbnailUrl":"https:\/\/shanghepanel.com\/wp-content\/uploads\/2024\/07\/RW-gc-367.jpg","datePublished":"2025-05-26T06:26:23+00:00","dateModified":"2025-06-05T06:05:28+00:00","description":"painel sandwich de EPS 80% Instala\u00e7\u00e3o Mais R\u00e1pida F\u00e1cil de instalar, design modular, muito simples na instala\u00e7\u00e3o, para atender \u00e0s suas diferentes necessidades","breadcrumb":{"@id":"https:\/\/shanghepanel.com\/product\/eps-sandwich-panel\/#breadcrumb"},"inLanguage":"pt-BR","potentialAction":[{"@type":"ReadAction","target":["https:\/\/shanghepanel.com\/product\/eps-sandwich-panel\/"]}]},{"@type":"ImageObject","inLanguage":"pt-BR","@id":"https:\/\/shanghepanel.com\/product\/eps-sandwich-panel\/#primaryimage","url":"https:\/\/shanghepanel.com\/wp-content\/uploads\/2024\/07\/RW-gc-367.jpg","contentUrl":"https:\/\/shanghepanel.com\/wp-content\/uploads\/2024\/07\/RW-gc-367.jpg","width":800,"height":800},{"@type":"BreadcrumbList","@id":"https:\/\/shanghepanel.com\/product\/eps-sandwich-panel\/#breadcrumb","itemListElement":[{"@type":"ListItem","position":1,"name":"\u9996\u9875","item":"https:\/\/shanghepanel.com\/en\/"},{"@type":"ListItem","position":2,"name":"\u4ea7\u54c1","item":"https:\/\/shanghepanel.com\/index.php\/shop\/"},{"@type":"ListItem","position":3,"name":"Eps Sandwich Panel 80% Faster Installation"}]},{"@type":"WebSite","@id":"https:\/\/shanghepanel.com\/#website","url":"https:\/\/shanghepanel.com\/","name":"shanghepanel.com","description":"","publisher":{"@id":"https:\/\/shanghepanel.com\/#organization"},"potentialAction":[{"@type":"SearchAction","target":{"@type":"EntryPoint","urlTemplate":"https:\/\/shanghepanel.com\/?s={search_term_string}"},"query-input":{"@type":"PropertyValueSpecification","valueRequired":true,"valueName":"search_term_string"}}],"inLanguage":"pt-BR"},{"@type":"Organization","@id":"https:\/\/shanghepanel.com\/#organization","name":"Shandong ShangHe Engenharia de Constru\u00e7\u00e3o Nova Ltda.","url":"https:\/\/shanghepanel.com\/","logo":{"@type":"ImageObject","inLanguage":"pt-BR","@id":"https:\/\/shanghepanel.com\/#\/schema\/logo\/image\/","url":"https:\/\/shanghepanel.com\/wp-content\/uploads\/2024\/03\/logo-1.png","contentUrl":"https:\/\/shanghepanel.com\/wp-content\/uploads\/2024\/03\/logo-1.png","width":800,"height":800,"caption":"Shandong ShangHe New Construction Engineering Co., ltd."},"image":{"@id":"https:\/\/shanghepanel.com\/#\/schema\/logo\/image\/"}}]}},"_links":{"self":[{"href":"https:\/\/shanghepanel.com\/pt\/wp-json\/wp\/v2\/product\/5015","targetHints":{"allow":["GET"]}}],"collection":[{"href":"https:\/\/shanghepanel.com\/pt\/wp-json\/wp\/v2\/product"}],"about":[{"href":"https:\/\/shanghepanel.com\/pt\/wp-json\/wp\/v2\/types\/product"}],"replies":[{"embeddable":true,"href":"https:\/\/shanghepanel.com\/pt\/wp-json\/wp\/v2\/comments?post=5015"}],"version-history":[{"count":0,"href":"https:\/\/shanghepanel.com\/pt\/wp-json\/wp\/v2\/product\/5015\/revisions"}],"wp:featuredmedia":[{"embeddable":true,"href":"https:\/\/shanghepanel.com\/pt\/wp-json\/wp\/v2\/media\/2276"}],"wp:attachment":[{"href":"https:\/\/shanghepanel.com\/pt\/wp-json\/wp\/v2\/media?parent=5015"}],"wp:term":[{"taxonomy":"product_brand","embeddable":true,"href":"https:\/\/shanghepanel.com\/pt\/wp-json\/wp\/v2\/product_brand?post=5015"},{"taxonomy":"product_cat","embeddable":true,"href":"https:\/\/shanghepanel.com\/pt\/wp-json\/wp\/v2\/product_cat?post=5015"},{"taxonomy":"product_tag","embeddable":true,"href":"https:\/\/shanghepanel.com\/pt\/wp-json\/wp\/v2\/product_tag?post=5015"}],"curies":[{"name":"wp","href":"https:\/\/api.w.org\/{rel}","templated":true}]}}