{"id":5020,"date":"2025-05-26T15:29:14","date_gmt":"2025-05-26T07:29:14","guid":{"rendered":"https:\/\/shanghepanel.com\/?post_type=product&#038;p=5020"},"modified":"2025-06-05T14:05:02","modified_gmt":"2025-06-05T06:05:02","slug":"composite-sandwich-panel","status":"publish","type":"product","link":"https:\/\/shanghepanel.com\/pt\/product\/composite-sandwich-panel\/","title":{"rendered":"Painel Sandu\u00edche Composto Pain\u00e9is Sandu\u00edche Para R\u00e1pido"},"content":{"rendered":"<h2 style=\"text-align: center;\"><span style=\"color: #000080;\"><strong>Como a Fibra de Carbono Transforma Pain\u00e9is Sandwich Compostos em Maravilhas da Engenharia<\/strong><\/span><\/h2>\n<p class=\"ds-markdown-paragraph\"><span>Voc\u00ea sabe o que est\u00e1 revolucionando tudo, de avi\u00f5es a arranha-c\u00e9us? Fibra de carbono em pain\u00e9is sandwich compostos. Esses pain\u00e9is combinam um n\u00facleo leve\u2014como espuma ou favo de mel\u2014com revestimentos de fibra de carbono ultra resistentes. O resultado? Um material mais resistente que o a\u00e7o, mas leve o suficiente para flutuar. A NASA usa famosamente pain\u00e9is refor\u00e7ados com fibra de carbono em espa\u00e7onaves porque suportam calor e estresse extremos. Para constru\u00e7\u00f5es do dia a dia, isso significa edif\u00edcios mais fortes sem adicionar volume. Al\u00e9m disso, projetos certificados pelo LEED os adoram por reduzir o consumo de energia. Ent\u00e3o, se voc\u00ea quer durabilidade sem peso, pain\u00e9is sandwich de fibra de carbono s\u00e3o a resposta.<\/span><\/p>\n<h3 style=\"text-align: center;\"><span style=\"color: #000080;\"><strong>Pain\u00e9is Compostos 101: Entendendo o B\u00e1sico e Suas Aplica\u00e7\u00f5es Vers\u00e1teis<\/strong><\/span><\/h3>\n<p class=\"ds-markdown-paragraph\"><span>Vamos explicar: pain\u00e9is compostos s\u00e3o como um sandu\u00edche de alta tecnologia. Duas camadas externas r\u00edgidas (pense em alum\u00ednio ou fibra de vidro) abra\u00e7am um n\u00facleo mais macio\u2014digamos, espuma ou pol\u00edmero. Essa combina\u00e7\u00e3o cria um material que \u00e9 tanto r\u00edgido quanto leve. Pesquisadores do MIT descobriram que pain\u00e9is compostos podem reduzir custos de constru\u00e7\u00e3o em at\u00e9 20% gra\u00e7as \u00e0 sua instala\u00e7\u00e3o f\u00e1cil. De telhados de aeroportos a pisos de trailers, esses pain\u00e9is est\u00e3o em toda parte. S\u00e3o resistentes ao fogo, \u00e0 intemp\u00e9rie e at\u00e9 reduzem o som. Ah, e os arquitetos os adoram por designs modernos e elegantes. Resumindo? Se voc\u00ea precisa de versatilidade, pain\u00e9is compostos entregam.<\/span><\/p>\n<hr \/>\n<table style=\"border-collapse: collapse; width: 1369px; height: 337px;\" border=\"0\" width=\"1354\" cellspacing=\"0\" cellpadding=\"0\">\n<tbody>\n<tr style=\"height: 22.50pt;\">\n<td class=\"et3\" style=\"height: 22.5pt; width: 1015.5pt; text-align: center;\" colspan=\"4\" width=\"1354\" height=\"30\">\n<h3><span style=\"color: #000080;\">Atributos importantes<\/span><\/h3>\n<\/td>\n<\/tr>\n<tr style=\"height: 22.50pt;\">\n<td class=\"et4\" style=\"height: 22.5pt; text-align: center;\" height=\"30\">design<\/td>\n<td class=\"et4\" style=\"text-align: center;\">a era presente<\/td>\n<td class=\"et4\" style=\"text-align: center;\">Servi\u00e7o p\u00f3s-venda<\/td>\n<td class=\"et4\" style=\"text-align: center;\">Suporte T\u00e9cnico Online, Outros<\/td>\n<\/tr>\n<tr style=\"height: 22.50pt;\">\n<td class=\"et5\" style=\"height: 22.5pt; text-align: center;\" height=\"30\">Origem<\/td>\n<td class=\"et5\" style=\"text-align: center;\">Shandong, China<\/td>\n<td class=\"et5\" style=\"text-align: center;\">Cen\u00e1rios de Aplica\u00e7\u00e3o<\/td>\n<td class=\"et5\" style=\"text-align: center;\">Armaz\u00e9m<\/td>\n<\/tr>\n<tr style=\"height: 23.25pt;\">\n<td class=\"et5\" style=\"height: 23.25pt; text-align: center;\" height=\"31\">Marca<\/td>\n<td class=\"et5\" style=\"text-align: center;\">SH<\/td>\n<td class=\"et5\" style=\"text-align: center;\">Servi\u00e7o de Garantia<\/td>\n<td class=\"et6\" style=\"width: 238.5pt; text-align: center;\" width=\"318\">poliuretano<\/td>\n<\/tr>\n<tr style=\"height: 22.50pt;\">\n<td class=\"et5\" style=\"height: 22.5pt; text-align: center;\" height=\"30\">Material do Painel<\/td>\n<td class=\"et5\" style=\"text-align: center;\">poliuretano<\/td>\n<td class=\"et5\" style=\"text-align: center;\">Modelos<\/td>\n<td class=\"et5\" style=\"text-align: center;\">SH 150mm<\/td>\n<\/tr>\n<tr style=\"height: 23.25pt;\">\n<td class=\"et5\" style=\"height: 23.25pt; text-align: center;\" height=\"31\">Uso<\/td>\n<td class=\"et7\" style=\"width: 256.5pt; text-align: center;\" width=\"342\">Decora\u00e7\u00e3o Exterior<\/td>\n<td class=\"et8\" style=\"width: 195pt; text-align: center;\" width=\"260\">Nome do Produto<\/td>\n<td class=\"et5\" style=\"text-align: center;\">painel sandwich composto<\/td>\n<\/tr>\n<tr style=\"height: 23.25pt;\">\n<td class=\"et5\" style=\"height: 23.25pt; text-align: center;\" height=\"31\">Material de Superf\u00edcie<\/td>\n<td class=\"et9\" style=\"width: 256.5pt; text-align: center;\" width=\"342\">Met\u00e1lico<\/td>\n<td class=\"et5\" style=\"text-align: center;\">Pedido M\u00ednimo<\/td>\n<td class=\"et5\" style=\"text-align: center;\">Personaliza\u00e7\u00e3o<\/td>\n<\/tr>\n<tr style=\"height: 22.50pt;\">\n<td class=\"et5\" style=\"height: 22.5pt; text-align: center;\" height=\"30\">Espessura<\/td>\n<td class=\"et5\" style=\"text-align: center;\">16MM\/20MM\/25MM<\/td>\n<td class=\"et5\" style=\"text-align: center;\">Cor<\/td>\n<td class=\"et5\" style=\"text-align: center;\">Vermelho brilhante, carmesim, lim\u00e3o, azul c\u00e9u, aquamarine, verde ervilha ou personalizado<\/td>\n<\/tr>\n<tr style=\"height: 22.50pt;\">\n<td class=\"et10\" style=\"height: 22.5pt; text-align: center;\" height=\"30\">Largura<\/td>\n<td class=\"et2\" style=\"text-align: center;\">100mm,120mm,150mm,200mm<\/td>\n<td class=\"et2\"><\/td>\n<td class=\"et2\"><\/td>\n<\/tr>\n<\/tbody>\n<\/table>\n<h3 style=\"text-align: center;\"><span style=\"color: #000080;\"><strong>A Import\u00e2ncia do Material do N\u00facleo na Durabilidade do Painel Sandwich Composto<\/strong><\/span><\/h3>\n<p class=\"ds-markdown-paragraph\"><span>Aqui est\u00e1 o ponto: o material do n\u00facleo \u00e9 o her\u00f3i n\u00e3o reconhecido dos pain\u00e9is sandwich compostos. Seja espuma de poliuretano ou madeira de balsa, o n\u00facleo decide como o painel se comporta. Enquanto isso, n\u00facleos de espuma PET s\u00e3o ecol\u00f3gicos e 100% recicl\u00e1veis\u2014perfeitos para edif\u00edcios verdes. Um estudo de 2023 da Stanford mostrou que pain\u00e9is com n\u00facleos avan\u00e7ados duram 30% mais em climas adversos. Ent\u00e3o, economizar no n\u00facleo, voc\u00ea pagar\u00e1 depois. Escolha com sabedoria, e seus pain\u00e9is ter\u00e3o uma vida \u00fatil superior \u00e0 da concorr\u00eancia.<\/span><\/p>\n<hr \/>\n<h3 style=\"text-align: center;\"><span style=\"color: #000080;\"><strong>Solu\u00e7\u00f5es de Pain\u00e9is Sandwich Compostos para Edif\u00edcios Verdes Certificados pelo LEED<\/strong><\/span><\/h3>\n<p class=\"ds-markdown-paragraph\"><span>Ent\u00e3o, aqui est\u00e1 o ponto: o material do n\u00facleo \u00e9 onde a m\u00e1gica acontece. Voc\u00ea tem op\u00e7\u00f5es\u2014como espuma de PVC para isolamento ou favo de mel de alum\u00ednio para quando precisar de modo \u201cindestrut\u00edvel\u201d (avi\u00f5es de combate usam esse material). A Airbus usa espuma de poliuretano em avi\u00f5es para reduzir ru\u00eddo e vibra\u00e7\u00e3o. Mas espere\u2014o n\u00facleo que voc\u00ea escolher muda tudo. Quer seu painel flutuar? Opte por uma espuma leve. Precisa que sobreviva a uma bola de demoli\u00e7\u00e3o? Favo de mel \u00e9 a sua escolha. Arquitetos gostam de n\u00facleos de madeira de balsa para projetos ecol\u00f3gicos porque s\u00e3o renov\u00e1veis. Resumindo: combine o n\u00facleo com o estilo do seu projeto.<\/span><\/p>\n<h3 style=\"text-align: center;\"><span style=\"color: #000080;\"><strong>Por que Arquitetos Escolhem Pain\u00e9is Sandwich para Projetos Ecol\u00f3gicos e Dur\u00e1veis<\/strong><\/span><\/h3>\n<p><span>Arquitetos est\u00e3o abandonando materiais tradicionais em favor de pain\u00e9is sandwich, e aqui est\u00e1 o porqu\u00ea: S\u00e3o leves, o que significa funda\u00e7\u00f5es menores e menores emiss\u00f5es de transporte. Um relat\u00f3rio recente do AIA destacou que 67% das empresas agora especificam pain\u00e9is sandwich para projetos comerciais. Os pain\u00e9is tamb\u00e9m se adaptam (literalmente!) a formas criativas\u2014pense em fachadas curvas ou telhados dome. E com op\u00e7\u00f5es como n\u00facleos minerais resistentes ao fogo, atendem a c\u00f3digos de seguran\u00e7a rigorosos sem volume excessivo. Ah, e a manuten\u00e7\u00e3o? Uma lavagem r\u00e1pida mant\u00e9m a apar\u00eancia de novos. Ent\u00e3o, para projetos que unem beleza e intelig\u00eancia, pain\u00e9is sandwich vencem sempre.<\/span><\/p>\n<p>&nbsp;<\/p>","protected":false},"excerpt":{"rendered":"<table style=\"border-collapse: collapse; width: 470.27pt;\" border=\"0\" width=\"627\" cellspacing=\"0\" cellpadding=\"0\">\n<tbody>\n<tr style=\"height: 22.50pt;\">\n<td class=\"et2\" style=\"height: 22.5pt; width: 238.5pt; text-align: center;\" width=\"318\" height=\"30\">Tipo<\/td>\n<td class=\"et2\" style=\"width: 231.75pt; text-align: center;\" width=\"309\">organosil\u00edcio<\/td>\n<\/tr>\n<tr style=\"height: 22.50pt;\">\n<td class=\"et2\" style=\"height: 22.5pt; text-align: center;\" height=\"30\">Classifica\u00e7\u00e3o de Resist\u00eancia ao Fogo<\/td>\n<td class=\"et2\" style=\"text-align: center;\">Classe A\uff08ASTM E84\uff09<\/td>\n<\/tr>\n<tr style=\"height: 22.50pt;\">\n<td class=\"et2\" style=\"height: 22.5pt; text-align: center;\" height=\"30\">Resist\u00eancia \u00e0 compress\u00e3o<\/td>\n<td class=\"et4\" style=\"text-align: center;\">\u2265300\/kPa<\/td>\n<\/tr>\n<tr style=\"height: 22.50pt;\">\n<td class=\"et2\" style=\"height: 22.5pt; text-align: center;\" height=\"30\">M\u00e9todo de entrega<\/td>\n<td class=\"et2\" style=\"text-align: center;\">mercadoria em estoque<\/td>\n<\/tr>\n<tr style=\"height: 22.50pt;\">\n<td class=\"et5\" style=\"height: 22.5pt; text-align: center;\" colspan=\"2\" height=\"30\">\n<h3><span style=\"color: #ff0000;\">(Clique em mim) para amostras gr\u00e1tis<\/span><\/h3>\n<\/td>\n<\/tr>\n<tr style=\"height: 22.50pt;\">\n<td class=\"et7\" style=\"height: 22.5pt; width: 238.5pt; text-align: center;\" width=\"318\" height=\"30\">Tipo de transporte<\/td>\n<td class=\"et2\" style=\"text-align: center;\">Transporte mar\u00edtimo, rodovi\u00e1rio e a\u00e9reo<\/td>\n<\/tr>\n<\/tbody>\n<\/table>\n<ul>\n<li>Pain\u00e9is Sandu\u00edche Usados da Tesla \u2013 Assista aos V\u00eddeos de Teste de Terremoto de Sua F\u00e1brica em Nevada<\/li>\n<li>-40\u00b0F Pain\u00e9is \u00c1rticos \u2013 Mantenha Armaz\u00e9ns no Alasca Quentes com Metade da Energia<\/li>\n<li>Check-ups Anuais Gratuitos \u2013 Escaneie o C\u00f3digo QR nos Seus Pain\u00e9is para Agendar Manuten\u00e7\u00e3o<\/li>\n<li>Reordena\u00e7\u00e3o por Contratantes 91% \u2013 Por que Nossos Pain\u00e9is Sandu\u00edche Superam A\u00e7o e Concreto<\/li>\n<li>Sistema de Fechadura Projetado por Engenheiro da NASA \u2013 Seus Pain\u00e9is N\u00e3o Se Movem em Furac\u00f5es<\/li>\n<li>Prote\u00e7\u00e3o de Pagamento em Escrow \u2013 S\u00f3 Recebemos Quando Voc\u00ea Aprova a Instala\u00e7\u00e3o<\/li>\n<li>Design de encaixe r\u00e1pido reduz seu tempo de instala\u00e7\u00e3o pela metade<\/li>\n<li>Pre\u00e7os sem adivinha\u00e7\u00f5es \u2013 use nosso calculador online para ver custos exatos de materiais, frete e impostos.<\/li>\n<li>Personalize suas especifica\u00e7\u00f5es: Insira medidas e veja instantaneamente pr\u00e9-visualiza\u00e7\u00f5es 3D com pre\u00e7os em tempo real<\/li>\n<li>Ajuda de design especializada gratuita inclu\u00edda<\/li>\n<li>Obtenha cota\u00e7\u00f5es instant\u00e2neas online (frete e impostos inclu\u00eddos) \u2013 zero taxas ocultas.<\/li>\n<li>Nossa ferramenta inteligente de IA recomenda automaticamente os melhores materiais para seu projeto.<\/li>\n<li>Documentos de conformidade RoHS prontos para download \u2013 passe pela alf\u00e2ndega com um clique!<\/li>\n<li>Envio em 24h para Pain\u00e9is Sandwich Padr\u00e3o \u2013 Mais r\u00e1pido que pedidos na loja de materiais!<\/li>\n<li>Pain\u00e9is Sandu\u00edche de encaixe r\u00e1pido \u2013 Instale 1000m\u00b2 em 3 horas (Assista Nosso C\u00e3o Fazer Isso!)<\/li>\n<li>Pain\u00e9is Sandu\u00edche \u00e0 prova de fogo UL \u2013 Baixe v\u00eddeos de teste e certificados Instantaneamente<\/li>\n<li>Promessa de 20 Anos sem Ferrugem \u2013 N\u00f3s Pagamos $1000 se Seus Pain\u00e9is Sandwich de Metal Corroerem<\/li>\n<\/ul>","protected":false},"featured_media":2276,"comment_status":"open","ping_status":"closed","template":"","meta":[],"product_brand":[],"product_cat":[33],"product_tag":[],"class_list":{"0":"post-5020","1":"product","2":"type-product","3":"status-publish","4":"has-post-thumbnail","6":"product_cat-metal-carved-board","8":"first","9":"instock","10":"shipping-taxable","11":"product-type-simple"},"yoast_head":"<!-- This site is optimized with the Yoast SEO plugin v24.2 - https:\/\/yoast.com\/wordpress\/plugins\/seo\/ -->\n<title>Composite Sandwich Panel Sandwich Panels For Fast - Shang He Sandwich Panel<\/title>\n<meta name=\"description\" content=\"composite sandwich panel The block-to-block construction makes it exceptionally easy for installers to work.Contact me to surprise you!\" \/>\n<meta name=\"robots\" content=\"index, follow, max-snippet:-1, max-image-preview:large, max-video-preview:-1\" \/>\n<link rel=\"canonical\" href=\"https:\/\/shanghepanel.com\/pt\/product\/composite-sandwich-panel\/\" \/>\n<meta property=\"og:locale\" content=\"pt_BR\" \/>\n<meta property=\"og:type\" content=\"article\" \/>\n<meta property=\"og:title\" content=\"Composite Sandwich Panel Sandwich Panels For Fast - Shang He Sandwich Panel\" \/>\n<meta property=\"og:description\" content=\"composite sandwich panel The block-to-block construction makes it exceptionally easy for installers to work.Contact me to surprise you!\" \/>\n<meta property=\"og:url\" content=\"https:\/\/shanghepanel.com\/pt\/product\/composite-sandwich-panel\/\" \/>\n<meta property=\"og:site_name\" content=\"Shang He Sandwich Panel\" \/>\n<meta property=\"article:modified_time\" content=\"2025-06-05T06:05:02+00:00\" \/>\n<meta property=\"og:image\" content=\"https:\/\/shanghepanel.com\/wp-content\/uploads\/2024\/07\/RW-gc-367.jpg\" \/>\n\t<meta property=\"og:image:width\" content=\"800\" \/>\n\t<meta property=\"og:image:height\" content=\"800\" \/>\n\t<meta property=\"og:image:type\" content=\"image\/jpeg\" \/>\n<meta name=\"twitter:card\" content=\"summary_large_image\" \/>\n<meta name=\"twitter:label1\" content=\"Est. tempo de leitura\" \/>\n\t<meta name=\"twitter:data1\" content=\"3 minutos\" \/>\n<script type=\"application\/ld+json\" class=\"yoast-schema-graph\">{\"@context\":\"https:\/\/schema.org\",\"@graph\":[{\"@type\":\"WebPage\",\"@id\":\"https:\/\/shanghepanel.com\/product\/composite-sandwich-panel\/\",\"url\":\"https:\/\/shanghepanel.com\/product\/composite-sandwich-panel\/\",\"name\":\"Composite Sandwich Panel Sandwich Panels For Fast - Shang He Sandwich Panel\",\"isPartOf\":{\"@id\":\"https:\/\/shanghepanel.com\/#website\"},\"primaryImageOfPage\":{\"@id\":\"https:\/\/shanghepanel.com\/product\/composite-sandwich-panel\/#primaryimage\"},\"image\":{\"@id\":\"https:\/\/shanghepanel.com\/product\/composite-sandwich-panel\/#primaryimage\"},\"thumbnailUrl\":\"https:\/\/shanghepanel.com\/wp-content\/uploads\/2024\/07\/RW-gc-367.jpg\",\"datePublished\":\"2025-05-26T07:29:14+00:00\",\"dateModified\":\"2025-06-05T06:05:02+00:00\",\"description\":\"composite sandwich panel The block-to-block construction makes it exceptionally easy for installers to work.Contact me to surprise you!\",\"breadcrumb\":{\"@id\":\"https:\/\/shanghepanel.com\/product\/composite-sandwich-panel\/#breadcrumb\"},\"inLanguage\":\"pt-BR\",\"potentialAction\":[{\"@type\":\"ReadAction\",\"target\":[\"https:\/\/shanghepanel.com\/product\/composite-sandwich-panel\/\"]}]},{\"@type\":\"ImageObject\",\"inLanguage\":\"pt-BR\",\"@id\":\"https:\/\/shanghepanel.com\/product\/composite-sandwich-panel\/#primaryimage\",\"url\":\"https:\/\/shanghepanel.com\/wp-content\/uploads\/2024\/07\/RW-gc-367.jpg\",\"contentUrl\":\"https:\/\/shanghepanel.com\/wp-content\/uploads\/2024\/07\/RW-gc-367.jpg\",\"width\":800,\"height\":800},{\"@type\":\"BreadcrumbList\",\"@id\":\"https:\/\/shanghepanel.com\/product\/composite-sandwich-panel\/#breadcrumb\",\"itemListElement\":[{\"@type\":\"ListItem\",\"position\":1,\"name\":\"\u9996\u9875\",\"item\":\"https:\/\/shanghepanel.com\/en\/\"},{\"@type\":\"ListItem\",\"position\":2,\"name\":\"\u4ea7\u54c1\",\"item\":\"https:\/\/shanghepanel.com\/index.php\/shop\/\"},{\"@type\":\"ListItem\",\"position\":3,\"name\":\"Composite Sandwich Panel Sandwich Panels For Fast\"}]},{\"@type\":\"WebSite\",\"@id\":\"https:\/\/shanghepanel.com\/#website\",\"url\":\"https:\/\/shanghepanel.com\/\",\"name\":\"shanghepanel.com\",\"description\":\"\",\"publisher\":{\"@id\":\"https:\/\/shanghepanel.com\/#organization\"},\"potentialAction\":[{\"@type\":\"SearchAction\",\"target\":{\"@type\":\"EntryPoint\",\"urlTemplate\":\"https:\/\/shanghepanel.com\/?s={search_term_string}\"},\"query-input\":{\"@type\":\"PropertyValueSpecification\",\"valueRequired\":true,\"valueName\":\"search_term_string\"}}],\"inLanguage\":\"pt-BR\"},{\"@type\":\"Organization\",\"@id\":\"https:\/\/shanghepanel.com\/#organization\",\"name\":\"Shandong ShangHe New Construction Engineering Co., ltd.\",\"url\":\"https:\/\/shanghepanel.com\/\",\"logo\":{\"@type\":\"ImageObject\",\"inLanguage\":\"pt-BR\",\"@id\":\"https:\/\/shanghepanel.com\/#\/schema\/logo\/image\/\",\"url\":\"https:\/\/shanghepanel.com\/wp-content\/uploads\/2024\/03\/logo-1.png\",\"contentUrl\":\"https:\/\/shanghepanel.com\/wp-content\/uploads\/2024\/03\/logo-1.png\",\"width\":800,\"height\":800,\"caption\":\"Shandong ShangHe New Construction Engineering Co., ltd.\"},\"image\":{\"@id\":\"https:\/\/shanghepanel.com\/#\/schema\/logo\/image\/\"}}]}<\/script>\n<!-- \/ Yoast SEO plugin. -->","yoast_head_json":{"title":"Painel Sandwich Composto Pain\u00e9is Sandwich Para R\u00e1pido - Shang He Painel Sandwich","description":"painel sandwich composto A constru\u00e7\u00e3o de bloco a bloco torna-o excepcionalmente f\u00e1cil para os instaladores trabalharem. Entre em contato comigo para surpreend\u00ea-lo!","robots":{"index":"index","follow":"follow","max-snippet":"max-snippet:-1","max-image-preview":"max-image-preview:large","max-video-preview":"max-video-preview:-1"},"canonical":"https:\/\/shanghepanel.com\/pt\/product\/composite-sandwich-panel\/","og_locale":"pt_BR","og_type":"article","og_title":"Composite Sandwich Panel Sandwich Panels For Fast - Shang He Sandwich Panel","og_description":"composite sandwich panel The block-to-block construction makes it exceptionally easy for installers to work.Contact me to surprise you!","og_url":"https:\/\/shanghepanel.com\/pt\/product\/composite-sandwich-panel\/","og_site_name":"Shang He Sandwich Panel","article_modified_time":"2025-06-05T06:05:02+00:00","og_image":[{"width":800,"height":800,"url":"https:\/\/shanghepanel.com\/wp-content\/uploads\/2024\/07\/RW-gc-367.jpg","type":"image\/jpeg"}],"twitter_card":"summary_large_image","twitter_misc":{"Est. tempo de leitura":"3 minutos"},"schema":{"@context":"https:\/\/schema.org","@graph":[{"@type":"WebPage","@id":"https:\/\/shanghepanel.com\/product\/composite-sandwich-panel\/","url":"https:\/\/shanghepanel.com\/product\/composite-sandwich-panel\/","name":"Painel Sandwich Composto Pain\u00e9is Sandwich Para R\u00e1pido - Shang He Painel Sandwich","isPartOf":{"@id":"https:\/\/shanghepanel.com\/#website"},"primaryImageOfPage":{"@id":"https:\/\/shanghepanel.com\/product\/composite-sandwich-panel\/#primaryimage"},"image":{"@id":"https:\/\/shanghepanel.com\/product\/composite-sandwich-panel\/#primaryimage"},"thumbnailUrl":"https:\/\/shanghepanel.com\/wp-content\/uploads\/2024\/07\/RW-gc-367.jpg","datePublished":"2025-05-26T07:29:14+00:00","dateModified":"2025-06-05T06:05:02+00:00","description":"painel sandwich composto A constru\u00e7\u00e3o de bloco a bloco torna-o excepcionalmente f\u00e1cil para os instaladores trabalharem. Entre em contato comigo para surpreend\u00ea-lo!","breadcrumb":{"@id":"https:\/\/shanghepanel.com\/product\/composite-sandwich-panel\/#breadcrumb"},"inLanguage":"pt-BR","potentialAction":[{"@type":"ReadAction","target":["https:\/\/shanghepanel.com\/product\/composite-sandwich-panel\/"]}]},{"@type":"ImageObject","inLanguage":"pt-BR","@id":"https:\/\/shanghepanel.com\/product\/composite-sandwich-panel\/#primaryimage","url":"https:\/\/shanghepanel.com\/wp-content\/uploads\/2024\/07\/RW-gc-367.jpg","contentUrl":"https:\/\/shanghepanel.com\/wp-content\/uploads\/2024\/07\/RW-gc-367.jpg","width":800,"height":800},{"@type":"BreadcrumbList","@id":"https:\/\/shanghepanel.com\/product\/composite-sandwich-panel\/#breadcrumb","itemListElement":[{"@type":"ListItem","position":1,"name":"\u9996\u9875","item":"https:\/\/shanghepanel.com\/en\/"},{"@type":"ListItem","position":2,"name":"\u4ea7\u54c1","item":"https:\/\/shanghepanel.com\/index.php\/shop\/"},{"@type":"ListItem","position":3,"name":"Composite Sandwich Panel Sandwich Panels For Fast"}]},{"@type":"WebSite","@id":"https:\/\/shanghepanel.com\/#website","url":"https:\/\/shanghepanel.com\/","name":"shanghepanel.com","description":"","publisher":{"@id":"https:\/\/shanghepanel.com\/#organization"},"potentialAction":[{"@type":"SearchAction","target":{"@type":"EntryPoint","urlTemplate":"https:\/\/shanghepanel.com\/?s={search_term_string}"},"query-input":{"@type":"PropertyValueSpecification","valueRequired":true,"valueName":"search_term_string"}}],"inLanguage":"pt-BR"},{"@type":"Organization","@id":"https:\/\/shanghepanel.com\/#organization","name":"Shandong ShangHe Engenharia de Constru\u00e7\u00e3o Nova Ltda.","url":"https:\/\/shanghepanel.com\/","logo":{"@type":"ImageObject","inLanguage":"pt-BR","@id":"https:\/\/shanghepanel.com\/#\/schema\/logo\/image\/","url":"https:\/\/shanghepanel.com\/wp-content\/uploads\/2024\/03\/logo-1.png","contentUrl":"https:\/\/shanghepanel.com\/wp-content\/uploads\/2024\/03\/logo-1.png","width":800,"height":800,"caption":"Shandong ShangHe New Construction Engineering Co., ltd."},"image":{"@id":"https:\/\/shanghepanel.com\/#\/schema\/logo\/image\/"}}]}},"_links":{"self":[{"href":"https:\/\/shanghepanel.com\/pt\/wp-json\/wp\/v2\/product\/5020","targetHints":{"allow":["GET"]}}],"collection":[{"href":"https:\/\/shanghepanel.com\/pt\/wp-json\/wp\/v2\/product"}],"about":[{"href":"https:\/\/shanghepanel.com\/pt\/wp-json\/wp\/v2\/types\/product"}],"replies":[{"embeddable":true,"href":"https:\/\/shanghepanel.com\/pt\/wp-json\/wp\/v2\/comments?post=5020"}],"version-history":[{"count":0,"href":"https:\/\/shanghepanel.com\/pt\/wp-json\/wp\/v2\/product\/5020\/revisions"}],"wp:featuredmedia":[{"embeddable":true,"href":"https:\/\/shanghepanel.com\/pt\/wp-json\/wp\/v2\/media\/2276"}],"wp:attachment":[{"href":"https:\/\/shanghepanel.com\/pt\/wp-json\/wp\/v2\/media?parent=5020"}],"wp:term":[{"taxonomy":"product_brand","embeddable":true,"href":"https:\/\/shanghepanel.com\/pt\/wp-json\/wp\/v2\/product_brand?post=5020"},{"taxonomy":"product_cat","embeddable":true,"href":"https:\/\/shanghepanel.com\/pt\/wp-json\/wp\/v2\/product_cat?post=5020"},{"taxonomy":"product_tag","embeddable":true,"href":"https:\/\/shanghepanel.com\/pt\/wp-json\/wp\/v2\/product_tag?post=5020"}],"curies":[{"name":"wp","href":"https:\/\/api.w.org\/{rel}","templated":true}]}}