{"id":5037,"date":"2025-05-27T10:03:57","date_gmt":"2025-05-27T02:03:57","guid":{"rendered":"https:\/\/shanghepanel.com\/?post_type=product&#038;p=5037"},"modified":"2025-06-05T14:03:42","modified_gmt":"2025-06-05T06:03:42","slug":"fiberglass-foam-sandwich-panels","status":"publish","type":"product","link":"https:\/\/shanghepanel.com\/pt\/product\/fiberglass-foam-sandwich-panels\/","title":{"rendered":"Pain\u00e9is Sandwich de Espuma de Fibra de Vidro Pe\u00e7a Agora! Resistente a Mofo"},"content":{"rendered":"<h2 style=\"text-align: center;\"><strong>Por que as L\u00e2minas de FRP S\u00e3o Essenciais na Constru\u00e7\u00e3o de Pain\u00e9is de Sandwich de Espuma de Fibra de Vidro<\/strong><\/h2>\n<p class=\"ds-markdown-paragraph\"><span>L\u00e2minas de FRP, ou L\u00e2minas de Pl\u00e1stico Refor\u00e7ado com Fibra de Vidro, s\u00e3o uma inova\u00e7\u00e3o nos sistemas de pain\u00e9is de sandwich de espuma de fibra de vidro \u2014 e aqui est\u00e1 o porqu\u00ea. Imagine que voc\u00ea est\u00e1 construindo uma estrutura que precisa resistir a condi\u00e7\u00f5es clim\u00e1ticas adversas, resistir \u00e0 corros\u00e3o,\u00a0<\/span><em>e<\/em><span>\u00a0manter-se leve. As l\u00e2minas de FRP oferecem os tr\u00eas. Elas atuam como a \u201cpele\u201d externa dos pain\u00e9is de sandwich, fornecendo uma camada resistente \u00e0s intemp\u00e9ries, enquanto o n\u00facleo de espuma de fibra de vidro adiciona isolamento e suporte estrutural. Tome como exemplo o projeto do Distrito da Marina de S\u00e3o Francisco. Engenheiros usaram pain\u00e9is de sandwich \u00e0 base de FRP para combater o ar salgado e a umidade, conquistando a certifica\u00e7\u00e3o LEED para sustentabilidade. Al\u00e9m disso, a flexibilidade do FRP permite designs curvos, tornando-se uma escolha para arquitetos que desejam tanto forma quanto fun\u00e7\u00e3o.<\/span><\/p>\n<h3 style=\"text-align: center;\"><strong>Pain\u00e9is de Espuma de Poliuretano vs. Pain\u00e9is de Sandwich de Espuma de Fibra de Vidro: Qual \u00e9 o Melhor para Isolamento?<\/strong><\/h3>\n<p class=\"ds-markdown-paragraph\"><span>Vamos resolver a discuss\u00e3o: os pain\u00e9is de sandwich de espuma de poliuretano s\u00e3o lend\u00e1rios por sua resist\u00eancia t\u00e9rmica, mas como eles se comparam aos n\u00facleos de espuma de fibra de vidro? A espuma de poliuretano (PU) possui um valor R de\u00a0<\/span><em>6,5 por polegada<\/em><span>, tornando-se uma escolha superior para instala\u00e7\u00f5es de armazenamento a frio. Mas os pain\u00e9is de sandwich de espuma de fibra de vidro? Eles n\u00e3o ficam atr\u00e1s. Embora sejam um pouco menos isolantes, destacam-se na resist\u00eancia ao fogo \u2014 fundamental para constru\u00e7\u00f5es comerciais. Um estudo de 2022 do MIT destacou a capacidade da espuma de fibra de vidro de suportar temperaturas de 1.000\u00b0F por mais de 2 horas, gra\u00e7as \u00e0s suas propriedades n\u00e3o combust\u00edveis. Portanto, se voc\u00ea prioriza a seguran\u00e7a contra inc\u00eandios sem abrir m\u00e3o do isolamento, a espuma de fibra de vidro pode ser sua melhor escolha.<\/span><\/p>\n<hr \/>\n<table style=\"border-collapse: collapse; width: 1369px; height: 337px;\" border=\"0\" width=\"1354\" cellspacing=\"0\" cellpadding=\"0\">\n<tbody>\n<tr style=\"height: 22.50pt;\">\n<td class=\"et3\" style=\"height: 22.5pt; width: 1015.5pt; text-align: center;\" colspan=\"4\" width=\"1354\" height=\"30\">\n<h3><span style=\"color: #000000;\">Atributos importantes<\/span><\/h3>\n<\/td>\n<\/tr>\n<tr style=\"height: 22.50pt;\">\n<td class=\"et4\" style=\"height: 22.5pt; text-align: center;\" height=\"30\">design<\/td>\n<td class=\"et4\" style=\"text-align: center;\">a era presente<\/td>\n<td class=\"et4\" style=\"text-align: center;\">Servi\u00e7o p\u00f3s-venda<\/td>\n<td class=\"et4\" style=\"text-align: center;\">Suporte T\u00e9cnico Online, Outros<\/td>\n<\/tr>\n<tr style=\"height: 22.50pt;\">\n<td class=\"et5\" style=\"height: 22.5pt; text-align: center;\" height=\"30\">Origem<\/td>\n<td class=\"et5\" style=\"text-align: center;\">Shandong, China<\/td>\n<td class=\"et5\" style=\"text-align: center;\">Cen\u00e1rios de Aplica\u00e7\u00e3o<\/td>\n<td class=\"et5\" style=\"text-align: center;\">Armaz\u00e9m<\/td>\n<\/tr>\n<tr style=\"height: 23.25pt;\">\n<td class=\"et5\" style=\"height: 23.25pt; text-align: center;\" height=\"31\">Marca<\/td>\n<td class=\"et5\" style=\"text-align: center;\">SH<\/td>\n<td class=\"et5\" style=\"text-align: center;\">Servi\u00e7o de Garantia<\/td>\n<td class=\"et6\" style=\"width: 238.5pt; text-align: center;\" width=\"318\">poliuretano<\/td>\n<\/tr>\n<tr style=\"height: 22.50pt;\">\n<td class=\"et5\" style=\"height: 22.5pt; text-align: center;\" height=\"30\">Material do Painel<\/td>\n<td class=\"et5\" style=\"text-align: center;\">poliuretano<\/td>\n<td class=\"et5\" style=\"text-align: center;\">Modelos<\/td>\n<td class=\"et5\" style=\"text-align: center;\">SH 150mm<\/td>\n<\/tr>\n<tr style=\"height: 23.25pt;\">\n<td class=\"et5\" style=\"height: 23.25pt; text-align: center;\" height=\"31\">Uso<\/td>\n<td class=\"et7\" style=\"width: 256.5pt; text-align: center;\" width=\"342\">Decora\u00e7\u00e3o Exterior<\/td>\n<td class=\"et8\" style=\"width: 195pt; text-align: center;\" width=\"260\">Nome do Produto<\/td>\n<td class=\"et5\" style=\"text-align: center;\">pain\u00e9is sandu\u00edche de espuma de fibra de vidro confi\u00e1vel<\/td>\n<\/tr>\n<tr style=\"height: 23.25pt;\">\n<td class=\"et5\" style=\"height: 23.25pt; text-align: center;\" height=\"31\">Material de Superf\u00edcie<\/td>\n<td class=\"et9\" style=\"width: 256.5pt; text-align: center;\" width=\"342\">Met\u00e1lico<\/td>\n<td class=\"et5\" style=\"text-align: center;\">Pedido M\u00ednimo<\/td>\n<td class=\"et5\" style=\"text-align: center;\">Personaliza\u00e7\u00e3o<\/td>\n<\/tr>\n<tr style=\"height: 22.50pt;\">\n<td class=\"et5\" style=\"height: 22.5pt; text-align: center;\" height=\"30\">Espessura<\/td>\n<td class=\"et5\" style=\"text-align: center;\">16MM\/20MM\/25MM<\/td>\n<td class=\"et5\" style=\"text-align: center;\">Cor<\/td>\n<td class=\"et5\" style=\"text-align: center;\">Vermelho brilhante, carmesim, lim\u00e3o, azul c\u00e9u, aquamarine, verde ervilha ou personalizado<\/td>\n<\/tr>\n<tr style=\"height: 22.50pt;\">\n<td class=\"et10\" style=\"height: 22.5pt; text-align: center;\" height=\"30\">Largura<\/td>\n<td class=\"et2\" style=\"text-align: center;\">100mm,120mm,150mm,200mm<\/td>\n<td class=\"et2\"><\/td>\n<td class=\"et2\"><\/td>\n<\/tr>\n<\/tbody>\n<\/table>\n<h3 style=\"text-align: center;\"><strong>Top 5 Benef\u00edcios dos Pain\u00e9is de Fibra de Vidro na Arquitetura Moderna<\/strong><\/h3>\n<p class=\"ds-markdown-paragraph\"><span>Os pain\u00e9is de fibra de vidro n\u00e3o s\u00e3o apenas \u201coutro material de constru\u00e7\u00e3o\u201d \u2014 eles est\u00e3o revolucionando o design. Primeiro, eles s\u00e3o\u00a0<\/span><em>incrivelmente<\/em><span>\u00a0dur\u00e1veis. Diferente dos materiais tradicionais, eles n\u00e3o enferrujam, apodrecem ou deformam. Segundo, sua leveza reduz os custos de transporte em at\u00e9 30%, conforme destacado em um estudo de caso da Harvard Business Review. Terceiro, s\u00e3o ecol\u00f3gicos; a maioria dos pain\u00e9is de fibra de vidro utiliza vidro reciclado. Quarto, s\u00e3o um sonho para instaladores \u2014 pense em cortes e perfura\u00e7\u00f5es f\u00e1ceis. Por fim, seu acabamento elegante elimina a necessidade de revestimentos adicionais. Desde coberturas de aeroportos at\u00e9 casas ecol\u00f3gicas, esses pain\u00e9is est\u00e3o moldando o futuro.<\/span><\/p>\n<hr \/>\n<h3 class=\"ds-markdown-paragraph\" style=\"text-align: center;\"><strong>Como os Pain\u00e9is de Fibra de Vidro Aumentam a Durabilidade em Pain\u00e9is Sandwich Industriais<\/strong><\/h3>\n<p class=\"ds-markdown-paragraph\"><span>J\u00e1 se perguntou por que armaz\u00e9ns e f\u00e1bricas adoram pain\u00e9is de fibra de vidro em suas configura\u00e7\u00f5es de sandwich? Tudo se resume \u00e0 longevidade. Esses pain\u00e9is resistem a vazamentos qu\u00edmicos, raios UV e at\u00e9 danos por impacto. Tome como exemplo o centro de distribui\u00e7\u00e3o da Amazon em Ohio: ap\u00f3s a troca para pain\u00e9is de sandwich com face de fibra de vidro, os custos de manuten\u00e7\u00e3o ca\u00edram 40% ao ano. O segredo? A superf\u00edcie rica em resina do fibra de vidro cria uma barreira contra umidade e abras\u00e3o. E n\u00e3o podemos esquecer das zonas s\u00edsmicas \u2014 a flexibilidade do fibra de vidro ajuda as estruturas a se dobrarem, n\u00e3o se quebrarem, durante terremotos.<\/span><\/p>\n<h2 class=\"ds-markdown-paragraph\" style=\"text-align: center;\"><strong>Fibra de Vidro de Espuma: O Segredo por Tr\u00e1s de Estruturas de Sandwich Ultra Leves<\/strong><\/h2>\n<p class=\"ds-markdown-paragraph\"><span>A espuma de fibra de vidro \u00e9 a hero\u00edna n\u00e3o reconhecida da constru\u00e7\u00e3o leve. Qu\u00e3o leve? Um painel t\u00edpico de 4\u00d78 p\u00e9s pesa menos de 50 libras \u2014 metade do peso de alternativas de concreto. Mas n\u00e3o confunda \u201cleve\u201d com \u201cfraco\u201d. Esse n\u00facleo de espuma distribui a tens\u00e3o de forma uniforme, uma t\u00e9cnica emprestada da engenharia aeroespacial (a Boeing patenteou um design semelhante em 2018). \u00c9 por isso que os condom\u00ednios propensos a furac\u00f5es em Miami usam pain\u00e9is de sandwich de espuma de fibra de vidro: eles permanecem no lugar em ventos de 150 mph. Al\u00e9m disso, a estrutura de c\u00e9lulas fechadas da espuma impede a absor\u00e7\u00e3o de \u00e1gua, evitando mofo \u2014 uma grande vantagem para projetos costeiros.<\/span><\/p>\n<h3 style=\"text-align: center;\"><\/h3>","protected":false},"excerpt":{"rendered":"<table style=\"border-collapse: collapse; width: 470.27pt;\" border=\"0\" width=\"627\" cellspacing=\"0\" cellpadding=\"0\">\n<tbody>\n<tr style=\"height: 22.50pt;\">\n<td class=\"et2\" style=\"height: 22.5pt; width: 238.5pt; text-align: center;\" width=\"318\" height=\"30\">Tipo<\/td>\n<td class=\"et2\" style=\"width: 231.75pt; text-align: center;\" width=\"309\">organosil\u00edcio<\/td>\n<\/tr>\n<tr style=\"height: 22.50pt;\">\n<td class=\"et2\" style=\"height: 22.5pt; text-align: center;\" height=\"30\">Classifica\u00e7\u00e3o de Resist\u00eancia ao Fogo<\/td>\n<td class=\"et2\" style=\"text-align: center;\">Classe A\uff08ASTM E84\uff09<\/td>\n<\/tr>\n<tr style=\"height: 22.50pt;\">\n<td class=\"et2\" style=\"height: 22.5pt; text-align: center;\" height=\"30\">Resist\u00eancia \u00e0 compress\u00e3o<\/td>\n<td class=\"et4\" style=\"text-align: center;\">\u2265300\/kPa<\/td>\n<\/tr>\n<tr style=\"height: 22.50pt;\">\n<td class=\"et2\" style=\"height: 22.5pt; text-align: center;\" height=\"30\">M\u00e9todo de entrega<\/td>\n<td class=\"et2\" style=\"text-align: center;\">mercadoria em estoque<\/td>\n<\/tr>\n<tr style=\"height: 22.50pt;\">\n<td class=\"et5\" style=\"height: 22.5pt; text-align: center;\" colspan=\"2\" height=\"30\">\n<h3><span style=\"color: #ff0000;\">(Clique em mim) para amostras gr\u00e1tis<\/span><\/h3>\n<\/td>\n<\/tr>\n<tr style=\"height: 22.50pt;\">\n<td class=\"et7\" style=\"height: 22.5pt; width: 238.5pt; text-align: center;\" width=\"318\" height=\"30\">Tipo de transporte<\/td>\n<td class=\"et2\" style=\"text-align: center;\">Transporte mar\u00edtimo, rodovi\u00e1rio e a\u00e9reo<\/td>\n<\/tr>\n<\/tbody>\n<\/table>\n<ul>\n<li>Reordena\u00e7\u00e3o por Contratantes 91% \u2013 Por que Nossos Pain\u00e9is Sandu\u00edche Superam A\u00e7o e Concreto<\/li>\n<li>Sistema de Fechadura Projetado por Engenheiro da NASA \u2013 Seus Pain\u00e9is N\u00e3o Se Movem em Furac\u00f5es<\/li>\n<li>Prote\u00e7\u00e3o de Pagamento em Escrow \u2013 S\u00f3 Recebemos Quando Voc\u00ea Aprova a Instala\u00e7\u00e3o<\/li>\n<li>Design de encaixe r\u00e1pido reduz seu tempo de instala\u00e7\u00e3o pela metade<\/li>\n<li>Pre\u00e7os sem adivinha\u00e7\u00f5es \u2013 use nosso calculador online para ver custos exatos de materiais, frete e impostos.<\/li>\n<li>Personalize suas especifica\u00e7\u00f5es: Insira medidas e veja instantaneamente pr\u00e9-visualiza\u00e7\u00f5es 3D com pre\u00e7os em tempo real<\/li>\n<li>Ajuda de design especializada gratuita inclu\u00edda<\/li>\n<li>Obtenha cota\u00e7\u00f5es instant\u00e2neas online (frete e impostos inclu\u00eddos) \u2013 zero taxas ocultas.<\/li>\n<li>Nossa ferramenta inteligente de IA recomenda automaticamente os melhores materiais para seu projeto.<\/li>\n<li>Documentos de conformidade RoHS prontos para download \u2013 passe pela alf\u00e2ndega com um clique!<\/li>\n<li>Envio em 24h para Pain\u00e9is Sandwich Padr\u00e3o \u2013 Mais r\u00e1pido que pedidos na loja de materiais!<\/li>\n<li>Pain\u00e9is Sandu\u00edche de encaixe r\u00e1pido \u2013 Instale 1000m\u00b2 em 3 horas (Assista Nosso C\u00e3o Fazer Isso!)<\/li>\n<li>Pain\u00e9is Sandu\u00edche \u00e0 prova de fogo UL \u2013 Baixe v\u00eddeos de teste e certificados Instantaneamente<\/li>\n<li>Promessa de 20 Anos sem Ferrugem \u2013 N\u00f3s Pagamos $1000 se Seus Pain\u00e9is Sandwich de Metal Corroerem<\/li>\n<li>Qualquer Forma Poss\u00edvel! Pain\u00e9is Sandu\u00edche Curvos\/Circulares \u2013 Envie o Esbo\u00e7o, Receba Design 3D<\/li>\n<\/ul>","protected":false},"featured_media":2333,"comment_status":"open","ping_status":"closed","template":"","meta":[],"product_brand":[],"product_cat":[33],"product_tag":[],"class_list":{"0":"post-5037","1":"product","2":"type-product","3":"status-publish","4":"has-post-thumbnail","6":"product_cat-metal-carved-board","8":"first","9":"instock","10":"shipping-taxable","11":"product-type-simple"},"yoast_head":"<!-- This site is optimized with the Yoast SEO plugin v24.2 - https:\/\/yoast.com\/wordpress\/plugins\/seo\/ -->\n<title>Fiberglass Foam Sandwich Panels Order Now! Mold-Resistant - Shang He Sandwich Panel<\/title>\n<meta name=\"description\" content=\"fiberglass foam sandwich panels The block-to-block construction makes it exceptionally easy for installers to work.Contact me to surprise you!frp sandwich panels\" \/>\n<meta name=\"robots\" content=\"index, follow, max-snippet:-1, max-image-preview:large, max-video-preview:-1\" \/>\n<link rel=\"canonical\" href=\"https:\/\/shanghepanel.com\/pt\/product\/fiberglass-foam-sandwich-panels\/\" \/>\n<meta property=\"og:locale\" content=\"pt_BR\" \/>\n<meta property=\"og:type\" content=\"article\" \/>\n<meta property=\"og:title\" content=\"Fiberglass Foam Sandwich Panels Order Now! Mold-Resistant - Shang He Sandwich Panel\" \/>\n<meta property=\"og:description\" content=\"fiberglass foam sandwich panels The block-to-block construction makes it exceptionally easy for installers to work.Contact me to surprise you!frp sandwich panels\" \/>\n<meta property=\"og:url\" content=\"https:\/\/shanghepanel.com\/pt\/product\/fiberglass-foam-sandwich-panels\/\" \/>\n<meta property=\"og:site_name\" content=\"Shang He Sandwich Panel\" \/>\n<meta property=\"article:modified_time\" content=\"2025-06-05T06:03:42+00:00\" \/>\n<meta property=\"og:image\" content=\"https:\/\/shanghepanel.com\/wp-content\/uploads\/2024\/07\/B-gc-134.jpg\" \/>\n\t<meta property=\"og:image:width\" content=\"800\" \/>\n\t<meta property=\"og:image:height\" content=\"800\" \/>\n\t<meta property=\"og:image:type\" content=\"image\/jpeg\" \/>\n<meta name=\"twitter:card\" content=\"summary_large_image\" \/>\n<meta name=\"twitter:label1\" content=\"Est. tempo de leitura\" \/>\n\t<meta name=\"twitter:data1\" content=\"3 minutos\" \/>\n<script type=\"application\/ld+json\" class=\"yoast-schema-graph\">{\"@context\":\"https:\/\/schema.org\",\"@graph\":[{\"@type\":\"WebPage\",\"@id\":\"https:\/\/shanghepanel.com\/product\/fiberglass-foam-sandwich-panels\/\",\"url\":\"https:\/\/shanghepanel.com\/product\/fiberglass-foam-sandwich-panels\/\",\"name\":\"Fiberglass Foam Sandwich Panels Order Now! Mold-Resistant - Shang He Sandwich Panel\",\"isPartOf\":{\"@id\":\"https:\/\/shanghepanel.com\/#website\"},\"primaryImageOfPage\":{\"@id\":\"https:\/\/shanghepanel.com\/product\/fiberglass-foam-sandwich-panels\/#primaryimage\"},\"image\":{\"@id\":\"https:\/\/shanghepanel.com\/product\/fiberglass-foam-sandwich-panels\/#primaryimage\"},\"thumbnailUrl\":\"https:\/\/shanghepanel.com\/wp-content\/uploads\/2024\/07\/B-gc-134.jpg\",\"datePublished\":\"2025-05-27T02:03:57+00:00\",\"dateModified\":\"2025-06-05T06:03:42+00:00\",\"description\":\"fiberglass foam sandwich panels The block-to-block construction makes it exceptionally easy for installers to work.Contact me to surprise you!frp sandwich panels\",\"breadcrumb\":{\"@id\":\"https:\/\/shanghepanel.com\/product\/fiberglass-foam-sandwich-panels\/#breadcrumb\"},\"inLanguage\":\"pt-BR\",\"potentialAction\":[{\"@type\":\"ReadAction\",\"target\":[\"https:\/\/shanghepanel.com\/product\/fiberglass-foam-sandwich-panels\/\"]}]},{\"@type\":\"ImageObject\",\"inLanguage\":\"pt-BR\",\"@id\":\"https:\/\/shanghepanel.com\/product\/fiberglass-foam-sandwich-panels\/#primaryimage\",\"url\":\"https:\/\/shanghepanel.com\/wp-content\/uploads\/2024\/07\/B-gc-134.jpg\",\"contentUrl\":\"https:\/\/shanghepanel.com\/wp-content\/uploads\/2024\/07\/B-gc-134.jpg\",\"width\":800,\"height\":800},{\"@type\":\"BreadcrumbList\",\"@id\":\"https:\/\/shanghepanel.com\/product\/fiberglass-foam-sandwich-panels\/#breadcrumb\",\"itemListElement\":[{\"@type\":\"ListItem\",\"position\":1,\"name\":\"\u9996\u9875\",\"item\":\"https:\/\/shanghepanel.com\/en\/\"},{\"@type\":\"ListItem\",\"position\":2,\"name\":\"\u4ea7\u54c1\",\"item\":\"https:\/\/shanghepanel.com\/index.php\/shop\/\"},{\"@type\":\"ListItem\",\"position\":3,\"name\":\"Fiberglass Foam Sandwich Panels Order Now! Mold-Resistant\"}]},{\"@type\":\"WebSite\",\"@id\":\"https:\/\/shanghepanel.com\/#website\",\"url\":\"https:\/\/shanghepanel.com\/\",\"name\":\"shanghepanel.com\",\"description\":\"\",\"publisher\":{\"@id\":\"https:\/\/shanghepanel.com\/#organization\"},\"potentialAction\":[{\"@type\":\"SearchAction\",\"target\":{\"@type\":\"EntryPoint\",\"urlTemplate\":\"https:\/\/shanghepanel.com\/?s={search_term_string}\"},\"query-input\":{\"@type\":\"PropertyValueSpecification\",\"valueRequired\":true,\"valueName\":\"search_term_string\"}}],\"inLanguage\":\"pt-BR\"},{\"@type\":\"Organization\",\"@id\":\"https:\/\/shanghepanel.com\/#organization\",\"name\":\"Shandong ShangHe New Construction Engineering Co., ltd.\",\"url\":\"https:\/\/shanghepanel.com\/\",\"logo\":{\"@type\":\"ImageObject\",\"inLanguage\":\"pt-BR\",\"@id\":\"https:\/\/shanghepanel.com\/#\/schema\/logo\/image\/\",\"url\":\"https:\/\/shanghepanel.com\/wp-content\/uploads\/2024\/03\/logo-1.png\",\"contentUrl\":\"https:\/\/shanghepanel.com\/wp-content\/uploads\/2024\/03\/logo-1.png\",\"width\":800,\"height\":800,\"caption\":\"Shandong ShangHe New Construction Engineering Co., ltd.\"},\"image\":{\"@id\":\"https:\/\/shanghepanel.com\/#\/schema\/logo\/image\/\"}}]}<\/script>\n<!-- \/ Yoast SEO plugin. -->","yoast_head_json":{"title":"Pain\u00e9is de Sandwich de Espuma de Fibra de Vidro Pe\u00e7a Agora! Resistente a Moldes - Painel Sandwich Shang He","description":"Pain\u00e9is de Sandwich de Espuma de Fibra de Vidro A constru\u00e7\u00e3o bloco a bloco torna extremamente f\u00e1cil para os instaladores trabalharem. Entre em contato comigo para te surpreender! pain\u00e9is de sandwich de FRP","robots":{"index":"index","follow":"follow","max-snippet":"max-snippet:-1","max-image-preview":"max-image-preview:large","max-video-preview":"max-video-preview:-1"},"canonical":"https:\/\/shanghepanel.com\/pt\/product\/fiberglass-foam-sandwich-panels\/","og_locale":"pt_BR","og_type":"article","og_title":"Fiberglass Foam Sandwich Panels Order Now! Mold-Resistant - Shang He Sandwich Panel","og_description":"fiberglass foam sandwich panels The block-to-block construction makes it exceptionally easy for installers to work.Contact me to surprise you!frp sandwich panels","og_url":"https:\/\/shanghepanel.com\/pt\/product\/fiberglass-foam-sandwich-panels\/","og_site_name":"Shang He Sandwich Panel","article_modified_time":"2025-06-05T06:03:42+00:00","og_image":[{"url":"https:\/\/shanghepanel.com\/wp-content\/uploads\/2024\/07\/B-gc-134.jpg","width":800,"height":800,"type":"image\/jpeg"}],"twitter_card":"summary_large_image","twitter_misc":{"Est. tempo de leitura":"3 minutos"},"schema":{"@context":"https:\/\/schema.org","@graph":[{"@type":"WebPage","@id":"https:\/\/shanghepanel.com\/product\/fiberglass-foam-sandwich-panels\/","url":"https:\/\/shanghepanel.com\/product\/fiberglass-foam-sandwich-panels\/","name":"Pain\u00e9is de Sandwich de Espuma de Fibra de Vidro Pe\u00e7a Agora! Resistente a Moldes - Painel Sandwich Shang He","isPartOf":{"@id":"https:\/\/shanghepanel.com\/#website"},"primaryImageOfPage":{"@id":"https:\/\/shanghepanel.com\/product\/fiberglass-foam-sandwich-panels\/#primaryimage"},"image":{"@id":"https:\/\/shanghepanel.com\/product\/fiberglass-foam-sandwich-panels\/#primaryimage"},"thumbnailUrl":"https:\/\/shanghepanel.com\/wp-content\/uploads\/2024\/07\/B-gc-134.jpg","datePublished":"2025-05-27T02:03:57+00:00","dateModified":"2025-06-05T06:03:42+00:00","description":"Pain\u00e9is de Sandwich de Espuma de Fibra de Vidro A constru\u00e7\u00e3o bloco a bloco torna extremamente f\u00e1cil para os instaladores trabalharem. Entre em contato comigo para te surpreender! pain\u00e9is de sandwich de FRP","breadcrumb":{"@id":"https:\/\/shanghepanel.com\/product\/fiberglass-foam-sandwich-panels\/#breadcrumb"},"inLanguage":"pt-BR","potentialAction":[{"@type":"ReadAction","target":["https:\/\/shanghepanel.com\/product\/fiberglass-foam-sandwich-panels\/"]}]},{"@type":"ImageObject","inLanguage":"pt-BR","@id":"https:\/\/shanghepanel.com\/product\/fiberglass-foam-sandwich-panels\/#primaryimage","url":"https:\/\/shanghepanel.com\/wp-content\/uploads\/2024\/07\/B-gc-134.jpg","contentUrl":"https:\/\/shanghepanel.com\/wp-content\/uploads\/2024\/07\/B-gc-134.jpg","width":800,"height":800},{"@type":"BreadcrumbList","@id":"https:\/\/shanghepanel.com\/product\/fiberglass-foam-sandwich-panels\/#breadcrumb","itemListElement":[{"@type":"ListItem","position":1,"name":"\u9996\u9875","item":"https:\/\/shanghepanel.com\/en\/"},{"@type":"ListItem","position":2,"name":"\u4ea7\u54c1","item":"https:\/\/shanghepanel.com\/index.php\/shop\/"},{"@type":"ListItem","position":3,"name":"Fiberglass Foam Sandwich Panels Order Now! Mold-Resistant"}]},{"@type":"WebSite","@id":"https:\/\/shanghepanel.com\/#website","url":"https:\/\/shanghepanel.com\/","name":"shanghepanel.com","description":"","publisher":{"@id":"https:\/\/shanghepanel.com\/#organization"},"potentialAction":[{"@type":"SearchAction","target":{"@type":"EntryPoint","urlTemplate":"https:\/\/shanghepanel.com\/?s={search_term_string}"},"query-input":{"@type":"PropertyValueSpecification","valueRequired":true,"valueName":"search_term_string"}}],"inLanguage":"pt-BR"},{"@type":"Organization","@id":"https:\/\/shanghepanel.com\/#organization","name":"Shandong ShangHe Engenharia de Constru\u00e7\u00e3o Nova Ltda.","url":"https:\/\/shanghepanel.com\/","logo":{"@type":"ImageObject","inLanguage":"pt-BR","@id":"https:\/\/shanghepanel.com\/#\/schema\/logo\/image\/","url":"https:\/\/shanghepanel.com\/wp-content\/uploads\/2024\/03\/logo-1.png","contentUrl":"https:\/\/shanghepanel.com\/wp-content\/uploads\/2024\/03\/logo-1.png","width":800,"height":800,"caption":"Shandong ShangHe New Construction Engineering Co., ltd."},"image":{"@id":"https:\/\/shanghepanel.com\/#\/schema\/logo\/image\/"}}]}},"_links":{"self":[{"href":"https:\/\/shanghepanel.com\/pt\/wp-json\/wp\/v2\/product\/5037","targetHints":{"allow":["GET"]}}],"collection":[{"href":"https:\/\/shanghepanel.com\/pt\/wp-json\/wp\/v2\/product"}],"about":[{"href":"https:\/\/shanghepanel.com\/pt\/wp-json\/wp\/v2\/types\/product"}],"replies":[{"embeddable":true,"href":"https:\/\/shanghepanel.com\/pt\/wp-json\/wp\/v2\/comments?post=5037"}],"version-history":[{"count":0,"href":"https:\/\/shanghepanel.com\/pt\/wp-json\/wp\/v2\/product\/5037\/revisions"}],"wp:featuredmedia":[{"embeddable":true,"href":"https:\/\/shanghepanel.com\/pt\/wp-json\/wp\/v2\/media\/2333"}],"wp:attachment":[{"href":"https:\/\/shanghepanel.com\/pt\/wp-json\/wp\/v2\/media?parent=5037"}],"wp:term":[{"taxonomy":"product_brand","embeddable":true,"href":"https:\/\/shanghepanel.com\/pt\/wp-json\/wp\/v2\/product_brand?post=5037"},{"taxonomy":"product_cat","embeddable":true,"href":"https:\/\/shanghepanel.com\/pt\/wp-json\/wp\/v2\/product_cat?post=5037"},{"taxonomy":"product_tag","embeddable":true,"href":"https:\/\/shanghepanel.com\/pt\/wp-json\/wp\/v2\/product_tag?post=5037"}],"curies":[{"name":"wp","href":"https:\/\/api.w.org\/{rel}","templated":true}]}}