{"id":5039,"date":"2025-05-27T10:16:25","date_gmt":"2025-05-27T02:16:25","guid":{"rendered":"https:\/\/shanghepanel.com\/?post_type=product&#038;p=5039"},"modified":"2025-06-05T14:03:31","modified_gmt":"2025-06-05T06:03:31","slug":"fibreglass-foam-sandwich-panel","status":"publish","type":"product","link":"https:\/\/shanghepanel.com\/pt\/product\/fibreglass-foam-sandwich-panel\/","title":{"rendered":"Painel Sandwich de Espuma de Fibra de Vidro 60% Instala\u00e7\u00e3o mais R\u00e1pida"},"content":{"rendered":"<h2 style=\"text-align: center;\"><strong>Custo do Painel Sandu\u00edche Composto Est\u00e1 Arruinando Seu Or\u00e7amento? Como Fibra de Carbono Reduz o Peso<span>\u00a0<\/span><em>e<\/em><span>\u00a0<\/span>Despesas<\/strong><\/h2>\n<p class=\"ds-markdown-paragraph\"><span>Vamos encarar: materiais tradicionais como a\u00e7o ou alum\u00ednio est\u00e3o consumindo seu or\u00e7amento com custos ocultos\u2014frete, m\u00e3o de obra, reparos contra corros\u00e3o. Pain\u00e9is sandu\u00edche de fibra de carbono compostos? S\u00e3o mais leves que a estrutura de um Tesla Cybertruck, reduzindo os custos de frete em 30% (os dados da Boeing n\u00e3o mentem). O n\u00facleo de espuma ou favo de mel reduz o tempo de instala\u00e7\u00e3o, e sem ferrugem significa zero dores de cabe\u00e7a com manuten\u00e7\u00e3o. A NASA usa esses em sat\u00e9lites porque duram d\u00e9cadas sem degradar. Ainda pagando demais por materiais \u201cbaratos\u201d?<\/span><\/p>\n<h3 style=\"text-align: center;\"><strong>Revestimentos de Piso de Painel Composto Est\u00e3o Rachando Sob Press\u00e3o? Conserte Antes que Seu Armaz\u00e9m Seja Fechado<\/strong><\/h3>\n<p class=\"ds-markdown-paragraph\"><span>Pisos de concreto rachando sob empilhadeiras? Pain\u00e9is compostos com revestimentos de fibra de vidro e n\u00facleos de poliuretano suportam cargas de 15.000 psi\u2014os armaz\u00e9ns da Amazon provam isso. Eles s\u00e3o\u00a0<\/span><em>pr\u00e9-fabricados<\/em><span>, ent\u00e3o n\u00e3o h\u00e1 espera pelo cura do concreto, e a superf\u00edcie n\u00e3o porosa impede que vazamentos de \u00f3leo penetrem. Multas da OSHA por escorreg\u00f5es e quedas? Adicione revestimentos antiderrapantes. B\u00f4nus: isolamento reduz as contas de aquecimento em 25%. N\u00e3o deixe o tempo de inatividade te falir.<\/span><\/p>\n<hr \/>\n<table style=\"border-collapse: collapse; width: 1369px; height: 337px;\" border=\"0\" width=\"1354\" cellspacing=\"0\" cellpadding=\"0\">\n<tbody>\n<tr style=\"height: 22.50pt;\">\n<td class=\"et3\" style=\"height: 22.5pt; width: 1015.5pt; text-align: center;\" colspan=\"4\" width=\"1354\" height=\"30\">\n<h3><span style=\"color: #000000;\">Atributos importantes<\/span><\/h3>\n<\/td>\n<\/tr>\n<tr style=\"height: 22.50pt;\">\n<td class=\"et4\" style=\"height: 22.5pt; text-align: center;\" height=\"30\">design<\/td>\n<td class=\"et4\" style=\"text-align: center;\">a era presente<\/td>\n<td class=\"et4\" style=\"text-align: center;\">Servi\u00e7o p\u00f3s-venda<\/td>\n<td class=\"et4\" style=\"text-align: center;\">Suporte T\u00e9cnico Online, Outros<\/td>\n<\/tr>\n<tr style=\"height: 22.50pt;\">\n<td class=\"et5\" style=\"height: 22.5pt; text-align: center;\" height=\"30\">Origem<\/td>\n<td class=\"et5\" style=\"text-align: center;\">Shandong, China<\/td>\n<td class=\"et5\" style=\"text-align: center;\">Cen\u00e1rios de Aplica\u00e7\u00e3o<\/td>\n<td class=\"et5\" style=\"text-align: center;\">Armaz\u00e9m<\/td>\n<\/tr>\n<tr style=\"height: 23.25pt;\">\n<td class=\"et5\" style=\"height: 23.25pt; text-align: center;\" height=\"31\">Marca<\/td>\n<td class=\"et5\" style=\"text-align: center;\">SH<\/td>\n<td class=\"et5\" style=\"text-align: center;\">Servi\u00e7o de Garantia<\/td>\n<td class=\"et6\" style=\"width: 238.5pt; text-align: center;\" width=\"318\">poliuretano<\/td>\n<\/tr>\n<tr style=\"height: 22.50pt;\">\n<td class=\"et5\" style=\"height: 22.5pt; text-align: center;\" height=\"30\">Material do Painel<\/td>\n<td class=\"et5\" style=\"text-align: center;\">poliuretano<\/td>\n<td class=\"et5\" style=\"text-align: center;\">Modelos<\/td>\n<td class=\"et5\" style=\"text-align: center;\">SH 150mm<\/td>\n<\/tr>\n<tr style=\"height: 23.25pt;\">\n<td class=\"et5\" style=\"height: 23.25pt; text-align: center;\" height=\"31\">Uso<\/td>\n<td class=\"et7\" style=\"width: 256.5pt; text-align: center;\" width=\"342\">Decora\u00e7\u00e3o Exterior<\/td>\n<td class=\"et8\" style=\"width: 195pt; text-align: center;\" width=\"260\">Nome do Produto<\/td>\n<td class=\"et5\" style=\"text-align: center;\">painel sandu\u00edche de fibra de vidro com espuma<\/td>\n<\/tr>\n<tr style=\"height: 23.25pt;\">\n<td class=\"et5\" style=\"height: 23.25pt; text-align: center;\" height=\"31\">Material de Superf\u00edcie<\/td>\n<td class=\"et9\" style=\"width: 256.5pt; text-align: center;\" width=\"342\">Met\u00e1lico<\/td>\n<td class=\"et5\" style=\"text-align: center;\">Pedido M\u00ednimo<\/td>\n<td class=\"et5\" style=\"text-align: center;\">Personaliza\u00e7\u00e3o<\/td>\n<\/tr>\n<tr style=\"height: 22.50pt;\">\n<td class=\"et5\" style=\"height: 22.5pt; text-align: center;\" height=\"30\">Espessura<\/td>\n<td class=\"et5\" style=\"text-align: center;\">16MM\/20MM\/25MM<\/td>\n<td class=\"et5\" style=\"text-align: center;\">Cor<\/td>\n<td class=\"et5\" style=\"text-align: center;\">Vermelho brilhante, carmesim, lim\u00e3o, azul c\u00e9u, aquamarine, verde ervilha ou personalizado<\/td>\n<\/tr>\n<tr style=\"height: 22.50pt;\">\n<td class=\"et10\" style=\"height: 22.5pt; text-align: center;\" height=\"30\">Largura<\/td>\n<td class=\"et2\" style=\"text-align: center;\">100mm,120mm,150mm,200mm<\/td>\n<td class=\"et2\"><\/td>\n<td class=\"et2\"><\/td>\n<\/tr>\n<\/tbody>\n<\/table>\n<h3 style=\"text-align: center;\"><strong>Pesadelos com Material do N\u00facleo? Trocas entre Espuma e Favo de Mel que Todo Engenheiro Ignora<\/strong><\/h3>\n<p class=\"ds-markdown-paragraph\"><span>Ok, vamos falar de n\u00facleos. Espuma (como PVC ou PET) \u00e9 barata e \u00f3tima para isolamento\u2014perfeita para paredes de armazenamento a frio. Favo de mel (alum\u00ednio ou Nomex)? Carros de F\u00f3rmula 1 usam n\u00facleos de favo de mel de alum\u00ednio porque eles amassam na colis\u00e3o, salvando vidas de pilotos. Mas aqui est\u00e1 o truque: pesquisadores do MIT descobriram que estruturas de favo de mel podem suportar 5x mais carga que espuma antes de colapsar. Desvantagem? Favo de mel custa 3x mais. Escolha espuma para or\u00e7amentos, favo de mel para desempenho de vida ou morte.<\/span><\/p>\n<hr \/>\n<h3 class=\"ds-markdown-paragraph\" style=\"text-align: center;\"><strong>Telhados de Painel Sandu\u00edche Composto: Como Reduzem as Contas de Energia em Edif\u00edcios Certificados LEED<\/strong><\/h3>\n<p class=\"ds-markdown-paragraph\"><span>Escolher entre n\u00facleos de espuma e favo de mel n\u00e3o \u00e9 s\u00f3 quest\u00e3o de custo\u2014errar nisso, e seu projeto falha. Espuma (como PET) \u00e9 extremamente barato, mas desmorona sob cargas pesadas. Favo de mel? N\u00facleos de alum\u00ednio salvaram vidas de pilotos de F1 ao absorver impacto de acidentes, mas custam 3x mais. Estudo do MIT mostra que o favo de mel suporta 5x mais estresse, mas se o or\u00e7amento do seu cliente for do n\u00edvel Walmart, a \u00fanica op\u00e7\u00e3o \u00e9 espuma. Dica profissional: n\u00facleos h\u00edbridos existem\u2014n\u00e3o se prenda a uma a\u00e7\u00e3o judicial.<\/span><\/p>\n<h2 class=\"ds-markdown-paragraph\" style=\"text-align: center;\"><strong>Vazamentos no Telhado de Painel Sandu\u00edche Que Est\u00e3o Driblando Seus Lucros? Como Reparos Certificados LEED Reduzem Custos<\/strong><\/h2>\n<p class=\"ds-markdown-paragraph\"><span>Vazamentos no telhado = processos por mofo + contas de energia alt\u00edssimas. Telhados de painel sandu\u00edche com n\u00facleos de espuma PIR? S\u00e3o selados mais apertados que um submarino. Um pr\u00e9dio alto em Chicago reduziu os custos de HVAC em 40% e eliminou as calhas de gelo. A pele de fibra de vidro reflete raios UV, e a classifica\u00e7\u00e3o R-7 da espuma supera as mantas de fibra de vidro. Projetos LEED adoram esses pain\u00e9is\u2014\u00e9 por isso que os centros de dados do Google permanecem secos. Ainda consertando telhados de asfalto todo inverno?<\/span><\/p>\n<h2 class=\"ds-markdown-paragraph\" style=\"text-align: center;\"><strong>Top 5 Mitos Sobre Pain\u00e9is de Espuma de Fibra de Vidro\u2014Desvendados!<\/strong><\/h2>\n<ol>\n<li class=\"ds-markdown-paragraph\"><span>\u201cS\u00e3o inflam\u00e1veis.\u201d N\u00e3o\u2014a maioria atende \u00e0s classifica\u00e7\u00f5es de fogo ASTM E84 Classe 1. Mito<\/span><\/li>\n<li class=\"ds-markdown-paragraph\">\u201cS\u00e3o ruins para o meio ambiente.\u201d Na verdade, pain\u00e9is como os da Metl-Span usam 30% de conte\u00fado reciclado. Mito<\/li>\n<li class=\"ds-markdown-paragraph\">\u201cDificilmente amassam.\u201d Tente amassar um painel usado em garagens de NASCAR\u2014\u00e9 mais resistente que a\u00e7o. Mito<\/li>\n<li class=\"ds-markdown-paragraph\">\u201cA instala\u00e7\u00e3o requer especialistas.\u201d Com bordas de encaixe, DIYers podem fazer. Mito<\/li>\n<li class=\"ds-markdown-paragraph\">\u201cEles s\u00e3o apenas para telhados.\u201d Errado. Confira os pisos e paredes de armazenamento a frio do RControl. Hora de repensar essas suposi\u00e7\u00f5es!<br \/>\n<h2 class=\"ds-markdown-paragraph\" style=\"text-align: center;\"><strong>Pain\u00e9is Sandwich falhando em umidade? Por que construtores de embarca\u00e7\u00f5es<span>\u00a0<\/span><em>Somente<\/em><span>\u00a0<\/span>Confie nas Camadas Compostas<\/strong><\/h2>\n<p class=\"ds-markdown-paragraph\"><span>Madeira apodrecendo ou metal corroendo em ambientes mar\u00edtimos? Cascos de embarca\u00e7\u00f5es usam pain\u00e9is sandwich compostos porque a \u00e1gua salgada n\u00e3o consegue toc\u00e1-los. O segredo? Revestimentos de fibra de vidro + n\u00facleos de espuma de c\u00e9lula fechada bloqueiam 100% de umidade (testado pela Marinha dos EUA). Iates de luxo de Miami sobrevivem a furac\u00f5es sem delamina\u00e7\u00e3o. Experimente isso com compensado. Se seu projeto costeiro est\u00e1 apodrecendo, voc\u00ea est\u00e1 usando os pain\u00e9is errados.<\/span><\/p>\n<\/li>\n<\/ol>","protected":false},"excerpt":{"rendered":"<table style=\"border-collapse: collapse; width: 470.27pt;\" border=\"0\" width=\"627\" cellspacing=\"0\" cellpadding=\"0\">\n<tbody>\n<tr style=\"height: 22.50pt;\">\n<td class=\"et2\" style=\"height: 22.5pt; width: 238.5pt; text-align: center;\" width=\"318\" height=\"30\">Tipo<\/td>\n<td class=\"et2\" style=\"width: 231.75pt; text-align: center;\" width=\"309\">organosil\u00edcio<\/td>\n<\/tr>\n<tr style=\"height: 22.50pt;\">\n<td class=\"et2\" style=\"height: 22.5pt; text-align: center;\" height=\"30\">Classifica\u00e7\u00e3o de Resist\u00eancia ao Fogo<\/td>\n<td class=\"et2\" style=\"text-align: center;\">Classe A\uff08ASTM E84\uff09<\/td>\n<\/tr>\n<tr style=\"height: 22.50pt;\">\n<td class=\"et2\" style=\"height: 22.5pt; text-align: center;\" height=\"30\">Resist\u00eancia \u00e0 compress\u00e3o<\/td>\n<td class=\"et4\" style=\"text-align: center;\">\u2265300\/kPa<\/td>\n<\/tr>\n<tr style=\"height: 22.50pt;\">\n<td class=\"et2\" style=\"height: 22.5pt; text-align: center;\" height=\"30\">M\u00e9todo de entrega<\/td>\n<td class=\"et2\" style=\"text-align: center;\">mercadoria em estoque<\/td>\n<\/tr>\n<tr style=\"height: 22.50pt;\">\n<td class=\"et5\" style=\"height: 22.5pt; text-align: center;\" colspan=\"2\" height=\"30\">\n<h3><span style=\"color: #ff0000;\">(Clique em mim) para amostras gr\u00e1tis<\/span><\/h3>\n<\/td>\n<\/tr>\n<tr style=\"height: 22.50pt;\">\n<td class=\"et7\" style=\"height: 22.5pt; width: 238.5pt; text-align: center;\" width=\"318\" height=\"30\">Tipo de transporte<\/td>\n<td class=\"et2\" style=\"text-align: center;\">Transporte mar\u00edtimo, rodovi\u00e1rio e a\u00e9reo<\/td>\n<\/tr>\n<\/tbody>\n<\/table>\n<ul>\n<li>Reordena\u00e7\u00e3o por Contratantes 91% \u2013 Por que Nossos Pain\u00e9is Sandu\u00edche Superam A\u00e7o e Concreto<\/li>\n<li>Sistema de Fechadura Projetado por Engenheiro da NASA \u2013 Seus Pain\u00e9is N\u00e3o Se Movem em Furac\u00f5es<\/li>\n<li>Prote\u00e7\u00e3o de Pagamento em Escrow \u2013 S\u00f3 Recebemos Quando Voc\u00ea Aprova a Instala\u00e7\u00e3o<\/li>\n<li>Design de encaixe r\u00e1pido reduz seu tempo de instala\u00e7\u00e3o pela metade<\/li>\n<li>Pre\u00e7os sem adivinha\u00e7\u00f5es \u2013 use nosso calculador online para ver custos exatos de materiais, frete e impostos.<\/li>\n<li>Personalize suas especifica\u00e7\u00f5es: Insira medidas e veja instantaneamente pr\u00e9-visualiza\u00e7\u00f5es 3D com pre\u00e7os em tempo real<\/li>\n<li>Ajuda de design especializada gratuita inclu\u00edda<\/li>\n<li>Obtenha cota\u00e7\u00f5es instant\u00e2neas online (frete e impostos inclu\u00eddos) \u2013 zero taxas ocultas.<\/li>\n<li>Nossa ferramenta inteligente de IA recomenda automaticamente os melhores materiais para seu projeto.<\/li>\n<li>Documentos de conformidade RoHS prontos para download \u2013 passe pela alf\u00e2ndega com um clique!<\/li>\n<li>Envio em 24h para Pain\u00e9is Sandwich Padr\u00e3o \u2013 Mais r\u00e1pido que pedidos na loja de materiais!<\/li>\n<li>Pain\u00e9is Sandu\u00edche de encaixe r\u00e1pido \u2013 Instale 1000m\u00b2 em 3 horas (Assista Nosso C\u00e3o Fazer Isso!)<\/li>\n<li>Pain\u00e9is Sandu\u00edche \u00e0 prova de fogo UL \u2013 Baixe v\u00eddeos de teste e certificados Instantaneamente<\/li>\n<li>Promessa de 20 Anos sem Ferrugem \u2013 N\u00f3s Pagamos $1000 se Seus Pain\u00e9is Sandwich de Metal Corroerem<\/li>\n<li>Qualquer Forma Poss\u00edvel! Pain\u00e9is Sandu\u00edche Curvos\/Circulares \u2013 Envie o Esbo\u00e7o, Receba Design 3D<\/li>\n<\/ul>","protected":false},"featured_media":2271,"comment_status":"open","ping_status":"closed","template":"","meta":[],"product_brand":[],"product_cat":[33],"product_tag":[],"class_list":{"0":"post-5039","1":"product","2":"type-product","3":"status-publish","4":"has-post-thumbnail","6":"product_cat-metal-carved-board","8":"first","9":"instock","10":"shipping-taxable","11":"product-type-simple"},"yoast_head":"<!-- This site is optimized with the Yoast SEO plugin v24.2 - https:\/\/yoast.com\/wordpress\/plugins\/seo\/ -->\n<title>Fibreglass Foam Sandwich Panel 60% Faster Installation - Shang He Sandwich Panel<\/title>\n<meta name=\"description\" content=\"fibreglass foam sandwich panel Zero VOC (CDPH + French A+) Free yourself from all worries. Detailed description of plate functions on the page\" \/>\n<meta name=\"robots\" content=\"index, follow, max-snippet:-1, max-image-preview:large, max-video-preview:-1\" \/>\n<link rel=\"canonical\" href=\"https:\/\/shanghepanel.com\/pt\/product\/fibreglass-foam-sandwich-panel\/\" \/>\n<meta property=\"og:locale\" content=\"pt_BR\" \/>\n<meta property=\"og:type\" content=\"article\" \/>\n<meta property=\"og:title\" content=\"Fibreglass Foam Sandwich Panel 60% Faster Installation - Shang He Sandwich Panel\" \/>\n<meta property=\"og:description\" content=\"fibreglass foam sandwich panel Zero VOC (CDPH + French A+) Free yourself from all worries. Detailed description of plate functions on the page\" \/>\n<meta property=\"og:url\" content=\"https:\/\/shanghepanel.com\/pt\/product\/fibreglass-foam-sandwich-panel\/\" \/>\n<meta property=\"og:site_name\" content=\"Shang He Sandwich Panel\" \/>\n<meta property=\"article:modified_time\" content=\"2025-06-05T06:03:31+00:00\" \/>\n<meta property=\"og:image\" content=\"https:\/\/shanghepanel.com\/wp-content\/uploads\/2024\/07\/RW-gc-321.jpg\" \/>\n\t<meta property=\"og:image:width\" content=\"800\" \/>\n\t<meta property=\"og:image:height\" content=\"800\" \/>\n\t<meta property=\"og:image:type\" content=\"image\/jpeg\" \/>\n<meta name=\"twitter:card\" content=\"summary_large_image\" \/>\n<meta name=\"twitter:label1\" content=\"Est. tempo de leitura\" \/>\n\t<meta name=\"twitter:data1\" content=\"3 minutos\" \/>\n<script type=\"application\/ld+json\" class=\"yoast-schema-graph\">{\"@context\":\"https:\/\/schema.org\",\"@graph\":[{\"@type\":\"WebPage\",\"@id\":\"https:\/\/shanghepanel.com\/product\/fibreglass-foam-sandwich-panel\/\",\"url\":\"https:\/\/shanghepanel.com\/product\/fibreglass-foam-sandwich-panel\/\",\"name\":\"Fibreglass Foam Sandwich Panel 60% Faster Installation - Shang He Sandwich Panel\",\"isPartOf\":{\"@id\":\"https:\/\/shanghepanel.com\/#website\"},\"primaryImageOfPage\":{\"@id\":\"https:\/\/shanghepanel.com\/product\/fibreglass-foam-sandwich-panel\/#primaryimage\"},\"image\":{\"@id\":\"https:\/\/shanghepanel.com\/product\/fibreglass-foam-sandwich-panel\/#primaryimage\"},\"thumbnailUrl\":\"https:\/\/shanghepanel.com\/wp-content\/uploads\/2024\/07\/RW-gc-321.jpg\",\"datePublished\":\"2025-05-27T02:16:25+00:00\",\"dateModified\":\"2025-06-05T06:03:31+00:00\",\"description\":\"fibreglass foam sandwich panel Zero VOC (CDPH + French A+) Free yourself from all worries. Detailed description of plate functions on the page\",\"breadcrumb\":{\"@id\":\"https:\/\/shanghepanel.com\/product\/fibreglass-foam-sandwich-panel\/#breadcrumb\"},\"inLanguage\":\"pt-BR\",\"potentialAction\":[{\"@type\":\"ReadAction\",\"target\":[\"https:\/\/shanghepanel.com\/product\/fibreglass-foam-sandwich-panel\/\"]}]},{\"@type\":\"ImageObject\",\"inLanguage\":\"pt-BR\",\"@id\":\"https:\/\/shanghepanel.com\/product\/fibreglass-foam-sandwich-panel\/#primaryimage\",\"url\":\"https:\/\/shanghepanel.com\/wp-content\/uploads\/2024\/07\/RW-gc-321.jpg\",\"contentUrl\":\"https:\/\/shanghepanel.com\/wp-content\/uploads\/2024\/07\/RW-gc-321.jpg\",\"width\":800,\"height\":800},{\"@type\":\"BreadcrumbList\",\"@id\":\"https:\/\/shanghepanel.com\/product\/fibreglass-foam-sandwich-panel\/#breadcrumb\",\"itemListElement\":[{\"@type\":\"ListItem\",\"position\":1,\"name\":\"\u9996\u9875\",\"item\":\"https:\/\/shanghepanel.com\/en\/\"},{\"@type\":\"ListItem\",\"position\":2,\"name\":\"\u4ea7\u54c1\",\"item\":\"https:\/\/shanghepanel.com\/index.php\/shop\/\"},{\"@type\":\"ListItem\",\"position\":3,\"name\":\"Fibreglass Foam Sandwich Panel 60% Faster Installation\"}]},{\"@type\":\"WebSite\",\"@id\":\"https:\/\/shanghepanel.com\/#website\",\"url\":\"https:\/\/shanghepanel.com\/\",\"name\":\"shanghepanel.com\",\"description\":\"\",\"publisher\":{\"@id\":\"https:\/\/shanghepanel.com\/#organization\"},\"potentialAction\":[{\"@type\":\"SearchAction\",\"target\":{\"@type\":\"EntryPoint\",\"urlTemplate\":\"https:\/\/shanghepanel.com\/?s={search_term_string}\"},\"query-input\":{\"@type\":\"PropertyValueSpecification\",\"valueRequired\":true,\"valueName\":\"search_term_string\"}}],\"inLanguage\":\"pt-BR\"},{\"@type\":\"Organization\",\"@id\":\"https:\/\/shanghepanel.com\/#organization\",\"name\":\"Shandong ShangHe New Construction Engineering Co., ltd.\",\"url\":\"https:\/\/shanghepanel.com\/\",\"logo\":{\"@type\":\"ImageObject\",\"inLanguage\":\"pt-BR\",\"@id\":\"https:\/\/shanghepanel.com\/#\/schema\/logo\/image\/\",\"url\":\"https:\/\/shanghepanel.com\/wp-content\/uploads\/2024\/03\/logo-1.png\",\"contentUrl\":\"https:\/\/shanghepanel.com\/wp-content\/uploads\/2024\/03\/logo-1.png\",\"width\":800,\"height\":800,\"caption\":\"Shandong ShangHe New Construction Engineering Co., ltd.\"},\"image\":{\"@id\":\"https:\/\/shanghepanel.com\/#\/schema\/logo\/image\/\"}}]}<\/script>\n<!-- \/ Yoast SEO plugin. -->","yoast_head_json":{"title":"Painel sandwich de espuma de fibra de vidro 60% Instala\u00e7\u00e3o mais r\u00e1pida - Painel Sandwich Shang He","description":"Painel sandwich de espuma de fibra de vidro Zero VOC (CDPH + A+ franc\u00eas) Livre-se de todas as preocupa\u00e7\u00f5es. Descri\u00e7\u00e3o detalhada das fun\u00e7\u00f5es da placa na p\u00e1gina","robots":{"index":"index","follow":"follow","max-snippet":"max-snippet:-1","max-image-preview":"max-image-preview:large","max-video-preview":"max-video-preview:-1"},"canonical":"https:\/\/shanghepanel.com\/pt\/product\/fibreglass-foam-sandwich-panel\/","og_locale":"pt_BR","og_type":"article","og_title":"Fibreglass Foam Sandwich Panel 60% Faster Installation - Shang He Sandwich Panel","og_description":"fibreglass foam sandwich panel Zero VOC (CDPH + French A+) Free yourself from all worries. Detailed description of plate functions on the page","og_url":"https:\/\/shanghepanel.com\/pt\/product\/fibreglass-foam-sandwich-panel\/","og_site_name":"Shang He Sandwich Panel","article_modified_time":"2025-06-05T06:03:31+00:00","og_image":[{"width":800,"height":800,"url":"https:\/\/shanghepanel.com\/wp-content\/uploads\/2024\/07\/RW-gc-321.jpg","type":"image\/jpeg"}],"twitter_card":"summary_large_image","twitter_misc":{"Est. tempo de leitura":"3 minutos"},"schema":{"@context":"https:\/\/schema.org","@graph":[{"@type":"WebPage","@id":"https:\/\/shanghepanel.com\/product\/fibreglass-foam-sandwich-panel\/","url":"https:\/\/shanghepanel.com\/product\/fibreglass-foam-sandwich-panel\/","name":"Painel sandwich de espuma de fibra de vidro 60% Instala\u00e7\u00e3o mais r\u00e1pida - Painel Sandwich Shang He","isPartOf":{"@id":"https:\/\/shanghepanel.com\/#website"},"primaryImageOfPage":{"@id":"https:\/\/shanghepanel.com\/product\/fibreglass-foam-sandwich-panel\/#primaryimage"},"image":{"@id":"https:\/\/shanghepanel.com\/product\/fibreglass-foam-sandwich-panel\/#primaryimage"},"thumbnailUrl":"https:\/\/shanghepanel.com\/wp-content\/uploads\/2024\/07\/RW-gc-321.jpg","datePublished":"2025-05-27T02:16:25+00:00","dateModified":"2025-06-05T06:03:31+00:00","description":"Painel sandwich de espuma de fibra de vidro Zero VOC (CDPH + A+ franc\u00eas) Livre-se de todas as preocupa\u00e7\u00f5es. Descri\u00e7\u00e3o detalhada das fun\u00e7\u00f5es da placa na p\u00e1gina","breadcrumb":{"@id":"https:\/\/shanghepanel.com\/product\/fibreglass-foam-sandwich-panel\/#breadcrumb"},"inLanguage":"pt-BR","potentialAction":[{"@type":"ReadAction","target":["https:\/\/shanghepanel.com\/product\/fibreglass-foam-sandwich-panel\/"]}]},{"@type":"ImageObject","inLanguage":"pt-BR","@id":"https:\/\/shanghepanel.com\/product\/fibreglass-foam-sandwich-panel\/#primaryimage","url":"https:\/\/shanghepanel.com\/wp-content\/uploads\/2024\/07\/RW-gc-321.jpg","contentUrl":"https:\/\/shanghepanel.com\/wp-content\/uploads\/2024\/07\/RW-gc-321.jpg","width":800,"height":800},{"@type":"BreadcrumbList","@id":"https:\/\/shanghepanel.com\/product\/fibreglass-foam-sandwich-panel\/#breadcrumb","itemListElement":[{"@type":"ListItem","position":1,"name":"\u9996\u9875","item":"https:\/\/shanghepanel.com\/en\/"},{"@type":"ListItem","position":2,"name":"\u4ea7\u54c1","item":"https:\/\/shanghepanel.com\/index.php\/shop\/"},{"@type":"ListItem","position":3,"name":"Fibreglass Foam Sandwich Panel 60% Faster Installation"}]},{"@type":"WebSite","@id":"https:\/\/shanghepanel.com\/#website","url":"https:\/\/shanghepanel.com\/","name":"shanghepanel.com","description":"","publisher":{"@id":"https:\/\/shanghepanel.com\/#organization"},"potentialAction":[{"@type":"SearchAction","target":{"@type":"EntryPoint","urlTemplate":"https:\/\/shanghepanel.com\/?s={search_term_string}"},"query-input":{"@type":"PropertyValueSpecification","valueRequired":true,"valueName":"search_term_string"}}],"inLanguage":"pt-BR"},{"@type":"Organization","@id":"https:\/\/shanghepanel.com\/#organization","name":"Shandong ShangHe Engenharia de Constru\u00e7\u00e3o Nova Ltda.","url":"https:\/\/shanghepanel.com\/","logo":{"@type":"ImageObject","inLanguage":"pt-BR","@id":"https:\/\/shanghepanel.com\/#\/schema\/logo\/image\/","url":"https:\/\/shanghepanel.com\/wp-content\/uploads\/2024\/03\/logo-1.png","contentUrl":"https:\/\/shanghepanel.com\/wp-content\/uploads\/2024\/03\/logo-1.png","width":800,"height":800,"caption":"Shandong ShangHe New Construction Engineering Co., ltd."},"image":{"@id":"https:\/\/shanghepanel.com\/#\/schema\/logo\/image\/"}}]}},"_links":{"self":[{"href":"https:\/\/shanghepanel.com\/pt\/wp-json\/wp\/v2\/product\/5039","targetHints":{"allow":["GET"]}}],"collection":[{"href":"https:\/\/shanghepanel.com\/pt\/wp-json\/wp\/v2\/product"}],"about":[{"href":"https:\/\/shanghepanel.com\/pt\/wp-json\/wp\/v2\/types\/product"}],"replies":[{"embeddable":true,"href":"https:\/\/shanghepanel.com\/pt\/wp-json\/wp\/v2\/comments?post=5039"}],"version-history":[{"count":0,"href":"https:\/\/shanghepanel.com\/pt\/wp-json\/wp\/v2\/product\/5039\/revisions"}],"wp:featuredmedia":[{"embeddable":true,"href":"https:\/\/shanghepanel.com\/pt\/wp-json\/wp\/v2\/media\/2271"}],"wp:attachment":[{"href":"https:\/\/shanghepanel.com\/pt\/wp-json\/wp\/v2\/media?parent=5039"}],"wp:term":[{"taxonomy":"product_brand","embeddable":true,"href":"https:\/\/shanghepanel.com\/pt\/wp-json\/wp\/v2\/product_brand?post=5039"},{"taxonomy":"product_cat","embeddable":true,"href":"https:\/\/shanghepanel.com\/pt\/wp-json\/wp\/v2\/product_cat?post=5039"},{"taxonomy":"product_tag","embeddable":true,"href":"https:\/\/shanghepanel.com\/pt\/wp-json\/wp\/v2\/product_tag?post=5039"}],"curies":[{"name":"wp","href":"https:\/\/api.w.org\/{rel}","templated":true}]}}