{"id":960,"date":"2024-05-14T15:48:39","date_gmt":"2024-05-14T07:48:39","guid":{"rendered":"https:\/\/shanghepanel.com\/?post_type=product&#038;p=960"},"modified":"2025-06-05T14:10:26","modified_gmt":"2025-06-05T06:10:26","slug":"fireproof-rock-wool-sandwich-panel","status":"publish","type":"product","link":"https:\/\/shanghepanel.com\/pt\/product\/fireproof-rock-wool-sandwich-panel\/","title":{"rendered":"Pain\u00e9is de Parede Sandu\u00edche de L\u00e3 de Rocha"},"content":{"rendered":"<div data-elementor-type=\"product-post\" data-elementor-id=\"960\" class=\"elementor elementor-960\" data-elementor-post-type=\"product\">\n\t\t\t\t<div class=\"elementor-element elementor-element-63304e52 e-flex e-con-boxed e-con e-parent\" data-id=\"63304e52\" data-element_type=\"container\" data-e-type=\"container\">\n\t\t\t\t\t<div class=\"e-con-inner\">\n\t\t\t\t<div class=\"elementor-element elementor-element-1b00319e elementor-widget elementor-widget-text-editor\" data-id=\"1b00319e\" data-element_type=\"widget\" data-e-type=\"widget\" data-widget_type=\"text-editor.default\">\n\t\t\t\t<div class=\"elementor-widget-container\">\n\t\t\t\t\t\t\t\t\t<h2>Apresentando o Painel Sandu\u00edche de L\u00e3 de Rocha<\/h2><p>Nosso Painel Sandu\u00edche de L\u00e3 de Rocha \u00e9 um material de constru\u00e7\u00e3o dur\u00e1vel e vers\u00e1til que oferece propriedades excepcionais de isolamento t\u00e9rmico e ac\u00fastico. Feito de uma combina\u00e7\u00e3o de l\u00e3 de rocha de alta qualidade e duas camadas de chapas de a\u00e7o ou alum\u00ednio, este painel oferece excelente resist\u00eancia ao fogo, tornando-o uma escolha ideal para uma ampla gama de aplica\u00e7\u00f5es.<\/p><h2>Caracter\u00edsticas e Benef\u00edcios<\/h2><ol><li>Isolamento T\u00e9rmico: O n\u00facleo de l\u00e3 de rocha do painel possui excelentes propriedades de isolamento t\u00e9rmico, ajudando a manter uma temperatura interna confort\u00e1vel e a reduzir o consumo de energia.<\/li><li>Isolamento Ac\u00fastico: A estrutura densa do material de l\u00e3 de rocha absorve eficazmente as ondas sonoras, reduzindo a transmiss\u00e3o de ru\u00eddo e criando um ambiente mais silencioso.<\/li><li>Resist\u00eancia ao Fogo: O n\u00facleo de l\u00e3 de rocha \u00e9 n\u00e3o combust\u00edvel e pode suportar altas temperaturas, proporcionando valiosa prote\u00e7\u00e3o contra inc\u00eandio para edif\u00edcios.<\/li><li>Durabilidade: As camadas externas de a\u00e7o ou alum\u00ednio do painel s\u00e3o resistentes \u00e0 corros\u00e3o e podem suportar condi\u00e7\u00f5es clim\u00e1ticas adversas, garantindo um desempenho duradouro.<\/li><li>F\u00e1cil Instala\u00e7\u00e3o: O design leve e modular do Painel Sandu\u00edche de L\u00e3 de Rocha permite uma instala\u00e7\u00e3o r\u00e1pida e f\u00e1cil, economizando tempo e custos de m\u00e3o de obra.<\/li><\/ol><h2>Aplica\u00e7\u00f5es<\/h2><p>Nosso Painel Sandu\u00edche de L\u00e3 de Rocha \u00e9 adequado para v\u00e1rias aplica\u00e7\u00f5es, incluindo:<\/p><ul><li>Edif\u00edcios industriais<\/li><li>Edif\u00edcios comerciais<\/li><li>Instala\u00e7\u00f5es de armazenamento a frio<\/li><li>Armaz\u00e9ns<\/li><li>Edif\u00edcios agr\u00edcolas<\/li><li>Edif\u00edcios residenciais<\/li><li>Salas \u00e0 prova de som<\/li><\/ul><p>Com suas propriedades excepcionais de isolamento, resist\u00eancia ao fogo e durabilidade, o Painel Sandu\u00edche de L\u00e3 de Rocha \u00e9 uma excelente escolha para qualquer projeto de constru\u00e7\u00e3o. Contate-nos hoje para saber mais sobre como nosso painel pode atender \u00e0s suas necessidades espec\u00edficas.<\/p>\t\t\t\t\t\t\t\t<\/div>\n\t\t\t\t<\/div>\n\t\t\t\t\t<\/div>\n\t\t\t\t<\/div>\n\t\t<div class=\"elementor-element elementor-element-e7ef516 e-con-full e-flex e-con e-parent\" data-id=\"e7ef516\" data-element_type=\"container\" data-e-type=\"container\">\n\t\t\t\t<div class=\"elementor-element elementor-element-83b69e1 elementor-widget elementor-widget-heading\" data-id=\"83b69e1\" data-element_type=\"widget\" data-e-type=\"widget\" data-widget_type=\"heading.default\">\n\t\t\t\t<div class=\"elementor-widget-container\">\n\t\t\t\t\t<h2 class=\"elementor-heading-title elementor-size-default\">Painel Sandu\u00edche de L\u00e3 de Rocha \u00e0 Prova de Fogo Classe A para Sistema de Revestimento de Parede Met\u00e1lica<\/h2>\t\t\t\t<\/div>\n\t\t\t\t<\/div>\n\t\t\t\t<div class=\"elementor-element elementor-element-f2aa141 elementor-widget elementor-widget-image\" data-id=\"f2aa141\" data-element_type=\"widget\" data-e-type=\"widget\" data-widget_type=\"image.default\">\n\t\t\t\t<div class=\"elementor-widget-container\">\n\t\t\t\t\t\t\t\t\t\t\t\t\t\t\t<img fetchpriority=\"high\" decoding=\"async\" width=\"1060\" height=\"565\" src=\"https:\/\/shanghepanel.com\/wp-content\/uploads\/2024\/05\/RW-st-30.jpg\" class=\"attachment-full size-full wp-image-992\" alt=\"\" srcset=\"https:\/\/shanghepanel.com\/wp-content\/uploads\/2024\/05\/RW-st-30.jpg.webp 1060w, https:\/\/shanghepanel.com\/wp-content\/uploads\/2024\/05\/RW-st-30-300x160.jpg.webp 300w, https:\/\/shanghepanel.com\/wp-content\/uploads\/2024\/05\/RW-st-30-1024x546.jpg.webp 1024w, https:\/\/shanghepanel.com\/wp-content\/uploads\/2024\/05\/RW-st-30-768x409.jpg.webp 768w, https:\/\/shanghepanel.com\/wp-content\/uploads\/2024\/05\/RW-st-30-600x320.jpg.webp 600w\" sizes=\"(max-width: 1060px) 100vw, 1060px\" \/>\t\t\t\t\t\t\t\t\t\t\t\t\t\t\t<\/div>\n\t\t\t\t<\/div>\n\t\t\t\t<div class=\"elementor-element elementor-element-9596700 elementor-tabs-view-horizontal elementor-widget elementor-widget-tabs\" data-id=\"9596700\" data-element_type=\"widget\" data-e-type=\"widget\" data-widget_type=\"tabs.default\">\n\t\t\t\t<div class=\"elementor-widget-container\">\n\t\t\t\t\t\t\t<div class=\"elementor-tabs\">\n\t\t\t<div class=\"elementor-tabs-wrapper\" role=\"tablist\" >\n\t\t\t\t\t\t\t\t\t<div id=\"elementor-tab-title-1561\" class=\"elementor-tab-title elementor-tab-desktop-title\" aria-selected=\"true\" data-tab=\"1\" role=\"tab\" tabindex=\"0\" aria-controls=\"elementor-tab-content-1561\" aria-expanded=\"false\">Par\u00e2metros do Produto<\/div>\n\t\t\t\t\t\t\t\t\t<div id=\"elementor-tab-title-1562\" class=\"elementor-tab-title elementor-tab-desktop-title\" aria-selected=\"false\" data-tab=\"2\" role=\"tab\" tabindex=\"-1\" aria-controls=\"elementor-tab-content-1562\" aria-expanded=\"false\">Descri\u00e7\u00e3o de Desempenho<\/div>\n\t\t\t\t\t\t\t\t\t<div id=\"elementor-tab-title-1563\" class=\"elementor-tab-title elementor-tab-desktop-title\" aria-selected=\"false\" data-tab=\"3\" role=\"tab\" tabindex=\"-1\" aria-controls=\"elementor-tab-content-1563\" aria-expanded=\"false\">Informa\u00e7\u00f5es de Transa\u00e7\u00e3o<\/div>\n\t\t\t\t\t\t\t<\/div>\n\t\t\t<div class=\"elementor-tabs-content-wrapper\" role=\"tablist\" aria-orientation=\"vertical\">\n\t\t\t\t\t\t\t\t\t<div class=\"elementor-tab-title elementor-tab-mobile-title\" aria-selected=\"true\" data-tab=\"1\" role=\"tab\" tabindex=\"0\" aria-controls=\"elementor-tab-content-1561\" aria-expanded=\"false\">Par\u00e2metros do Produto<\/div>\n\t\t\t\t\t<div id=\"elementor-tab-content-1561\" class=\"elementor-tab-content elementor-clearfix\" data-tab=\"1\" role=\"tabpanel\" aria-labelledby=\"elementor-tab-title-1561\" tabindex=\"0\" hidden=\"false\"><table border=\"1\"><tbody><tr><td><p>Marca de chapas de a\u00e7o<\/p><\/td><td><p>Bao Steel, Yieh Phui Steel, Ma Steel, BHP Steel.<\/p><\/td><\/tr><tr><td><p>Pintura de chapas de a\u00e7o<\/p><\/td><td><p>PVDF, SMP, HDP, PE; A pintura superior deve estar acima de 25\u03bcm.<\/p><\/td><\/tr><tr><td><p>Camada galvanizada de placas de a\u00e7o<\/p><\/td><td><p>Placa exterior: 55% Aluzinc acima de 100g\/m\u00b3 ou revestimento de zinco acima de 150g\/m\u00b3; placa interior: 55% Aluzinc acima de 70g\/m\u00b3 ou revestimento de zinco acima de 100g\/m\u00b3.<\/p><\/td><\/tr><tr><td><p>Espessura das placas de a\u00e7o<\/p><\/td><td><p>0,14mm-0,6mm.<\/p><\/td><\/tr><tr><td><p>Espessura do n\u00facleo<\/p><\/td><td><p>50mm\/75mm\/100mm\/120mm\/150mm.<\/p><\/td><\/tr><tr><td><p>Densidade do n\u00facleo<\/p><\/td><td><p>90\/100\/120kg\/m\u00b3<\/p><\/td><\/tr><tr><td><p>Largura efetiva<\/p><\/td><td><p>950\/1150mm<\/p><\/td><\/tr><tr><td><p>Comprimento do Painel<\/p><\/td><td><p>De acordo com a solicita\u00e7\u00e3o do cliente<\/p><\/td><\/tr><\/tbody><\/table><\/div>\n\t\t\t\t\t\t\t\t\t<div class=\"elementor-tab-title elementor-tab-mobile-title\" aria-selected=\"false\" data-tab=\"2\" role=\"tab\" tabindex=\"-1\" aria-controls=\"elementor-tab-content-1562\" aria-expanded=\"false\">Descri\u00e7\u00e3o de Desempenho<\/div>\n\t\t\t\t\t<div id=\"elementor-tab-content-1562\" class=\"elementor-tab-content elementor-clearfix\" data-tab=\"2\" role=\"tabpanel\" aria-labelledby=\"elementor-tab-title-1562\" tabindex=\"0\" hidden=\"hidden\"><ol><li><strong><span style=\"color: #142d7d;\">Preven\u00e7\u00e3o de inc\u00eandio<\/span><\/strong>: L\u00e3 de rocha imperme\u00e1vel de alta qualidade e desempenho de resist\u00eancia ao fogo classe A.<\/li><li><strong><span style=\"color: #142d7d;\">Isolamento T\u00e9rmico<\/span><\/strong>: O baixo coeficiente de condutividade t\u00e9rmica e o excelente design de n\u00f3 garantem a veda\u00e7\u00e3o e o isolamento t\u00e9rmico.<\/li><li><strong><span style=\"color: #142d7d;\">Isolamento Ac\u00fastico<\/span><\/strong>: O efeito de absor\u00e7\u00e3o sonora \u00e9 bom. O fator de redu\u00e7\u00e3o de ru\u00eddo \u00e9 n\u00e3o menos que 30dB. Pode reduzir efetivamente a interfer\u00eancia do ru\u00eddo externo.<\/li><li><strong><span style=\"color: #142d7d;\">S\u00f3lido<\/span><\/strong>: O painel possui alta resist\u00eancia, design exclusivo de interface de pino de suporte duplo e alta capacidade de resist\u00eancia ao vento. Possui resist\u00eancia forte para suportar press\u00e3o e carga, podendo ser utilizado como constru\u00e7\u00e3o protegida exterior e constru\u00e7\u00e3o de carga.<\/li><li><strong><span style=\"color: #142d7d;\">Design Bonito<\/span><\/strong>: Colorido e atraente na apar\u00eancia, n\u00e3o h\u00e1 necessidade de fazer ornamenta\u00e7\u00e3o externa. O painel adota design de n\u00f3 com parafuso oculto e possui efeitos diversificados de painel.<\/li><li><strong><span style=\"color: #142d7d;\">Instala\u00e7\u00e3o Conveniente<\/span><\/strong>: F\u00e1cil, flex\u00edvel e r\u00e1pida. Comparado \u00e0 constru\u00e7\u00e3o civil, pode reduzir o per\u00edodo de constru\u00e7\u00e3o em mais de 40%.<\/li><\/ol><\/div>\n\t\t\t\t\t\t\t\t\t<div class=\"elementor-tab-title elementor-tab-mobile-title\" aria-selected=\"false\" data-tab=\"3\" role=\"tab\" tabindex=\"-1\" aria-controls=\"elementor-tab-content-1563\" aria-expanded=\"false\">Informa\u00e7\u00f5es de Transa\u00e7\u00e3o<\/div>\n\t\t\t\t\t<div id=\"elementor-tab-content-1563\" class=\"elementor-tab-content elementor-clearfix\" data-tab=\"3\" role=\"tabpanel\" aria-labelledby=\"elementor-tab-title-1563\" tabindex=\"0\" hidden=\"hidden\"><ul><li><p><span style=\"color: #142d7d;\">Pagamento <\/span>: <span style=\"color: #737373; font-size: 1rem;\">TT\/LC<\/span><\/p><\/li><li><p><span style=\"color: #142d7d;\">Origem do Produto <\/span>: <span style=\"color: #737373; font-size: 1rem;\">Prov\u00edncia de Shandong, China<\/span><\/p><\/li><li><p><span style=\"color: #142d7d;\">Cor <\/span>: <span style=\"color: #737373; font-size: 1rem;\">Personalizado conforme sua solicita\u00e7\u00e3o<\/span><\/p><\/li><li><p><span style=\"color: #142d7d;\">MOQ <\/span>: <span style=\"color: #737373; font-size: 1rem;\">\u00a01000 metros quadrados<\/span><\/p><\/li><li><p><span style=\"color: #142d7d;\">Porto de embarque <\/span>: <span style=\"color: #737373; font-size: 1rem;\">Porto de Qingdao, China<\/span><\/p><\/li><li><p><span style=\"color: #142d7d;\">Prazo de entrega <\/span>\uff1a <span style=\"color: #737373; font-size: 1rem;\">20-30 dias ap\u00f3s o recebimento do seu dep\u00f3sito<\/span><\/p><\/li><\/ul><\/div>\n\t\t\t\t\t\t\t<\/div>\n\t\t<\/div>\n\t\t\t\t\t\t<\/div>\n\t\t\t\t<\/div>\n\t\t\t\t<div class=\"elementor-element elementor-element-9ea5780 elementor-widget elementor-widget-elementskit-faq\" data-id=\"9ea5780\" data-element_type=\"widget\" data-e-type=\"widget\" data-widget_type=\"elementskit-faq.default\">\n\t\t\t\t<div class=\"elementor-widget-container\">\n\t\t\t\t\t<div class=\"ekit-wid-con\" >\n                <div class=\"elementskit-single-faq elementor-repeater-item-f583996\">\n            <div class=\"elementskit-faq-header\">\n                <h2 class=\"elementskit-faq-title\">Por quanto tempo dura ao ar livre sem desbotar?<\/h2>\n            <\/div>\n            <div class=\"elementskit-faq-body\">\n                A camada externa de metal n\u00e3o pode enferrujar por 45 anos, e a cor da tinta n\u00e3o pode desbotar por 15 anos.            <\/div>\n        <\/div>\n                <div class=\"elementskit-single-faq elementor-repeater-item-faa9272\">\n            <div class=\"elementskit-faq-header\">\n                <h2 class=\"elementskit-faq-title\">Existe efeito de isolamento ac\u00fastico?<\/h2>\n            <\/div>\n            <div class=\"elementskit-faq-body\">\n                O material central no meio \u00e9 uma camada de isolamento t\u00e9rmico e ac\u00fastico composta de alta densidade, e seu interior possui uma estrutura de c\u00e9lulas fechadas independente, que possui um bom efeito de isolamento ac\u00fastico.            <\/div>\n        <\/div>\n                <div class=\"elementskit-single-faq elementor-repeater-item-f1cd0bf\">\n            <div class=\"elementskit-faq-header\">\n                <h2 class=\"elementskit-faq-title\">Posso obter amostras para inspe\u00e7\u00e3o?<\/h2>\n            <\/div>\n            <div class=\"elementskit-faq-body\">\n                Forneceremos amostras gratuitas para voc\u00ea antes da confirma\u00e7\u00e3o do pedido.            <\/div>\n        <\/div>\n                \n    <\/div>\t\t\t\t<\/div>\n\t\t\t\t<\/div>\n\t\t\t\t<\/div>\n\t\t\t\t<\/div>","protected":false},"excerpt":{"rendered":"<p>Para atender aos requisitos mais elevados de resist\u00eancia ao fogo dos edif\u00edcios, a Shanghe lan\u00e7ou o de alta qualidade <strong>painel composto sandu\u00edche de l\u00e3 de rocha<\/strong>. O produto utiliza l\u00e3 de rocha \u00e0 prova d'\u00e1gua de alta qualidade como material central. Atrav\u00e9s da cura de precis\u00e3o de trilho duplo super longo, o produto \u00e9 excelente em termos de preven\u00e7\u00e3o de inc\u00eandio, isolamento t\u00e9rmico, redu\u00e7\u00e3o de ru\u00eddo e prote\u00e7\u00e3o ambiental.11122<\/p>","protected":false},"featured_media":961,"comment_status":"open","ping_status":"closed","template":"","meta":[],"product_brand":[],"product_cat":[27],"product_tag":[30,28,29],"class_list":{"0":"post-960","1":"product","2":"type-product","3":"status-publish","4":"has-post-thumbnail","6":"product_cat-rockwool","7":"product_tag-insulation-board","8":"product_tag-rock-wool","9":"product_tag-wall-board","11":"first","12":"instock","13":"shipping-taxable","14":"product-type-grouped"},"yoast_head":"<!-- This site is optimized with the Yoast SEO plugin v24.2 - https:\/\/yoast.com\/wordpress\/plugins\/seo\/ -->\n<title>Rockwool Sandwich Wall Panels - Shang He Sandwich Panel Rock Wool Sandwich Panel<\/title>\n<meta name=\"description\" content=\"Rock Wool Sandwich Wall Panel offer superior thermal insulation, fire resistance, and sound absorption, making them ideal for various building applications.\" \/>\n<meta name=\"robots\" content=\"index, follow, max-snippet:-1, max-image-preview:large, max-video-preview:-1\" \/>\n<link rel=\"canonical\" href=\"https:\/\/shanghepanel.com\/pt\/product\/fireproof-rock-wool-sandwich-panel\/\" \/>\n<meta property=\"og:locale\" content=\"pt_BR\" \/>\n<meta property=\"og:type\" content=\"article\" \/>\n<meta property=\"og:title\" content=\"Rockwool Sandwich Wall Panels - Shang He Sandwich Panel Rock Wool Sandwich Panel\" \/>\n<meta property=\"og:description\" content=\"Rock Wool Sandwich Wall Panel offer superior thermal insulation, fire resistance, and sound absorption, making them ideal for various building applications.\" \/>\n<meta property=\"og:url\" content=\"https:\/\/shanghepanel.com\/pt\/product\/fireproof-rock-wool-sandwich-panel\/\" \/>\n<meta property=\"og:site_name\" content=\"Shang He Sandwich Panel\" \/>\n<meta property=\"article:modified_time\" content=\"2025-06-05T06:10:26+00:00\" \/>\n<meta property=\"og:image\" content=\"https:\/\/shanghepanel.com\/wp-content\/uploads\/2024\/05\/RW-bd-24.jpg\" \/>\n\t<meta property=\"og:image:width\" content=\"800\" \/>\n\t<meta property=\"og:image:height\" content=\"800\" \/>\n\t<meta property=\"og:image:type\" content=\"image\/jpeg\" \/>\n<meta name=\"twitter:card\" content=\"summary_large_image\" \/>\n<meta name=\"twitter:label1\" content=\"Est. tempo de leitura\" \/>\n\t<meta name=\"twitter:data1\" content=\"4 minutos\" \/>\n<script type=\"application\/ld+json\" class=\"yoast-schema-graph\">{\"@context\":\"https:\/\/schema.org\",\"@graph\":[{\"@type\":\"WebPage\",\"@id\":\"https:\/\/shanghepanel.com\/product\/fireproof-rock-wool-sandwich-panel\/\",\"url\":\"https:\/\/shanghepanel.com\/product\/fireproof-rock-wool-sandwich-panel\/\",\"name\":\"Rockwool Sandwich Wall Panels - Shang He Sandwich Panel Rock Wool Sandwich Panel\",\"isPartOf\":{\"@id\":\"https:\/\/shanghepanel.com\/#website\"},\"primaryImageOfPage\":{\"@id\":\"https:\/\/shanghepanel.com\/product\/fireproof-rock-wool-sandwich-panel\/#primaryimage\"},\"image\":{\"@id\":\"https:\/\/shanghepanel.com\/product\/fireproof-rock-wool-sandwich-panel\/#primaryimage\"},\"thumbnailUrl\":\"https:\/\/shanghepanel.com\/wp-content\/uploads\/2024\/05\/RW-bd-24.jpg\",\"datePublished\":\"2024-05-14T07:48:39+00:00\",\"dateModified\":\"2025-06-05T06:10:26+00:00\",\"description\":\"Rock Wool Sandwich Wall Panel offer superior thermal insulation, fire resistance, and sound absorption, making them ideal for various building applications.\",\"breadcrumb\":{\"@id\":\"https:\/\/shanghepanel.com\/product\/fireproof-rock-wool-sandwich-panel\/#breadcrumb\"},\"inLanguage\":\"pt-BR\",\"potentialAction\":[{\"@type\":\"ReadAction\",\"target\":[\"https:\/\/shanghepanel.com\/product\/fireproof-rock-wool-sandwich-panel\/\"]}]},{\"@type\":\"ImageObject\",\"inLanguage\":\"pt-BR\",\"@id\":\"https:\/\/shanghepanel.com\/product\/fireproof-rock-wool-sandwich-panel\/#primaryimage\",\"url\":\"https:\/\/shanghepanel.com\/wp-content\/uploads\/2024\/05\/RW-bd-24.jpg\",\"contentUrl\":\"https:\/\/shanghepanel.com\/wp-content\/uploads\/2024\/05\/RW-bd-24.jpg\",\"width\":800,\"height\":800},{\"@type\":\"BreadcrumbList\",\"@id\":\"https:\/\/shanghepanel.com\/product\/fireproof-rock-wool-sandwich-panel\/#breadcrumb\",\"itemListElement\":[{\"@type\":\"ListItem\",\"position\":1,\"name\":\"\u9996\u9875\",\"item\":\"https:\/\/shanghepanel.com\/en\/\"},{\"@type\":\"ListItem\",\"position\":2,\"name\":\"\u4ea7\u54c1\",\"item\":\"https:\/\/shanghepanel.com\/index.php\/shop\/\"},{\"@type\":\"ListItem\",\"position\":3,\"name\":\"Rockwool Sandwich Wall Panels\"}]},{\"@type\":\"WebSite\",\"@id\":\"https:\/\/shanghepanel.com\/#website\",\"url\":\"https:\/\/shanghepanel.com\/\",\"name\":\"shanghepanel.com\",\"description\":\"\",\"publisher\":{\"@id\":\"https:\/\/shanghepanel.com\/#organization\"},\"potentialAction\":[{\"@type\":\"SearchAction\",\"target\":{\"@type\":\"EntryPoint\",\"urlTemplate\":\"https:\/\/shanghepanel.com\/?s={search_term_string}\"},\"query-input\":{\"@type\":\"PropertyValueSpecification\",\"valueRequired\":true,\"valueName\":\"search_term_string\"}}],\"inLanguage\":\"pt-BR\"},{\"@type\":\"Organization\",\"@id\":\"https:\/\/shanghepanel.com\/#organization\",\"name\":\"Shandong ShangHe New Construction Engineering Co., ltd.\",\"url\":\"https:\/\/shanghepanel.com\/\",\"logo\":{\"@type\":\"ImageObject\",\"inLanguage\":\"pt-BR\",\"@id\":\"https:\/\/shanghepanel.com\/#\/schema\/logo\/image\/\",\"url\":\"https:\/\/shanghepanel.com\/wp-content\/uploads\/2024\/03\/logo-1.png\",\"contentUrl\":\"https:\/\/shanghepanel.com\/wp-content\/uploads\/2024\/03\/logo-1.png\",\"width\":800,\"height\":800,\"caption\":\"Shandong ShangHe New Construction Engineering Co., ltd.\"},\"image\":{\"@id\":\"https:\/\/shanghepanel.com\/#\/schema\/logo\/image\/\"}}]}<\/script>\n<!-- \/ Yoast SEO plugin. -->","yoast_head_json":{"title":"Pain\u00e9is de Parede Sandu\u00edche de L\u00e3 de Rocha - Painel Sandu\u00edche Shang He Painel Sandu\u00edche de L\u00e3 de Rocha","description":"Painel de Parede Sandu\u00edche de L\u00e3 de Rocha oferece isolamento t\u00e9rmico superior, resist\u00eancia ao fogo e absor\u00e7\u00e3o de som, tornando-os ideais para v\u00e1rias aplica\u00e7\u00f5es de constru\u00e7\u00e3o.","robots":{"index":"index","follow":"follow","max-snippet":"max-snippet:-1","max-image-preview":"max-image-preview:large","max-video-preview":"max-video-preview:-1"},"canonical":"https:\/\/shanghepanel.com\/pt\/product\/fireproof-rock-wool-sandwich-panel\/","og_locale":"pt_BR","og_type":"article","og_title":"Rockwool Sandwich Wall Panels - Shang He Sandwich Panel Rock Wool Sandwich Panel","og_description":"Rock Wool Sandwich Wall Panel offer superior thermal insulation, fire resistance, and sound absorption, making them ideal for various building applications.","og_url":"https:\/\/shanghepanel.com\/pt\/product\/fireproof-rock-wool-sandwich-panel\/","og_site_name":"Shang He Sandwich Panel","article_modified_time":"2025-06-05T06:10:26+00:00","og_image":[{"width":800,"height":800,"url":"https:\/\/shanghepanel.com\/wp-content\/uploads\/2024\/05\/RW-bd-24.jpg","type":"image\/jpeg"}],"twitter_card":"summary_large_image","twitter_misc":{"Est. tempo de leitura":"4 minutos"},"schema":{"@context":"https:\/\/schema.org","@graph":[{"@type":"WebPage","@id":"https:\/\/shanghepanel.com\/product\/fireproof-rock-wool-sandwich-panel\/","url":"https:\/\/shanghepanel.com\/product\/fireproof-rock-wool-sandwich-panel\/","name":"Pain\u00e9is de Parede Sandu\u00edche de L\u00e3 de Rocha - Painel Sandu\u00edche Shang He Painel Sandu\u00edche de L\u00e3 de Rocha","isPartOf":{"@id":"https:\/\/shanghepanel.com\/#website"},"primaryImageOfPage":{"@id":"https:\/\/shanghepanel.com\/product\/fireproof-rock-wool-sandwich-panel\/#primaryimage"},"image":{"@id":"https:\/\/shanghepanel.com\/product\/fireproof-rock-wool-sandwich-panel\/#primaryimage"},"thumbnailUrl":"https:\/\/shanghepanel.com\/wp-content\/uploads\/2024\/05\/RW-bd-24.jpg","datePublished":"2024-05-14T07:48:39+00:00","dateModified":"2025-06-05T06:10:26+00:00","description":"Painel de Parede Sandu\u00edche de L\u00e3 de Rocha oferece isolamento t\u00e9rmico superior, resist\u00eancia ao fogo e absor\u00e7\u00e3o de som, tornando-os ideais para v\u00e1rias aplica\u00e7\u00f5es de constru\u00e7\u00e3o.","breadcrumb":{"@id":"https:\/\/shanghepanel.com\/product\/fireproof-rock-wool-sandwich-panel\/#breadcrumb"},"inLanguage":"pt-BR","potentialAction":[{"@type":"ReadAction","target":["https:\/\/shanghepanel.com\/product\/fireproof-rock-wool-sandwich-panel\/"]}]},{"@type":"ImageObject","inLanguage":"pt-BR","@id":"https:\/\/shanghepanel.com\/product\/fireproof-rock-wool-sandwich-panel\/#primaryimage","url":"https:\/\/shanghepanel.com\/wp-content\/uploads\/2024\/05\/RW-bd-24.jpg","contentUrl":"https:\/\/shanghepanel.com\/wp-content\/uploads\/2024\/05\/RW-bd-24.jpg","width":800,"height":800},{"@type":"BreadcrumbList","@id":"https:\/\/shanghepanel.com\/product\/fireproof-rock-wool-sandwich-panel\/#breadcrumb","itemListElement":[{"@type":"ListItem","position":1,"name":"\u9996\u9875","item":"https:\/\/shanghepanel.com\/en\/"},{"@type":"ListItem","position":2,"name":"\u4ea7\u54c1","item":"https:\/\/shanghepanel.com\/index.php\/shop\/"},{"@type":"ListItem","position":3,"name":"Rockwool Sandwich Wall Panels"}]},{"@type":"WebSite","@id":"https:\/\/shanghepanel.com\/#website","url":"https:\/\/shanghepanel.com\/","name":"shanghepanel.com","description":"","publisher":{"@id":"https:\/\/shanghepanel.com\/#organization"},"potentialAction":[{"@type":"SearchAction","target":{"@type":"EntryPoint","urlTemplate":"https:\/\/shanghepanel.com\/?s={search_term_string}"},"query-input":{"@type":"PropertyValueSpecification","valueRequired":true,"valueName":"search_term_string"}}],"inLanguage":"pt-BR"},{"@type":"Organization","@id":"https:\/\/shanghepanel.com\/#organization","name":"Shandong ShangHe Engenharia de Constru\u00e7\u00e3o Nova Ltda.","url":"https:\/\/shanghepanel.com\/","logo":{"@type":"ImageObject","inLanguage":"pt-BR","@id":"https:\/\/shanghepanel.com\/#\/schema\/logo\/image\/","url":"https:\/\/shanghepanel.com\/wp-content\/uploads\/2024\/03\/logo-1.png","contentUrl":"https:\/\/shanghepanel.com\/wp-content\/uploads\/2024\/03\/logo-1.png","width":800,"height":800,"caption":"Shandong ShangHe New Construction Engineering Co., ltd."},"image":{"@id":"https:\/\/shanghepanel.com\/#\/schema\/logo\/image\/"}}]}},"_links":{"self":[{"href":"https:\/\/shanghepanel.com\/pt\/wp-json\/wp\/v2\/product\/960","targetHints":{"allow":["GET"]}}],"collection":[{"href":"https:\/\/shanghepanel.com\/pt\/wp-json\/wp\/v2\/product"}],"about":[{"href":"https:\/\/shanghepanel.com\/pt\/wp-json\/wp\/v2\/types\/product"}],"replies":[{"embeddable":true,"href":"https:\/\/shanghepanel.com\/pt\/wp-json\/wp\/v2\/comments?post=960"}],"version-history":[{"count":0,"href":"https:\/\/shanghepanel.com\/pt\/wp-json\/wp\/v2\/product\/960\/revisions"}],"wp:featuredmedia":[{"embeddable":true,"href":"https:\/\/shanghepanel.com\/pt\/wp-json\/wp\/v2\/media\/961"}],"wp:attachment":[{"href":"https:\/\/shanghepanel.com\/pt\/wp-json\/wp\/v2\/media?parent=960"}],"wp:term":[{"taxonomy":"product_brand","embeddable":true,"href":"https:\/\/shanghepanel.com\/pt\/wp-json\/wp\/v2\/product_brand?post=960"},{"taxonomy":"product_cat","embeddable":true,"href":"https:\/\/shanghepanel.com\/pt\/wp-json\/wp\/v2\/product_cat?post=960"},{"taxonomy":"product_tag","embeddable":true,"href":"https:\/\/shanghepanel.com\/pt\/wp-json\/wp\/v2\/product_tag?post=960"}],"curies":[{"name":"wp","href":"https:\/\/api.w.org\/{rel}","templated":true}]}}